{"id":875,"date":"2025-10-10T10:52:23","date_gmt":"2025-10-10T08:52:23","guid":{"rendered":"https:\/\/association-enjeu.org\/site\/?page_id=875"},"modified":"2025-10-10T15:29:41","modified_gmt":"2025-10-10T13:29:41","slug":"le-camping-de-la-glissoire-2","status":"publish","type":"page","link":"https:\/\/association-enjeu.org\/site\/secteur-initiatives\/le-camping-de-la-glissoire-2\/","title":{"rendered":"Le Camping de la \u00ab Glissoire \u00bb"},"content":{"rendered":"\t\t<div data-elementor-type=\"wp-post\" data-elementor-id=\"875\" class=\"elementor elementor-875\">\n\t\t\t\t<div class=\"elementor-element elementor-element-c878d34 e-flex e-con-boxed e-con e-parent\" data-id=\"c878d34\" data-element_type=\"container\">\n\t\t\t\t\t<div class=\"e-con-inner\">\n\t\t\t\t<div class=\"elementor-element elementor-element-bfcc8a8 elementor-widget elementor-widget-heading\" data-id=\"bfcc8a8\" data-element_type=\"widget\" data-widget_type=\"heading.default\">\n\t\t\t\t\t<h2 class=\"elementor-heading-title elementor-size-default\">Le Camping de la \u00ab Glissoire \u00bb<\/h2>\t\t\t\t<\/div>\n\t\t\t\t\t<\/div>\n\t\t\t\t<\/div>\n\t\t<div class=\"elementor-element elementor-element-30b9b55 e-flex e-con-boxed e-con e-parent\" data-id=\"30b9b55\" data-element_type=\"container\">\n\t\t\t\t\t<div class=\"e-con-inner\">\n\t\t\t\t<div class=\"elementor-element elementor-element-6e2700f elementor-widget elementor-widget-heading\" data-id=\"6e2700f\" data-element_type=\"widget\" data-widget_type=\"heading.default\">\n\t\t\t\t\t<h2 class=\"elementor-heading-title elementor-size-default\">Sp\u00e9cialement con\u00e7u pour les ACM<\/h2>\t\t\t\t<\/div>\n\t\t\t\t\t<\/div>\n\t\t\t\t<\/div>\n\t\t<div class=\"elementor-element elementor-element-db3894f e-flex e-con-boxed e-con e-parent\" data-id=\"db3894f\" data-element_type=\"container\">\n\t\t\t\t\t<div class=\"e-con-inner\">\n\t\t<div class=\"elementor-element elementor-element-e557804 e-con-full e-flex e-con e-child\" data-id=\"e557804\" data-element_type=\"container\">\n\t\t\t\t<div class=\"elementor-element elementor-element-ea21ad1 elementor-widget elementor-widget-image\" data-id=\"ea21ad1\" data-element_type=\"widget\" data-widget_type=\"image.default\">\n\t\t\t\t\t\t\t\t\t\t\t\t\t\t\t<img fetchpriority=\"high\" decoding=\"async\" width=\"800\" height=\"600\" src=\"https:\/\/association-enjeu.org\/site\/wp-content\/uploads\/2025\/01\/B9731576686Z.1_20220721114519_000GEVKUGKUL.1-0-1.jpg\" class=\"attachment-large size-large wp-image-184\" alt=\"\" srcset=\"https:\/\/association-enjeu.org\/site\/wp-content\/uploads\/2025\/01\/B9731576686Z.1_20220721114519_000GEVKUGKUL.1-0-1.jpg 800w, https:\/\/association-enjeu.org\/site\/wp-content\/uploads\/2025\/01\/B9731576686Z.1_20220721114519_000GEVKUGKUL.1-0-1-300x225.jpg 300w, https:\/\/association-enjeu.org\/site\/wp-content\/uploads\/2025\/01\/B9731576686Z.1_20220721114519_000GEVKUGKUL.1-0-1-768x576.jpg 768w\" sizes=\"(max-width: 800px) 100vw, 800px\" \/>\t\t\t\t\t\t\t\t\t\t\t\t\t\t\t<\/div>\n\t\t\t\t<\/div>\n\t\t<div class=\"elementor-element elementor-element-6cdf65e e-con-full e-flex e-con e-child\" data-id=\"6cdf65e\" data-element_type=\"container\">\n\t\t\t\t<div class=\"elementor-element elementor-element-454b42a elementor-widget elementor-widget-text-editor\" data-id=\"454b42a\" data-element_type=\"widget\" data-widget_type=\"text-editor.default\">\n\t\t\t\t\t\t\t\t\t<p>Vous recherchez un camping pouvant accueillir un groupe d\u2019enfants ou d\u2019adolescents tout en leur faisant d\u00e9couvrir une activit\u00e9 originale dans le Nord-Pas-de-Calais ?<\/p><p>A deux pas du centre d\u2019Avion, le parc de loisirs de la Glissoire est un exemple de la reconqu\u00eate mini\u00e8re. Am\u00e9nag\u00e9 sur le site de l\u2019ancienne fosse 5 sur pr\u00e8s de 60 hectares, il est un lieu privil\u00e9gi\u00e9 de d\u00e9tente, de promenades et de loisirs.<\/p><p>Le parc de la Glissoire, un \u00e9crin de verdure est le point de d\u00e9part de nombreuses randonn\u00e9es et dispose de 6 lacs de p\u00eache couvrant 12 hectares, de nombreuses activit\u00e9s de plein air dont sa fameuse plage am\u00e9nag\u00e9e\u2026<\/p><div id=\"sconnect-is-installed\" style=\"display: none;\">2.15.1.0<\/div><div id=\"sconnect-is-installed\" style=\"display: none;\">2.15.1.0<\/div><div id=\"sconnect-is-installed\" style=\"display: none;\">2.15.1.0<\/div><div id=\"sconnect-is-installed\" style=\"display: none;\">2.15.1.0<\/div><div id=\"sconnect-is-installed\" style=\"display: none;\">2.15.1.0<\/div>\t\t\t\t\t\t\t\t<\/div>\n\t\t<div class=\"elementor-element elementor-element-e622cce e-con-full e-flex e-con e-child\" data-id=\"e622cce\" data-element_type=\"container\">\n\t\t\t\t<\/div>\n\t\t\t\t<\/div>\n\t\t\t\t\t<\/div>\n\t\t\t\t<\/div>\n\t\t<div class=\"elementor-element elementor-element-36e872c e-flex e-con-boxed e-con e-parent\" data-id=\"36e872c\" data-element_type=\"container\">\n\t\t\t\t\t<div class=\"e-con-inner\">\n\t\t\t\t<div class=\"elementor-element elementor-element-9a383eb elementor-widget elementor-widget-heading\" data-id=\"9a383eb\" data-element_type=\"widget\" data-widget_type=\"heading.default\">\n\t\t\t\t\t<h2 class=\"elementor-heading-title elementor-size-default\">UN ACCUEIL POUR LES GROUPES ALSH \/ CAJ<\/h2>\t\t\t\t<\/div>\n\t\t\t\t\t<\/div>\n\t\t\t\t<\/div>\n\t\t<div class=\"elementor-element elementor-element-609ff51 e-flex e-con-boxed e-con e-parent\" data-id=\"609ff51\" data-element_type=\"container\">\n\t\t\t\t\t<div class=\"e-con-inner\">\n\t\t<div class=\"elementor-element elementor-element-365e14d e-con-full e-flex e-con e-child\" data-id=\"365e14d\" data-element_type=\"container\">\n\t\t\t\t<div class=\"elementor-element elementor-element-ca5581c elementor-widget elementor-widget-image\" data-id=\"ca5581c\" data-element_type=\"widget\" data-widget_type=\"image.default\">\n\t\t\t\t\t\t\t\t\t\t\t\t\t\t\t<img decoding=\"async\" width=\"428\" height=\"240\" src=\"https:\/\/association-enjeu.org\/site\/wp-content\/uploads\/2025\/01\/plage-de-la-glissoire-6-1.jpg\" class=\"attachment-large size-large wp-image-204\" alt=\"\" srcset=\"https:\/\/association-enjeu.org\/site\/wp-content\/uploads\/2025\/01\/plage-de-la-glissoire-6-1.jpg 428w, https:\/\/association-enjeu.org\/site\/wp-content\/uploads\/2025\/01\/plage-de-la-glissoire-6-1-300x168.jpg 300w\" sizes=\"(max-width: 428px) 100vw, 428px\" \/>\t\t\t\t\t\t\t\t\t\t\t\t\t\t\t<\/div>\n\t\t\t\t<\/div>\n\t\t<div class=\"elementor-element elementor-element-666eedd e-con-full e-flex e-con e-child\" data-id=\"666eedd\" data-element_type=\"container\">\n\t\t\t\t<div class=\"elementor-element elementor-element-62d2b54 elementor-widget elementor-widget-image\" data-id=\"62d2b54\" data-element_type=\"widget\" data-widget_type=\"image.default\">\n\t\t\t\t\t\t\t\t\t\t\t\t\t\t\t<img decoding=\"async\" width=\"800\" height=\"449\" src=\"https:\/\/association-enjeu.org\/site\/wp-content\/uploads\/2025\/01\/plage-de-la-glissoire-4_0-1.jpg\" class=\"attachment-large size-large wp-image-203\" alt=\"\" srcset=\"https:\/\/association-enjeu.org\/site\/wp-content\/uploads\/2025\/01\/plage-de-la-glissoire-4_0-1.jpg 800w, https:\/\/association-enjeu.org\/site\/wp-content\/uploads\/2025\/01\/plage-de-la-glissoire-4_0-1-300x168.jpg 300w, https:\/\/association-enjeu.org\/site\/wp-content\/uploads\/2025\/01\/plage-de-la-glissoire-4_0-1-768x431.jpg 768w\" sizes=\"(max-width: 800px) 100vw, 800px\" \/>\t\t\t\t\t\t\t\t\t\t\t\t\t\t\t<\/div>\n\t\t\t\t<\/div>\n\t\t<div class=\"elementor-element elementor-element-fe85a79 e-con-full e-flex e-con e-child\" data-id=\"fe85a79\" data-element_type=\"container\">\n\t\t\t\t<div class=\"elementor-element elementor-element-b0822b8 elementor-widget elementor-widget-image\" data-id=\"b0822b8\" data-element_type=\"widget\" data-widget_type=\"image.default\">\n\t\t\t\t\t\t\t\t\t\t\t\t\t\t\t<img loading=\"lazy\" decoding=\"async\" width=\"1024\" height=\"683\" src=\"https:\/\/association-enjeu.org\/site\/wp-content\/uploads\/2025\/01\/IMG_7405-1-1024x683.jpg\" class=\"attachment-large size-large wp-image-201\" alt=\"\" srcset=\"https:\/\/association-enjeu.org\/site\/wp-content\/uploads\/2025\/01\/IMG_7405-1-1024x683.jpg 1024w, https:\/\/association-enjeu.org\/site\/wp-content\/uploads\/2025\/01\/IMG_7405-1-300x200.jpg 300w, https:\/\/association-enjeu.org\/site\/wp-content\/uploads\/2025\/01\/IMG_7405-1-768x512.jpg 768w, https:\/\/association-enjeu.org\/site\/wp-content\/uploads\/2025\/01\/IMG_7405-1-1536x1024.jpg 1536w, https:\/\/association-enjeu.org\/site\/wp-content\/uploads\/2025\/01\/IMG_7405-1-2048x1365.jpg 2048w\" sizes=\"(max-width: 1024px) 100vw, 1024px\" \/>\t\t\t\t\t\t\t\t\t\t\t\t\t\t\t<\/div>\n\t\t\t\t<\/div>\n\t\t<div class=\"elementor-element elementor-element-4df061b e-con-full e-flex e-con e-child\" data-id=\"4df061b\" data-element_type=\"container\">\n\t\t\t\t<div class=\"elementor-element elementor-element-75eed42 elementor-widget elementor-widget-image\" data-id=\"75eed42\" data-element_type=\"widget\" data-widget_type=\"image.default\">\n\t\t\t\t\t\t\t\t\t\t\t\t\t\t\t<img loading=\"lazy\" decoding=\"async\" width=\"640\" height=\"427\" src=\"https:\/\/association-enjeu.org\/site\/wp-content\/uploads\/2025\/01\/1-1.jpg\" class=\"attachment-large size-large wp-image-174\" alt=\"\" srcset=\"https:\/\/association-enjeu.org\/site\/wp-content\/uploads\/2025\/01\/1-1.jpg 640w, https:\/\/association-enjeu.org\/site\/wp-content\/uploads\/2025\/01\/1-1-300x200.jpg 300w\" sizes=\"(max-width: 640px) 100vw, 640px\" \/>\t\t\t\t\t\t\t\t\t\t\t\t\t\t\t<\/div>\n\t\t\t\t<\/div>\n\t\t\t\t\t<\/div>\n\t\t\t\t<\/div>\n\t\t<div class=\"elementor-element elementor-element-148fbb5 e-flex e-con-boxed e-con e-parent\" data-id=\"148fbb5\" data-element_type=\"container\">\n\t\t\t\t\t<div class=\"e-con-inner\">\n\t\t\t\t<div class=\"elementor-element elementor-element-7e685b3 elementor-widget elementor-widget-text-editor\" data-id=\"7e685b3\" data-element_type=\"widget\" data-widget_type=\"text-editor.default\">\n\t\t\t\t\t\t\t\t\t<p>Nous vous accueillons sur notre site : un camping r\u00e9serv\u00e9 aux centres de loisirs, enti\u00e8rement clos et dans un bel espace de verdure,<br \/>notre base camping dispose d\u2019infrastructures de qualit\u00e9s :<\/p><p>un bloc sanitaire<br \/>un espace vaisselle<br \/>un chapiteau<\/p><p>Vous trouverez aussi, \u00e0 quelques centaines de m\u00e8tres du camping, une boulangerie,<br \/>un supermarch\u00e9 et bien d\u2019autres magasin, m\u00e9decins pharmacie\u2026<\/p><div id=\"sconnect-is-installed\" style=\"display: none;\">2.15.1.0<\/div><div id=\"sconnect-is-installed\" style=\"display: none;\">2.15.1.0<\/div>\t\t\t\t\t\t\t\t<\/div>\n\t\t\t\t\t<\/div>\n\t\t\t\t<\/div>\n\t\t<div class=\"elementor-element elementor-element-bd40b0d e-flex e-con-boxed e-con e-parent\" data-id=\"bd40b0d\" data-element_type=\"container\">\n\t\t\t\t\t<div class=\"e-con-inner\">\n\t\t<div class=\"elementor-element elementor-element-89d2795 e-con-full e-flex e-con e-child\" data-id=\"89d2795\" data-element_type=\"container\">\n\t\t\t\t<div class=\"elementor-element elementor-element-5a99b2c elementor-widget elementor-widget-image\" data-id=\"5a99b2c\" data-element_type=\"widget\" data-widget_type=\"image.default\">\n\t\t\t\t\t\t\t\t\t\t\t\t\t\t\t<img loading=\"lazy\" decoding=\"async\" width=\"640\" height=\"427\" src=\"https:\/\/association-enjeu.org\/site\/wp-content\/uploads\/2025\/01\/9-1.jpg\" class=\"attachment-large size-large wp-image-181\" alt=\"\" srcset=\"https:\/\/association-enjeu.org\/site\/wp-content\/uploads\/2025\/01\/9-1.jpg 640w, https:\/\/association-enjeu.org\/site\/wp-content\/uploads\/2025\/01\/9-1-300x200.jpg 300w\" sizes=\"(max-width: 640px) 100vw, 640px\" \/>\t\t\t\t\t\t\t\t\t\t\t\t\t\t\t<\/div>\n\t\t\t\t<\/div>\n\t\t<div class=\"elementor-element elementor-element-20b773c e-con-full e-flex e-con e-child\" data-id=\"20b773c\" data-element_type=\"container\">\n\t\t\t\t<div class=\"elementor-element elementor-element-29a5d1f elementor-widget elementor-widget-image\" data-id=\"29a5d1f\" data-element_type=\"widget\" data-widget_type=\"image.default\">\n\t\t\t\t\t\t\t\t\t\t\t\t\t\t\t<img loading=\"lazy\" decoding=\"async\" width=\"1024\" height=\"683\" src=\"https:\/\/association-enjeu.org\/site\/wp-content\/uploads\/2025\/01\/Avion-glissoires-1.jpg\" class=\"attachment-large size-large wp-image-182\" alt=\"\" srcset=\"https:\/\/association-enjeu.org\/site\/wp-content\/uploads\/2025\/01\/Avion-glissoires-1.jpg 1024w, https:\/\/association-enjeu.org\/site\/wp-content\/uploads\/2025\/01\/Avion-glissoires-1-300x200.jpg 300w, https:\/\/association-enjeu.org\/site\/wp-content\/uploads\/2025\/01\/Avion-glissoires-1-768x512.jpg 768w\" sizes=\"(max-width: 1024px) 100vw, 1024px\" \/>\t\t\t\t\t\t\t\t\t\t\t\t\t\t\t<\/div>\n\t\t\t\t<\/div>\n\t\t<div class=\"elementor-element elementor-element-dd40f97 e-con-full e-flex e-con e-child\" data-id=\"dd40f97\" data-element_type=\"container\">\n\t\t\t\t<div class=\"elementor-element elementor-element-b6aecdc elementor-widget elementor-widget-image\" data-id=\"b6aecdc\" data-element_type=\"widget\" data-widget_type=\"image.default\">\n\t\t\t\t\t\t\t\t\t\t\t\t\t\t\t<img loading=\"lazy\" decoding=\"async\" width=\"1024\" height=\"768\" src=\"https:\/\/association-enjeu.org\/site\/wp-content\/uploads\/2025\/01\/IMG_2528-1-1024x768.jpeg\" class=\"attachment-large size-large wp-image-199\" alt=\"\" srcset=\"https:\/\/association-enjeu.org\/site\/wp-content\/uploads\/2025\/01\/IMG_2528-1-1024x768.jpeg 1024w, https:\/\/association-enjeu.org\/site\/wp-content\/uploads\/2025\/01\/IMG_2528-1-300x225.jpeg 300w, https:\/\/association-enjeu.org\/site\/wp-content\/uploads\/2025\/01\/IMG_2528-1-768x576.jpeg 768w, https:\/\/association-enjeu.org\/site\/wp-content\/uploads\/2025\/01\/IMG_2528-1-1536x1152.jpeg 1536w, https:\/\/association-enjeu.org\/site\/wp-content\/uploads\/2025\/01\/IMG_2528-1-2048x1536.jpeg 2048w\" sizes=\"(max-width: 1024px) 100vw, 1024px\" \/>\t\t\t\t\t\t\t\t\t\t\t\t\t\t\t<\/div>\n\t\t\t\t<\/div>\n\t\t<div class=\"elementor-element elementor-element-96e2165 e-con-full e-flex e-con e-child\" data-id=\"96e2165\" data-element_type=\"container\">\n\t\t\t\t<div class=\"elementor-element elementor-element-a9a4fdf elementor-widget elementor-widget-image\" data-id=\"a9a4fdf\" data-element_type=\"widget\" data-widget_type=\"image.default\">\n\t\t\t\t\t\t\t\t\t\t\t\t\t\t\t<img loading=\"lazy\" decoding=\"async\" width=\"864\" height=\"486\" src=\"https:\/\/association-enjeu.org\/site\/wp-content\/uploads\/2025\/01\/B9731576686Z.1_20220721114519_000GEVKUGKUQ.1-0-1.jpg\" class=\"attachment-large size-large wp-image-186\" alt=\"\" srcset=\"https:\/\/association-enjeu.org\/site\/wp-content\/uploads\/2025\/01\/B9731576686Z.1_20220721114519_000GEVKUGKUQ.1-0-1.jpg 864w, https:\/\/association-enjeu.org\/site\/wp-content\/uploads\/2025\/01\/B9731576686Z.1_20220721114519_000GEVKUGKUQ.1-0-1-300x169.jpg 300w, https:\/\/association-enjeu.org\/site\/wp-content\/uploads\/2025\/01\/B9731576686Z.1_20220721114519_000GEVKUGKUQ.1-0-1-768x432.jpg 768w\" sizes=\"(max-width: 864px) 100vw, 864px\" \/>\t\t\t\t\t\t\t\t\t\t\t\t\t\t\t<\/div>\n\t\t\t\t<\/div>\n\t\t\t\t\t<\/div>\n\t\t\t\t<\/div>\n\t\t<div class=\"elementor-element elementor-element-0e6317a e-flex e-con-boxed e-con e-parent\" data-id=\"0e6317a\" data-element_type=\"container\">\n\t\t\t\t\t<div class=\"e-con-inner\">\n\t\t\t\t<div class=\"elementor-element elementor-element-1fc569e elementor-widget elementor-widget-heading\" data-id=\"1fc569e\" data-element_type=\"widget\" data-widget_type=\"heading.default\">\n\t\t\t\t\t<h2 class=\"elementor-heading-title elementor-size-default\">LES ACTIVIT\u00c9S POSSIBLES\u2026<\/h2>\t\t\t\t<\/div>\n\t\t\t\t\t<\/div>\n\t\t\t\t<\/div>\n\t\t<div class=\"elementor-element elementor-element-bbb9713 e-flex e-con-boxed e-con e-parent\" data-id=\"bbb9713\" data-element_type=\"container\">\n\t\t\t\t\t<div class=\"e-con-inner\">\n\t\t\t\t<div class=\"elementor-element elementor-element-ff72cca elementor-widget elementor-widget-text-editor\" data-id=\"ff72cca\" data-element_type=\"widget\" data-widget_type=\"text-editor.default\">\n\t\t\t\t\t\t\t\t\t<p>Sur place ou \u00e0 proximit\u00e9 un panel d\u2019activit\u00e9s permettant aux enfants<br \/>de vivre des moments de d\u00e9couvertes \u00e9ducatives, culturelles, sportives\u2026<\/p><div id=\"sconnect-is-installed\" style=\"display: none;\">2.15.1.0<\/div>\t\t\t\t\t\t\t\t<\/div>\n\t\t\t\t<div class=\"elementor-element elementor-element-8e0f267 elementor-widget elementor-widget-heading\" data-id=\"8e0f267\" data-element_type=\"widget\" data-widget_type=\"heading.default\">\n\t\t\t\t\t<h2 class=\"elementor-heading-title elementor-size-default\">LES ANIMATIONS GRATUITES PROPOS\u00c9ES SUR PLACE :<\/h2>\t\t\t\t<\/div>\n\t\t\t\t\t<\/div>\n\t\t\t\t<\/div>\n\t\t<div class=\"elementor-element elementor-element-dfac84a e-flex e-con-boxed e-con e-parent\" data-id=\"dfac84a\" data-element_type=\"container\">\n\t\t\t\t\t<div class=\"e-con-inner\">\n\t\t\t\t<div class=\"elementor-element elementor-element-4966a84 elementor-widget elementor-widget-text-editor\" data-id=\"4966a84\" data-element_type=\"widget\" data-widget_type=\"text-editor.default\">\n\t\t\t\t\t\t\t\t\t<p>Une baignade am\u00e9nag\u00e9e et surveill\u00e9e disposant d\u2019un grand bain et d\u2019un petit bain et<br \/>d\u2019une eau de baignade d\u2019excellente qualit\u00e9 et d\u2019un toboggan gonflable<br \/>de 27 m\u00e8tres avec r\u00e9ception dans l\u2019eau : sensations garanties !<br \/>(Acc\u00e8s possible sous certaines conditions).<\/p><p>Jeu de piste<br \/>Parcours sant\u00e9<br \/>V\u00e9lo route\u2026<\/p><div id=\"sconnect-is-installed\" style=\"display: none;\">2.15.1.0<\/div>\t\t\t\t\t\t\t\t<\/div>\n\t\t\t\t<div class=\"elementor-element elementor-element-a82255c elementor-widget elementor-widget-heading\" data-id=\"a82255c\" data-element_type=\"widget\" data-widget_type=\"heading.default\">\n\t\t\t\t\t<h2 class=\"elementor-heading-title elementor-size-default\">LES ANIMATIONS PAYANTES SOUS R\u00c9SERVATIONS :<\/h2>\t\t\t\t<\/div>\n\t\t\t\t\t<\/div>\n\t\t\t\t<\/div>\n\t\t<div class=\"elementor-element elementor-element-d203c5b e-flex e-con-boxed e-con e-parent\" data-id=\"d203c5b\" data-element_type=\"container\">\n\t\t\t\t\t<div class=\"e-con-inner\">\n\t\t\t\t<div class=\"elementor-element elementor-element-0032ee2 elementor-widget elementor-widget-text-editor\" data-id=\"0032ee2\" data-element_type=\"widget\" data-widget_type=\"text-editor.default\">\n\t\t\t\t\t\t\t\t\t<p>Des activit\u00e9s nautiques : encadr\u00e9es par le Cano\u00eb kayak club de la glissoire<br \/>cano\u00eb-kayak, paddle et p\u00e9dalo\u2026<\/p><p><br \/>Ch\u2019ti parc<br \/>Visite guid\u00e9e des terrils<br \/>Visite guid\u00e9e du Louvre Lens : possibilit\u00e9s de r\u00e9server des ateliers pratiques<br \/>Cin\u00e9ma municipal d\u2019Avion<\/p><div id=\"sconnect-is-installed\" style=\"display: none;\">2.15.1.0<\/div>\t\t\t\t\t\t\t\t<\/div>\n\t\t\t\t<div class=\"elementor-element elementor-element-f923eff elementor-widget elementor-widget-heading\" data-id=\"f923eff\" data-element_type=\"widget\" data-widget_type=\"heading.default\">\n\t\t\t\t\t<h2 class=\"elementor-heading-title elementor-size-default\">TARIF CAMPING<\/h2>\t\t\t\t<\/div>\n\t\t\t\t\t<\/div>\n\t\t\t\t<\/div>\n\t\t<div class=\"elementor-element elementor-element-772a959 e-flex e-con-boxed e-con e-parent\" data-id=\"772a959\" data-element_type=\"container\">\n\t\t\t\t\t<div class=\"e-con-inner\">\n\t\t\t\t<div class=\"elementor-element elementor-element-6ef228b elementor-widget elementor-widget-text-editor\" data-id=\"6ef228b\" data-element_type=\"widget\" data-widget_type=\"text-editor.default\">\n\t\t\t\t\t\t\t\t\t<p>Quelle que soit la dur\u00e9e de votre s\u00e9jour le tarif est de 9.00 \u20ac la nuit par enfant<br \/>La gratuit\u00e9 est mise en place pour les animateurs. <br \/>Vous disposerez d\u2019un branchement \u00e9lectrique pour l\u2019installation de votre camp<\/p><p>N\u2019h\u00e9sitez pas \u00e0 nous contacter pour tous devis<br \/>et \u00e0 r\u00e9server votre s\u00e9jour \u2026<\/p><div id=\"sconnect-is-installed\" style=\"display: none;\">2.15.1.0<\/div>\t\t\t\t\t\t\t\t<\/div>\n\t\t\t\t\t<\/div>\n\t\t\t\t<\/div>\n\t\t<div class=\"elementor-element elementor-element-316ba6d e-flex e-con-boxed e-con e-parent\" data-id=\"316ba6d\" data-element_type=\"container\">\n\t\t\t\t\t<div class=\"e-con-inner\">\n\t\t\t\t<div class=\"elementor-element elementor-element-c7455fd elementor-widget elementor-widget-heading\" data-id=\"c7455fd\" data-element_type=\"widget\" data-widget_type=\"heading.default\">\n\t\t\t\t\t<h2 class=\"elementor-heading-title elementor-size-default\">Les places sont limit\u00e9es\u2026\n<\/h2>\t\t\t\t<\/div>\n\t\t\t\t\t<\/div>\n\t\t\t\t<\/div>\n\t\t<div class=\"elementor-element elementor-element-978c39d e-flex e-con-boxed e-con e-parent\" data-id=\"978c39d\" data-element_type=\"container\">\n\t\t\t\t\t<div class=\"e-con-inner\">\n\t\t<div class=\"elementor-element elementor-element-b4de1e3 e-con-full e-flex e-con e-child\" data-id=\"b4de1e3\" data-element_type=\"container\">\n\t\t<div class=\"elementor-element elementor-element-87a7679 e-con-full e-flex e-con e-child\" data-id=\"87a7679\" data-element_type=\"container\">\n\t\t\t\t<div class=\"elementor-element elementor-element-b4f85f4 elementor-widget elementor-widget-image\" data-id=\"b4f85f4\" data-element_type=\"widget\" data-widget_type=\"image.default\">\n\t\t\t\t\t\t\t\t\t\t\t\t\t\t\t<img loading=\"lazy\" decoding=\"async\" width=\"989\" height=\"727\" src=\"https:\/\/association-enjeu.org\/site\/wp-content\/uploads\/2025\/10\/Capture-decran-2025-10-10-114224.png\" class=\"attachment-large size-large wp-image-982\" alt=\"\" srcset=\"https:\/\/association-enjeu.org\/site\/wp-content\/uploads\/2025\/10\/Capture-decran-2025-10-10-114224.png 989w, https:\/\/association-enjeu.org\/site\/wp-content\/uploads\/2025\/10\/Capture-decran-2025-10-10-114224-300x221.png 300w, https:\/\/association-enjeu.org\/site\/wp-content\/uploads\/2025\/10\/Capture-decran-2025-10-10-114224-768x565.png 768w\" sizes=\"(max-width: 989px) 100vw, 989px\" \/>\t\t\t\t\t\t\t\t\t\t\t\t\t\t\t<\/div>\n\t\t\t\t<div class=\"elementor-element elementor-element-fc2964b elementor-widget elementor-widget-heading\" data-id=\"fc2964b\" data-element_type=\"widget\" data-widget_type=\"heading.default\">\n\t\t\t\t\t<h2 class=\"elementor-heading-title elementor-size-default\">Fiche de r\u00e9servation<\/h2>\t\t\t\t<\/div>\n\t\t\t\t<div class=\"elementor-element elementor-element-0813b5c elementor-align-center elementor-widget elementor-widget-button\" data-id=\"0813b5c\" data-element_type=\"widget\" data-widget_type=\"button.default\">\n\t\t\t\t\t\t\t\t\t\t<a class=\"elementor-button elementor-button-link elementor-size-sm\" href=\"https:\/\/association-enjeu.org\/site\/wp-content\/uploads\/2025\/10\/Fiche-de-reservation-2025.pdf\">\n\t\t\t\t\t\t<span class=\"elementor-button-content-wrapper\">\n\t\t\t\t\t\t\t\t\t<span class=\"elementor-button-text\">Cliquez ici<\/span>\n\t\t\t\t\t<\/span>\n\t\t\t\t\t<\/a>\n\t\t\t\t\t\t\t\t<\/div>\n\t\t\t\t<\/div>\n\t\t<div class=\"elementor-element elementor-element-4438962 e-con-full e-flex e-con e-child\" data-id=\"4438962\" data-element_type=\"container\">\n\t\t\t\t<div class=\"elementor-element elementor-element-d05990b elementor-widget elementor-widget-image\" data-id=\"d05990b\" data-element_type=\"widget\" data-widget_type=\"image.default\">\n\t\t\t\t\t\t\t\t\t\t\t\t\t\t\t<img loading=\"lazy\" decoding=\"async\" width=\"631\" height=\"537\" src=\"https:\/\/association-enjeu.org\/site\/wp-content\/uploads\/2025\/10\/Capture-decran-2025-10-10-114648.png\" class=\"attachment-large size-large wp-image-987\" alt=\"\" srcset=\"https:\/\/association-enjeu.org\/site\/wp-content\/uploads\/2025\/10\/Capture-decran-2025-10-10-114648.png 631w, https:\/\/association-enjeu.org\/site\/wp-content\/uploads\/2025\/10\/Capture-decran-2025-10-10-114648-300x255.png 300w\" sizes=\"(max-width: 631px) 100vw, 631px\" \/>\t\t\t\t\t\t\t\t\t\t\t\t\t\t\t<\/div>\n\t\t\t\t<div class=\"elementor-element elementor-element-ba97f2c elementor-widget elementor-widget-heading\" data-id=\"ba97f2c\" data-element_type=\"widget\" data-widget_type=\"heading.default\">\n\t\t\t\t\t<h2 class=\"elementor-heading-title elementor-size-default\">Plaquette camping 2025<\/h2>\t\t\t\t<\/div>\n\t\t\t\t<div class=\"elementor-element elementor-element-eb41cdf elementor-align-center elementor-widget elementor-widget-button\" data-id=\"eb41cdf\" data-element_type=\"widget\" data-widget_type=\"button.default\">\n\t\t\t\t\t\t\t\t\t\t<a class=\"elementor-button elementor-button-link elementor-size-sm\" href=\"https:\/\/association-enjeu.org\/site\/wp-content\/uploads\/2025\/10\/plaquette-camping-avion-2025-1.pdf\">\n\t\t\t\t\t\t<span class=\"elementor-button-content-wrapper\">\n\t\t\t\t\t\t\t\t\t<span class=\"elementor-button-text\">Cliquez ici<\/span>\n\t\t\t\t\t<\/span>\n\t\t\t\t\t<\/a>\n\t\t\t\t\t\t\t\t<\/div>\n\t\t\t\t<\/div>\n\t\t\t\t<\/div>\n\t\t\t\t\t<\/div>\n\t\t\t\t<\/div>\n\t\t\t\t<\/div>\n\t\t","protected":false},"excerpt":{"rendered":"<p>Le Camping de la \u00ab Glissoire \u00bb Sp\u00e9cialement con\u00e7u pour les ACM Vous recherchez un camping pouvant accueillir un groupe d\u2019enfants ou d\u2019adolescents tout en leur faisant d\u00e9couvrir une activit\u00e9 originale dans le Nord-Pas-de-Calais ? A deux pas du centre d\u2019Avion, le parc de loisirs de la Glissoire est un exemple de la reconqu\u00eate mini\u00e8re. [&hellip;]<\/p>\n","protected":false},"author":2,"featured_media":0,"parent":287,"menu_order":0,"comment_status":"closed","ping_status":"closed","template":"","meta":{"footnotes":""},"class_list":["post-875","page","type-page","status-publish","hentry","entry"],"_links":{"self":[{"href":"https:\/\/association-enjeu.org\/site\/wp-json\/wp\/v2\/pages\/875","targetHints":{"allow":["GET"]}}],"collection":[{"href":"https:\/\/association-enjeu.org\/site\/wp-json\/wp\/v2\/pages"}],"about":[{"href":"https:\/\/association-enjeu.org\/site\/wp-json\/wp\/v2\/types\/page"}],"author":[{"embeddable":true,"href":"https:\/\/association-enjeu.org\/site\/wp-json\/wp\/v2\/users\/2"}],"replies":[{"embeddable":true,"href":"https:\/\/association-enjeu.org\/site\/wp-json\/wp\/v2\/comments?post=875"}],"version-history":[{"count":33,"href":"https:\/\/association-enjeu.org\/site\/wp-json\/wp\/v2\/pages\/875\/revisions"}],"predecessor-version":[{"id":1089,"href":"https:\/\/association-enjeu.org\/site\/wp-json\/wp\/v2\/pages\/875\/revisions\/1089"}],"up":[{"embeddable":true,"href":"https:\/\/association-enjeu.org\/site\/wp-json\/wp\/v2\/pages\/287"}],"wp:attachment":[{"href":"https:\/\/association-enjeu.org\/site\/wp-json\/wp\/v2\/media?parent=875"}],"curies":[{"name":"wp","href":"https:\/\/api.w.org\/{rel}","templated":true}]}}