{"id":870,"date":"2025-10-10T09:49:49","date_gmt":"2025-10-10T07:49:49","guid":{"rendered":"https:\/\/association-enjeu.org\/site\/?page_id=870"},"modified":"2025-10-10T14:37:07","modified_gmt":"2025-10-10T12:37:07","slug":"village-itinerant-des-droits-de-lenfant","status":"publish","type":"page","link":"https:\/\/association-enjeu.org\/site\/secteur-initiatives\/village-itinerant-des-droits-de-lenfant\/","title":{"rendered":"Village itin\u00e9rant des droits de l\u2019enfant"},"content":{"rendered":"\t\t<div data-elementor-type=\"wp-page\" data-elementor-id=\"870\" class=\"elementor elementor-870\">\n\t\t\t\t<div class=\"elementor-element elementor-element-1d04637 e-flex e-con-boxed e-con e-parent\" data-id=\"1d04637\" data-element_type=\"container\" data-settings=\"{&quot;background_background&quot;:&quot;classic&quot;}\">\n\t\t\t\t\t<div class=\"e-con-inner\">\n\t\t\t\t<div class=\"elementor-element elementor-element-49f33a7 elementor-widget elementor-widget-heading\" data-id=\"49f33a7\" data-element_type=\"widget\" data-widget_type=\"heading.default\">\n\t\t\t\t\t<h1 class=\"elementor-heading-title elementor-size-default\">Village itin\u00e9rant des droits de l\u2019enfant<\/h1>\t\t\t\t<\/div>\n\t\t\t\t\t<\/div>\n\t\t\t\t<\/div>\n\t\t<div class=\"elementor-element elementor-element-108cb7b e-flex e-con-boxed e-con e-parent\" data-id=\"108cb7b\" data-element_type=\"container\">\n\t\t\t\t\t<div class=\"e-con-inner\">\n\t\t\t\t<div class=\"elementor-element elementor-element-38826e4 elementor-widget elementor-widget-heading\" data-id=\"38826e4\" data-element_type=\"widget\" data-widget_type=\"heading.default\">\n\t\t\t\t\t<h2 class=\"elementor-heading-title elementor-size-default\">Description :<\/h2>\t\t\t\t<\/div>\n\t\t\t\t<div class=\"elementor-element elementor-element-30f90fc elementor-widget elementor-widget-text-editor\" data-id=\"30f90fc\" data-element_type=\"widget\" data-widget_type=\"text-editor.default\">\n\t\t\t\t\t\t\t\t\t<p>Le village itin\u00e9rant des droits de l\u2019enfant est une initiative construite en partenariat avec de multiples partenaires.<br \/>Son but est de promouvoir la convention des droits de l\u2019enfant et de rassembler les enfants, les adultes autour d\u2019une trentaine d\u2019ateliers \u00e9ducatifs et p\u00e9dagogiques sur diff\u00e9rentes th\u00e9matiques, construits par les diff\u00e9rents partenaires de l\u2019initiative.<\/p>\t\t\t\t\t\t\t\t<\/div>\n\t\t\t\t\t<\/div>\n\t\t\t\t<\/div>\n\t\t<div class=\"elementor-element elementor-element-abbb7bf e-flex e-con-boxed e-con e-parent\" data-id=\"abbb7bf\" data-element_type=\"container\">\n\t\t\t\t\t<div class=\"e-con-inner\">\n\t\t<div class=\"elementor-element elementor-element-2f80222 e-con-full e-flex e-con e-child\" data-id=\"2f80222\" data-element_type=\"container\">\n\t\t\t\t<div class=\"elementor-element elementor-element-81f5bd0 elementor-widget elementor-widget-image\" data-id=\"81f5bd0\" data-element_type=\"widget\" data-widget_type=\"image.default\">\n\t\t\t\t\t\t\t\t\t\t\t\t\t\t\t<img fetchpriority=\"high\" decoding=\"async\" width=\"1000\" height=\"662\" src=\"https:\/\/association-enjeu.org\/site\/wp-content\/uploads\/2025\/03\/2014_11_19_17832_droit_enfant.jpg\" class=\"attachment-large size-large wp-image-541\" alt=\"\" srcset=\"https:\/\/association-enjeu.org\/site\/wp-content\/uploads\/2025\/03\/2014_11_19_17832_droit_enfant.jpg 1000w, https:\/\/association-enjeu.org\/site\/wp-content\/uploads\/2025\/03\/2014_11_19_17832_droit_enfant-300x199.jpg 300w, https:\/\/association-enjeu.org\/site\/wp-content\/uploads\/2025\/03\/2014_11_19_17832_droit_enfant-768x508.jpg 768w\" sizes=\"(max-width: 1000px) 100vw, 1000px\" \/>\t\t\t\t\t\t\t\t\t\t\t\t\t\t\t<\/div>\n\t\t\t\t<\/div>\n\t\t<div class=\"elementor-element elementor-element-3e3e220 e-con-full e-flex e-con e-child\" data-id=\"3e3e220\" data-element_type=\"container\">\n\t\t\t\t<div class=\"elementor-element elementor-element-38e9cb7 elementor-widget elementor-widget-heading\" data-id=\"38e9cb7\" data-element_type=\"widget\" data-widget_type=\"heading.default\">\n\t\t\t\t\t<h2 class=\"elementor-heading-title elementor-size-default\">Objectifs:<\/h2>\t\t\t\t<\/div>\n\t\t\t\t<div class=\"elementor-element elementor-element-f30e19f elementor-widget elementor-widget-text-editor\" data-id=\"f30e19f\" data-element_type=\"widget\" data-widget_type=\"text-editor.default\">\n\t\t\t\t\t\t\t\t\t<p>Mettre en rapport les enfants avec leurs droits<\/p><ul><li>Permettre aux enfants de mesurer le d\u00e9calage entre leurs conditions de vie et les possibilit\u00e9s d\u2019une vie meilleure<\/li><li>Permettre aux enfants de prendre connaissance de la Convention Internationale des Droits de l\u2019Enfant, des avanc\u00e9es et des manques depuis 36 ans d\u2019existence<\/li><li>Permettre aux enfants de s\u2019exprimer et d\u2019agir sur leurs droits<\/li><li>Permettre aux enfants de conna\u00eetre la vie des enfants dans le monde<\/li><li>Permettre aux enfants de s\u2019approprier les enjeux du logement, de l\u2019\u00e9ducation, des vacances, de la sant\u00e9, du loisir, du travail des enfants\u2026<\/li><\/ul>\t\t\t\t\t\t\t\t<\/div>\n\t\t\t\t<\/div>\n\t\t\t\t\t<\/div>\n\t\t\t\t<\/div>\n\t\t<div class=\"elementor-element elementor-element-554b2f1 e-flex e-con-boxed e-con e-parent\" data-id=\"554b2f1\" data-element_type=\"container\">\n\t\t\t\t\t<div class=\"e-con-inner\">\n\t\t<div class=\"elementor-element elementor-element-653d450 e-con-full e-flex e-con e-child\" data-id=\"653d450\" data-element_type=\"container\">\n\t\t\t\t<div class=\"elementor-element elementor-element-c728f4c elementor-widget elementor-widget-heading\" data-id=\"c728f4c\" data-element_type=\"widget\" data-widget_type=\"heading.default\">\n\t\t\t\t\t<h2 class=\"elementor-heading-title elementor-size-default\">Fonctionnement:<\/h2>\t\t\t\t<\/div>\n\t\t\t\t<div class=\"elementor-element elementor-element-d7bf335 elementor-widget elementor-widget-text-editor\" data-id=\"d7bf335\" data-element_type=\"widget\" data-widget_type=\"text-editor.default\">\n\t\t\t\t\t\t\t\t\t<p>A l\u2019arriv\u00e9e des groupes d\u2019enfants (accompagn\u00e9s d\u2019adultes), les personnes charg\u00e9es de l\u2019accueil r\u00e9cup\u00e8rent les blousons, remettent \u00e0 chaque enfant une fiche de route pr\u00e9sentant l\u2019ensemble des ateliers et expliquent le fonctionnement et les r\u00e8gles g\u00e9n\u00e9rales du village.<\/p><p>Le village se d\u00e9compose en trois espaces diff\u00e9rents symbolis\u00e9s par des nappes de couleur jaune, rouge et verte.<\/p><p>Pour permettre aux enfants de s\u2019orienter, les ateliers sont symbolis\u00e9s par des pancartes de couleur relative \u00e0 leur espace sur lesquelles sont inscrits le nom de l\u2019atelier ainsi que son num\u00e9ro. La fiche de route reprend le m\u00eame principe (couleur de l\u2019espace, nom et num\u00e9ro des ateliers)<\/p><p>Une fois munis de leur fiche de route, les enfants peuvent se diriger vers le point central du village appel\u00e9 \u00ab panneau \u00e0 cl\u00e9s \u00bb.<\/p><p>Le principe pour les enfants est de prendre une cl\u00e9 de la couleur d\u2019un espace avec un num\u00e9ro qui correspond \u00e0 un atelier.<\/p><p>Ils s\u2019orientent donc \u00e0 l\u2019aide de leur fiche de route et des rep\u00e8res visuels pour trouver leur atelier. La cl\u00e9, leur permettra de pouvoir participer \u00e0 l\u2019atelier. A la fin du jeu, ils d\u00e9posent la clef au panneau et en reprennent une autre.<\/p><p>L\u2019enfant peut ainsi jouer tranquillement sans attente.<\/p><p>Par atelier, il y a autant de clefs que l\u2019atelier peut accueillir d\u2019enfants.<\/p>\t\t\t\t\t\t\t\t<\/div>\n\t\t\t\t<\/div>\n\t\t<div class=\"elementor-element elementor-element-cf9f67b e-con-full e-flex e-con e-child\" data-id=\"cf9f67b\" data-element_type=\"container\">\n\t\t\t\t<div class=\"elementor-element elementor-element-42dcd56 elementor-widget elementor-widget-image\" data-id=\"42dcd56\" data-element_type=\"widget\" data-widget_type=\"image.default\">\n\t\t\t\t\t\t\t\t\t\t\t\t\t\t\t<img decoding=\"async\" src=\"https:\/\/association-enjeu.org\/site\/wp-content\/uploads\/elementor\/thumbs\/20211125_150738-scaled-e1760088071812-rczuj02kux7ny6tto0nm39vobj4ia6jbybj5nphty8.jpg\" title=\"20211125_150738\" alt=\"20211125_150738\" loading=\"lazy\" \/>\t\t\t\t\t\t\t\t\t\t\t\t\t\t\t<\/div>\n\t\t\t\t<\/div>\n\t\t\t\t\t<\/div>\n\t\t\t\t<\/div>\n\t\t<div class=\"elementor-element elementor-element-da464ee e-flex e-con-boxed e-con e-parent\" data-id=\"da464ee\" data-element_type=\"container\">\n\t\t\t\t\t<div class=\"e-con-inner\">\n\t\t<div class=\"elementor-element elementor-element-2fefb86 e-con-full e-flex e-con e-child\" data-id=\"2fefb86\" data-element_type=\"container\">\n\t\t\t\t<div class=\"elementor-element elementor-element-c2e4793 elementor-widget elementor-widget-image\" data-id=\"c2e4793\" data-element_type=\"widget\" data-widget_type=\"image.default\">\n\t\t\t\t\t\t\t\t\t\t\t\t\t\t\t<img decoding=\"async\" width=\"600\" height=\"400\" src=\"https:\/\/association-enjeu.org\/site\/wp-content\/uploads\/2025\/03\/village-0002-2-15235.jpg\" class=\"attachment-large size-large wp-image-548\" alt=\"\" srcset=\"https:\/\/association-enjeu.org\/site\/wp-content\/uploads\/2025\/03\/village-0002-2-15235.jpg 600w, https:\/\/association-enjeu.org\/site\/wp-content\/uploads\/2025\/03\/village-0002-2-15235-300x200.jpg 300w\" sizes=\"(max-width: 600px) 100vw, 600px\" \/>\t\t\t\t\t\t\t\t\t\t\t\t\t\t\t<\/div>\n\t\t\t\t<\/div>\n\t\t<div class=\"elementor-element elementor-element-dcad1d6 e-con-full e-flex e-con e-child\" data-id=\"dcad1d6\" data-element_type=\"container\">\n\t\t\t\t<div class=\"elementor-element elementor-element-ba8e804 elementor-widget elementor-widget-heading\" data-id=\"ba8e804\" data-element_type=\"widget\" data-widget_type=\"heading.default\">\n\t\t\t\t\t<h2 class=\"elementor-heading-title elementor-size-default\">Accueil : <\/h2>\t\t\t\t<\/div>\n\t\t\t\t<div class=\"elementor-element elementor-element-b2c1168 elementor-widget elementor-widget-text-editor\" data-id=\"b2c1168\" data-element_type=\"widget\" data-widget_type=\"text-editor.default\">\n\t\t\t\t\t\t\t\t\t<p>Possibilit\u00e9 pour les collectivit\u00e9s qui le souhaitent d\u2019accueillir le village dans leur ville, d\u2019ouvrir l\u2019entr\u00e9e aux diff\u00e9rentes structures \u00e9ducatives, associations et \u00e9coles.<\/p><p>Aux villes d\u2019accueil, nous demandons la possibilit\u00e9 d\u2019accueillir des enfants de collectivit\u00e9s voisines int\u00e9ress\u00e9es.<\/p><p>Les villes d\u2019accueil peuvent agr\u00e9menter le village, en y ajoutant d\u2019autres prestations (l\u00e2cher de ballons, spectacles, inauguration d\u2019une st\u00e8le, \u2026.).<\/p>\t\t\t\t\t\t\t\t<\/div>\n\t\t\t\t<\/div>\n\t\t\t\t\t<\/div>\n\t\t\t\t<\/div>\n\t\t<div class=\"elementor-element elementor-element-e43bd48 e-con-full e-flex e-con e-child\" data-id=\"e43bd48\" data-element_type=\"container\">\n\t\t\t\t<div class=\"elementor-element elementor-element-ee40d52 elementor-widget elementor-widget-heading\" data-id=\"ee40d52\" data-element_type=\"widget\" data-widget_type=\"heading.default\">\n\t\t\t\t\t<h2 class=\"elementor-heading-title elementor-size-default\">La structure : <\/h2>\t\t\t\t<\/div>\n\t\t\t\t<div class=\"elementor-element elementor-element-c8960e3 elementor-widget elementor-widget-text-editor\" data-id=\"c8960e3\" data-element_type=\"widget\" data-widget_type=\"text-editor.default\">\n\t\t\t\t\t\t\t\t\t<p>Une salle polyvalente, un centre culturel, une salle des f\u00eates ou autres lieux permettant l\u2019accueil des ateliers et des enfants.<\/p>\t\t\t\t\t\t\t\t<\/div>\n\t\t\t\t<\/div>\n\t\t<div class=\"elementor-element elementor-element-473faed e-con-full e-flex e-con e-child\" data-id=\"473faed\" data-element_type=\"container\">\n\t\t\t\t<div class=\"elementor-element elementor-element-98c08b7 elementor-widget elementor-widget-heading\" data-id=\"98c08b7\" data-element_type=\"widget\" data-widget_type=\"heading.default\">\n\t\t\t\t\t<h2 class=\"elementor-heading-title elementor-size-default\">Les moyens : <\/h2>\t\t\t\t<\/div>\n\t\t\t\t<div class=\"elementor-element elementor-element-d5db7d4 elementor-widget elementor-widget-text-editor\" data-id=\"d5db7d4\" data-element_type=\"widget\" data-widget_type=\"text-editor.default\">\n\t\t\t\t\t\t\t\t\t<p>Une \u00e9quipe coordinatrice constitu\u00e9e de 5 personnes, ma\u00eetrisant l\u2019ensemble des ateliers (installation, fonctionnement) sera pr\u00e9sente sur le village.<\/p><p>Les autres personnes n\u00e9cessaires \u00e0 la tenue des ateliers sont mises \u00e0 disposition par la ville d\u2019accueil, il peut s\u2019agir de b\u00e9n\u00e9voles d\u2019associations, d\u2019animateurs permanents de la commune, de parents d\u2019\u00e9l\u00e8ves\u2026<\/p><p>Les ateliers seront fonctionnels \u00e0 partir d\u2019une fiche technique expliquant les r\u00e8gles et le fonctionnement de chacun des ateliers.<\/p>\t\t\t\t\t\t\t\t<\/div>\n\t\t\t\t<\/div>\n\t\t<div class=\"elementor-element elementor-element-6d00261 e-flex e-con-boxed e-con e-parent\" data-id=\"6d00261\" data-element_type=\"container\">\n\t\t\t\t\t<div class=\"e-con-inner\">\n\t\t<div class=\"elementor-element elementor-element-30df0ab e-con-full e-flex e-con e-child\" data-id=\"30df0ab\" data-element_type=\"container\">\n\t\t\t\t<div class=\"elementor-element elementor-element-d7c77a1 elementor-widget elementor-widget-image\" data-id=\"d7c77a1\" data-element_type=\"widget\" data-widget_type=\"image.default\">\n\t\t\t\t\t\t\t\t\t\t\t\t\t\t\t<img decoding=\"async\" width=\"589\" height=\"335\" src=\"https:\/\/association-enjeu.org\/site\/wp-content\/uploads\/2025\/03\/1018080225_B971416032Z.1_20131115165602_000_GFM1GTRJQ.3-0.jpg\" class=\"attachment-large size-large wp-image-545\" alt=\"\" srcset=\"https:\/\/association-enjeu.org\/site\/wp-content\/uploads\/2025\/03\/1018080225_B971416032Z.1_20131115165602_000_GFM1GTRJQ.3-0.jpg 589w, https:\/\/association-enjeu.org\/site\/wp-content\/uploads\/2025\/03\/1018080225_B971416032Z.1_20131115165602_000_GFM1GTRJQ.3-0-300x171.jpg 300w\" sizes=\"(max-width: 589px) 100vw, 589px\" \/>\t\t\t\t\t\t\t\t\t\t\t\t\t\t\t<\/div>\n\t\t\t\t<\/div>\n\t\t<div class=\"elementor-element elementor-element-be3d098 e-con-full e-flex e-con e-child\" data-id=\"be3d098\" data-element_type=\"container\">\n\t\t\t\t<div class=\"elementor-element elementor-element-da56954 elementor-widget elementor-widget-heading\" data-id=\"da56954\" data-element_type=\"widget\" data-widget_type=\"heading.default\">\n\t\t\t\t\t<h2 class=\"elementor-heading-title elementor-size-default\">Modalit\u00e9s d'accueil du village : <\/h2>\t\t\t\t<\/div>\n\t\t\t\t<div class=\"elementor-element elementor-element-5e3fb49 elementor-widget elementor-widget-text-editor\" data-id=\"5e3fb49\" data-element_type=\"widget\" data-widget_type=\"text-editor.default\">\n\t\t\t\t\t\t\t\t\t<p>Pour les villes ou structures int\u00e9ress\u00e9es, nous proposons une rencontre en vue de faire part du cahier des charges qui unira les 2 parties.<\/p><p>Cette rencontre permettra de vous expliquer dans le d\u00e9tail le fonctionnement de cette initiative, de prendre en compte les attentes de chacun pour construire un partenariat et faire de ce moment : un lieu permettant aux enfants d\u2019appr\u00e9hender aux mieux leurs droits.<\/p>\t\t\t\t\t\t\t\t<\/div>\n\t\t\t\t<\/div>\n\t\t\t\t\t<\/div>\n\t\t\t\t<\/div>\n\t\t<div class=\"elementor-element elementor-element-1978281 e-flex e-con-boxed e-con e-parent\" data-id=\"1978281\" data-element_type=\"container\">\n\t\t\t\t\t<div class=\"e-con-inner\">\n\t\t\t\t<div class=\"elementor-element elementor-element-e8c7bb8 elementor-widget elementor-widget-heading\" data-id=\"e8c7bb8\" data-element_type=\"widget\" data-widget_type=\"heading.default\">\n\t\t\t\t\t<h2 class=\"elementor-heading-title elementor-size-default\">Modalit\u00e9s pour la venue d'enfants sur votre coll\u00e9ctivit\u00e9<\/h2>\t\t\t\t<\/div>\n\t\t\t\t<div class=\"elementor-element elementor-element-00bbe80 elementor-widget elementor-widget-text-editor\" data-id=\"00bbe80\" data-element_type=\"widget\" data-widget_type=\"text-editor.default\">\n\t\t\t\t\t\t\t\t\t<p>Nous vous proposons de prendre contact rapidement avec l\u2019\u00e9quipe coordinatrice au : 03.21.28.30.89 afin de d\u00e9finir un cr\u00e9neau horaire.<\/p>\t\t\t\t\t\t\t\t<\/div>\n\t\t\t\t\t<\/div>\n\t\t\t\t<\/div>\n\t\t<div class=\"elementor-element elementor-element-6ceb866 e-flex e-con-boxed e-con e-parent\" data-id=\"6ceb866\" data-element_type=\"container\">\n\t\t\t\t\t<div class=\"e-con-inner\">\n\t\t\t\t<div class=\"elementor-element elementor-element-443f5a1 elementor-widget elementor-widget-gallery\" data-id=\"443f5a1\" data-element_type=\"widget\" data-widget_type=\"gallery.default\">\n\t\t\t\t<div class=\"elementor-widget-container\">\n\t\t\t\t\t \t\t\t\t<\/div>\n\t\t\t\t<\/div>\n\t\t\t\t\t<\/div>\n\t\t\t\t<\/div>\n\t\t\t\t<\/div>\n\t\t","protected":false},"excerpt":{"rendered":"<p>Village itin\u00e9rant des droits de l\u2019enfant Description : Le village itin\u00e9rant des droits de l\u2019enfant est une initiative construite en partenariat avec de multiples partenaires.Son but est de promouvoir la convention des droits de l\u2019enfant et de rassembler les enfants, les adultes autour d\u2019une trentaine d\u2019ateliers \u00e9ducatifs et p\u00e9dagogiques sur diff\u00e9rentes th\u00e9matiques, construits par les [&hellip;]<\/p>\n","protected":false},"author":2,"featured_media":0,"parent":287,"menu_order":0,"comment_status":"closed","ping_status":"closed","template":"","meta":{"footnotes":""},"class_list":["post-870","page","type-page","status-publish","hentry","entry"],"_links":{"self":[{"href":"https:\/\/association-enjeu.org\/site\/wp-json\/wp\/v2\/pages\/870","targetHints":{"allow":["GET"]}}],"collection":[{"href":"https:\/\/association-enjeu.org\/site\/wp-json\/wp\/v2\/pages"}],"about":[{"href":"https:\/\/association-enjeu.org\/site\/wp-json\/wp\/v2\/types\/page"}],"author":[{"embeddable":true,"href":"https:\/\/association-enjeu.org\/site\/wp-json\/wp\/v2\/users\/2"}],"replies":[{"embeddable":true,"href":"https:\/\/association-enjeu.org\/site\/wp-json\/wp\/v2\/comments?post=870"}],"version-history":[{"count":34,"href":"https:\/\/association-enjeu.org\/site\/wp-json\/wp\/v2\/pages\/870\/revisions"}],"predecessor-version":[{"id":1029,"href":"https:\/\/association-enjeu.org\/site\/wp-json\/wp\/v2\/pages\/870\/revisions\/1029"}],"up":[{"embeddable":true,"href":"https:\/\/association-enjeu.org\/site\/wp-json\/wp\/v2\/pages\/287"}],"wp:attachment":[{"href":"https:\/\/association-enjeu.org\/site\/wp-json\/wp\/v2\/media?parent=870"}],"curies":[{"name":"wp","href":"https:\/\/api.w.org\/{rel}","templated":true}]}}