{"id":851,"date":"2025-10-09T16:39:18","date_gmt":"2025-10-09T14:39:18","guid":{"rendered":"https:\/\/association-enjeu.org\/site\/?page_id=851"},"modified":"2025-12-12T16:45:43","modified_gmt":"2025-12-12T15:45:43","slug":"lassociation-2","status":"publish","type":"page","link":"https:\/\/association-enjeu.org\/site\/lassociation-2\/","title":{"rendered":"L&rsquo;association"},"content":{"rendered":"\t\t<div data-elementor-type=\"wp-page\" data-elementor-id=\"851\" class=\"elementor elementor-851\">\n\t\t\t\t<div class=\"elementor-element elementor-element-f7b39d7 e-flex e-con-boxed e-con e-parent\" data-id=\"f7b39d7\" data-element_type=\"container\" data-settings=\"{&quot;background_background&quot;:&quot;classic&quot;}\">\n\t\t\t\t\t<div class=\"e-con-inner\">\n\t\t\t\t<div class=\"elementor-element elementor-element-9bdbeb5 elementor-widget elementor-widget-heading\" data-id=\"9bdbeb5\" data-element_type=\"widget\" data-widget_type=\"heading.default\">\n\t\t\t\t\t<h1 class=\"elementor-heading-title elementor-size-default\">L\u2019 Association<\/h1>\t\t\t\t<\/div>\n\t\t\t\t<div class=\"elementor-element elementor-element-1ad9c05 elementor-widget__width-initial elementor-widget elementor-widget-text-editor\" data-id=\"1ad9c05\" data-element_type=\"widget\" data-widget_type=\"text-editor.default\">\n\t\t\t\t\t\t\t\t\t<p><strong>L\u2019association Enjeu Nord \/ Pas \u2013 de \u2013 Calais c\u2019est, tout d\u2019abord, un mouvement d\u2019associations de quartiers\u00a0affili\u00e9e \u00e0 l\u2019<a href=\"https:\/\/lespionniers.org\/\" target=\"_blank\" rel=\"noopener\" data-type=\"link\" data-id=\"https:\/\/lespionniers.org\/\">Union des F\u00e9d\u00e9rations des Pionniers de France : <\/a><br \/>=&gt;\u00a0qui d\u00e9veloppent une pratique moderne d\u2019\u00e9ducation populaire.<br \/>=&gt;\u00a0qui d\u00e9fendent de grandes ambitions pour les enfants et pour l\u2019avenir.<\/strong><\/p><div id=\"sconnect-is-installed\" style=\"display: none;\">2.15.1.0<\/div>\t\t\t\t\t\t\t\t<\/div>\n\t\t\t\t\t<\/div>\n\t\t\t\t<\/div>\n\t\t<div class=\"elementor-element elementor-element-d4c01c3 e-flex e-con-boxed e-con e-parent\" data-id=\"d4c01c3\" data-element_type=\"container\">\n\t\t\t\t\t<div class=\"e-con-inner\">\n\t\t<div class=\"elementor-element elementor-element-2845ec0 e-con-full e-flex e-con e-child\" data-id=\"2845ec0\" data-element_type=\"container\">\n\t\t\t\t<div class=\"elementor-element elementor-element-4870dd5 elementor-widget elementor-widget-image\" data-id=\"4870dd5\" data-element_type=\"widget\" data-widget_type=\"image.default\">\n\t\t\t\t\t\t\t\t\t\t\t\t\t\t\t<img fetchpriority=\"high\" decoding=\"async\" width=\"1024\" height=\"768\" src=\"https:\/\/association-enjeu.org\/site\/wp-content\/uploads\/2025\/03\/IMG_0295-1024x768.jpeg\" class=\"attachment-large size-large wp-image-509\" alt=\"\" srcset=\"https:\/\/association-enjeu.org\/site\/wp-content\/uploads\/2025\/03\/IMG_0295-1024x768.jpeg 1024w, https:\/\/association-enjeu.org\/site\/wp-content\/uploads\/2025\/03\/IMG_0295-300x225.jpeg 300w, https:\/\/association-enjeu.org\/site\/wp-content\/uploads\/2025\/03\/IMG_0295-768x576.jpeg 768w, https:\/\/association-enjeu.org\/site\/wp-content\/uploads\/2025\/03\/IMG_0295-1536x1152.jpeg 1536w, https:\/\/association-enjeu.org\/site\/wp-content\/uploads\/2025\/03\/IMG_0295.jpeg 2048w\" sizes=\"(max-width: 1024px) 100vw, 1024px\" \/>\t\t\t\t\t\t\t\t\t\t\t\t\t\t\t<\/div>\n\t\t\t\t<\/div>\n\t\t<div class=\"elementor-element elementor-element-1e3db04 e-con-full e-flex e-con e-child\" data-id=\"1e3db04\" data-element_type=\"container\">\n\t\t\t\t<div class=\"elementor-element elementor-element-2f1c019 elementor-widget elementor-widget-heading\" data-id=\"2f1c019\" data-element_type=\"widget\" data-widget_type=\"heading.default\">\n\t\t\t\t\t<h2 class=\"elementor-heading-title elementor-size-default\">Les associations de quartier<\/h2>\t\t\t\t<\/div>\n\t\t\t\t<div class=\"elementor-element elementor-element-c9fdb10 elementor-widget elementor-widget-text-editor\" data-id=\"c9fdb10\" data-element_type=\"widget\" data-widget_type=\"text-editor.default\">\n\t\t\t\t\t\t\t\t\t<p>sont ouvertes \u00e0 tous ceux qui veulent agir en faveur des enfants, pour d\u00e9velopper des loisirs, d\u00e9fendre les droits des enfants, r\u00e9pondre \u00e0 des besoins, agir sur les r\u00e9alit\u00e9s du quartier, mettre en commun des comp\u00e9tences\u2026<\/p><p>Cr\u00e9er des associations de quartier c\u2019est se doter d\u2019outils d\u2019\u00e9ducation et de lutte pour cr\u00e9er des lieux d\u2019\u00e9changes et d\u2019actions appartenant \u00e0 tous les gens qui composent le quartier. C\u2019est se doter d\u2019un outil qui participe \u00e0 construire du changement tout de suite dans la vie des enfants et dans la vie du quartier.<br \/>Cette d\u00e9marche ouverte qui caract\u00e9rise les associations de quartiers, se nourrit notamment de la mise en \u0153uvre des \u00e9v\u00e8nements de quartier.<\/p><div id=\"sconnect-is-installed\" style=\"display: none;\">2.15.1.0<\/div><div id=\"sconnect-is-installed\" style=\"display: none;\">2.15.1.0<\/div>\t\t\t\t\t\t\t\t<\/div>\n\t\t\t\t<\/div>\n\t\t\t\t\t<\/div>\n\t\t\t\t<\/div>\n\t\t<div class=\"elementor-element elementor-element-56c4079 e-flex e-con-boxed e-con e-parent\" data-id=\"56c4079\" data-element_type=\"container\">\n\t\t\t\t\t<div class=\"e-con-inner\">\n\t\t<div class=\"elementor-element elementor-element-3bc9a3e e-con-full e-flex e-con e-child\" data-id=\"3bc9a3e\" data-element_type=\"container\">\n\t\t\t\t<div class=\"elementor-element elementor-element-a11909d elementor-widget elementor-widget-image\" data-id=\"a11909d\" data-element_type=\"widget\" data-widget_type=\"image.default\">\n\t\t\t\t\t\t\t\t\t\t\t\t\t\t\t<img decoding=\"async\" width=\"1000\" height=\"662\" src=\"https:\/\/association-enjeu.org\/site\/wp-content\/uploads\/2025\/03\/2014_11_20_18086_droit_enfant.jpg\" class=\"attachment-large size-large wp-image-543\" alt=\"\" srcset=\"https:\/\/association-enjeu.org\/site\/wp-content\/uploads\/2025\/03\/2014_11_20_18086_droit_enfant.jpg 1000w, https:\/\/association-enjeu.org\/site\/wp-content\/uploads\/2025\/03\/2014_11_20_18086_droit_enfant-300x199.jpg 300w, https:\/\/association-enjeu.org\/site\/wp-content\/uploads\/2025\/03\/2014_11_20_18086_droit_enfant-768x508.jpg 768w\" sizes=\"(max-width: 1000px) 100vw, 1000px\" \/>\t\t\t\t\t\t\t\t\t\t\t\t\t\t\t<\/div>\n\t\t\t\t<\/div>\n\t\t<div class=\"elementor-element elementor-element-308f144 e-con-full e-flex e-con e-child\" data-id=\"308f144\" data-element_type=\"container\">\n\t\t\t\t<div class=\"elementor-element elementor-element-a6d5c82 elementor-widget elementor-widget-heading\" data-id=\"a6d5c82\" data-element_type=\"widget\" data-widget_type=\"heading.default\">\n\t\t\t\t\t<h2 class=\"elementor-heading-title elementor-size-default\">C\u2019est aussi un espace Formation :<\/h2>\t\t\t\t<\/div>\n\t\t\t\t<div class=\"elementor-element elementor-element-e4f5c1a elementor-widget elementor-widget-text-editor\" data-id=\"e4f5c1a\" data-element_type=\"widget\" data-widget_type=\"text-editor.default\">\n\t\t\t\t\t\t\t\t\t<p>=&gt; qui organise des stages B.A.F.A. et B.A.F.D.<br \/>=&gt; qui pr\u00e9pare les animateurs et les directeurs \u00e0 construire une intervention \u00e9ducative permanente et utile pour les enfants.<\/p><div id=\"sconnect-is-installed\" style=\"display: none;\">2.15.1.0<\/div>\t\t\t\t\t\t\t\t<\/div>\n\t\t\t\t<\/div>\n\t\t\t\t\t<\/div>\n\t\t\t\t<\/div>\n\t\t<div class=\"elementor-element elementor-element-2c4e405 e-flex e-con-boxed e-con e-parent\" data-id=\"2c4e405\" data-element_type=\"container\">\n\t\t\t\t\t<div class=\"e-con-inner\">\n\t\t<div class=\"elementor-element elementor-element-0937747 e-con-full e-flex e-con e-child\" data-id=\"0937747\" data-element_type=\"container\">\n\t\t\t\t<div class=\"elementor-element elementor-element-cd0543a elementor-widget elementor-widget-image\" data-id=\"cd0543a\" data-element_type=\"widget\" data-widget_type=\"image.default\">\n\t\t\t\t\t\t\t\t\t\t\t\t\t\t\t<img decoding=\"async\" width=\"600\" height=\"400\" src=\"https:\/\/association-enjeu.org\/site\/wp-content\/uploads\/2025\/03\/village-0004-2-3de04.jpg\" class=\"attachment-large size-large wp-image-550\" alt=\"\" srcset=\"https:\/\/association-enjeu.org\/site\/wp-content\/uploads\/2025\/03\/village-0004-2-3de04.jpg 600w, https:\/\/association-enjeu.org\/site\/wp-content\/uploads\/2025\/03\/village-0004-2-3de04-300x200.jpg 300w\" sizes=\"(max-width: 600px) 100vw, 600px\" \/>\t\t\t\t\t\t\t\t\t\t\t\t\t\t\t<\/div>\n\t\t\t\t<\/div>\n\t\t<div class=\"elementor-element elementor-element-0322a51 e-con-full e-flex e-con e-child\" data-id=\"0322a51\" data-element_type=\"container\">\n\t\t\t\t<div class=\"elementor-element elementor-element-66d2aa7 elementor-widget elementor-widget-heading\" data-id=\"66d2aa7\" data-element_type=\"widget\" data-widget_type=\"heading.default\">\n\t\t\t\t\t<h2 class=\"elementor-heading-title elementor-size-default\">C\u2019est \u00e9galement un secteur Initiatives<\/h2>\t\t\t\t<\/div>\n\t\t\t\t<div class=\"elementor-element elementor-element-eb13cd9 elementor-widget elementor-widget-text-editor\" data-id=\"eb13cd9\" data-element_type=\"widget\" data-widget_type=\"text-editor.default\">\n\t\t\t\t\t\t\t\t\t<p>=&gt; qui organise de grandes initiatives comme le Village Itin\u00e9rant des Droits de l\u2019Enfant<br \/>=&gt; qui cr\u00e9e avec de multiples partenaires des lieux de pratiques et de recherches \u00e9ducatives.<\/p><div id=\"sconnect-is-installed\" style=\"display: none;\">2.15.1.0<\/div><div id=\"sconnect-is-installed\" style=\"display: none;\">2.15.1.0<\/div><div id=\"sconnect-is-installed\" style=\"display: none;\">2.15.1.0<\/div>\t\t\t\t\t\t\t\t<\/div>\n\t\t\t\t<\/div>\n\t\t\t\t\t<\/div>\n\t\t\t\t<\/div>\n\t\t<div class=\"elementor-element elementor-element-1fb4475 e-flex e-con-boxed e-con e-parent\" data-id=\"1fb4475\" data-element_type=\"container\" data-settings=\"{&quot;background_background&quot;:&quot;classic&quot;}\">\n\t\t\t\t\t<div class=\"e-con-inner\">\n\t\t\t\t<div class=\"elementor-element elementor-element-b0e4d50 elementor-widget elementor-widget-text-editor\" data-id=\"b0e4d50\" data-element_type=\"widget\" data-widget_type=\"text-editor.default\">\n\t\t\t\t\t\t\t\t\t<p>L\u2019association Enjeu, c\u2019est un mouvement que chacune et chacun peut rejoindre, pour agir en faveur des enfants, dans les quartiers et dans la soci\u00e9t\u00e9 :<br \/><strong>Ensemble dans le plus grand int\u00e9r\u00eat des enfants.<\/strong><br \/><strong>Ensemble dans le plus grand int\u00e9r\u00eat de tous.<\/strong><\/p><div id=\"sconnect-is-installed\" style=\"display: none;\">2.15.1.0<\/div><div id=\"sconnect-is-installed\" style=\"display: none;\">2.15.1.0<\/div><div id=\"sconnect-is-installed\" style=\"display: none;\">2.15.1.0<\/div>\t\t\t\t\t\t\t\t<\/div>\n\t\t\t\t\t<\/div>\n\t\t\t\t<\/div>\n\t\t\t\t<\/div>\n\t\t","protected":false},"excerpt":{"rendered":"<p>L\u2019 Association L\u2019association Enjeu Nord \/ Pas \u2013 de \u2013 Calais c\u2019est, tout d\u2019abord, un mouvement d\u2019associations de quartiers\u00a0affili\u00e9e \u00e0 l\u2019Union des F\u00e9d\u00e9rations des Pionniers de France : =&gt;\u00a0qui d\u00e9veloppent une pratique moderne d\u2019\u00e9ducation populaire.=&gt;\u00a0qui d\u00e9fendent de grandes ambitions pour les enfants et pour l\u2019avenir. 2.15.1.0 Les associations de quartier sont ouvertes \u00e0 tous ceux [&hellip;]<\/p>\n","protected":false},"author":2,"featured_media":0,"parent":0,"menu_order":0,"comment_status":"closed","ping_status":"closed","template":"elementor_header_footer","meta":{"footnotes":""},"class_list":["post-851","page","type-page","status-publish","hentry","entry"],"_links":{"self":[{"href":"https:\/\/association-enjeu.org\/site\/wp-json\/wp\/v2\/pages\/851","targetHints":{"allow":["GET"]}}],"collection":[{"href":"https:\/\/association-enjeu.org\/site\/wp-json\/wp\/v2\/pages"}],"about":[{"href":"https:\/\/association-enjeu.org\/site\/wp-json\/wp\/v2\/types\/page"}],"author":[{"embeddable":true,"href":"https:\/\/association-enjeu.org\/site\/wp-json\/wp\/v2\/users\/2"}],"replies":[{"embeddable":true,"href":"https:\/\/association-enjeu.org\/site\/wp-json\/wp\/v2\/comments?post=851"}],"version-history":[{"count":17,"href":"https:\/\/association-enjeu.org\/site\/wp-json\/wp\/v2\/pages\/851\/revisions"}],"predecessor-version":[{"id":1240,"href":"https:\/\/association-enjeu.org\/site\/wp-json\/wp\/v2\/pages\/851\/revisions\/1240"}],"wp:attachment":[{"href":"https:\/\/association-enjeu.org\/site\/wp-json\/wp\/v2\/media?parent=851"}],"curies":[{"name":"wp","href":"https:\/\/api.w.org\/{rel}","templated":true}]}}