{"id":811,"date":"2025-10-09T15:40:36","date_gmt":"2025-10-09T13:40:36","guid":{"rendered":"https:\/\/association-enjeu.org\/site\/?page_id=811"},"modified":"2025-10-10T09:52:15","modified_gmt":"2025-10-10T07:52:15","slug":"calendrier-formations","status":"publish","type":"page","link":"https:\/\/association-enjeu.org\/site\/secteur-formations\/formations-bafa\/calendrier-formations\/","title":{"rendered":"Calendrier de formation"},"content":{"rendered":"\t\t<div data-elementor-type=\"wp-page\" data-elementor-id=\"811\" class=\"elementor elementor-811\">\n\t\t\t\t<div class=\"elementor-element elementor-element-d78211d e-flex e-con-boxed e-con e-parent\" data-id=\"d78211d\" data-element_type=\"container\" data-settings=\"{&quot;background_background&quot;:&quot;classic&quot;}\">\n\t\t\t\t\t<div class=\"e-con-inner\">\n\t\t\t\t<div class=\"elementor-element elementor-element-8e216f6 elementor-widget elementor-widget-heading\" data-id=\"8e216f6\" data-element_type=\"widget\" data-widget_type=\"heading.default\">\n\t\t\t\t\t<h1 class=\"elementor-heading-title elementor-size-default\">Calendrier de formations<\/h1>\t\t\t\t<\/div>\n\t\t\t\t\t<\/div>\n\t\t\t\t<\/div>\n\t\t<div class=\"elementor-element elementor-element-c934e5d e-flex e-con-boxed e-con e-parent\" data-id=\"c934e5d\" data-element_type=\"container\">\n\t\t\t\t\t<div class=\"e-con-inner\">\n\t\t\t\t<div class=\"elementor-element elementor-element-ea9a70b elementor-widget elementor-widget-image\" data-id=\"ea9a70b\" data-element_type=\"widget\" data-widget_type=\"image.default\">\n\t\t\t\t\t\t\t\t\t\t\t\t\t\t\t<img decoding=\"async\" src=\"https:\/\/association-enjeu.org\/site\/wp-content\/uploads\/elementor\/thumbs\/Design-sans-titre-rcyevhwtjan8hf295x61zg1ddldswnl2qhhvsnnvso.png\" title=\"Design sans titre\" alt=\"Design sans titre\" loading=\"lazy\" \/>\t\t\t\t\t\t\t\t\t\t\t\t\t\t\t<\/div>\n\t\t\t\t\t<\/div>\n\t\t\t\t<\/div>\n\t\t<div class=\"elementor-element elementor-element-5321d78 e-flex e-con-boxed e-con e-parent\" data-id=\"5321d78\" data-element_type=\"container\">\n\t\t\t\t\t<div class=\"e-con-inner\">\n\t\t\t\t<div class=\"elementor-element elementor-element-c8c5901 elementor-widget elementor-widget-image\" data-id=\"c8c5901\" data-element_type=\"widget\" data-widget_type=\"image.default\">\n\t\t\t\t\t\t\t\t\t\t\t\t\t\t\t<img decoding=\"async\" src=\"https:\/\/association-enjeu.org\/site\/wp-content\/uploads\/elementor\/thumbs\/Design-sans-titre1-rcyfl6ua341fy6ywfvtjuydrwdqsxjflr3612e8fpk.png\" title=\"Design sans titre(1)\" alt=\"Design sans titre(1)\" loading=\"lazy\" \/>\t\t\t\t\t\t\t\t\t\t\t\t\t\t\t<\/div>\n\t\t\t\t<div class=\"elementor-element elementor-element-3a90d51 elementor-widget elementor-widget-heading\" data-id=\"3a90d51\" data-element_type=\"widget\" data-widget_type=\"heading.default\">\n\t\t\t\t\t<p class=\"elementor-heading-title elementor-size-default\">Attention ces dates pourront \u00eatre modifi\u00e9es de quelques jours suivant les contraintes des structures d'accueil.\n\n<\/p>\t\t\t\t<\/div>\n\t\t\t\t\t<\/div>\n\t\t\t\t<\/div>\n\t\t<div class=\"elementor-element elementor-element-2fc8218 e-flex e-con-boxed e-con e-parent\" data-id=\"2fc8218\" data-element_type=\"container\">\n\t\t\t\t\t<div class=\"e-con-inner\">\n\t\t<div class=\"elementor-element elementor-element-8f0566d e-con-full e-flex e-con e-child\" data-id=\"8f0566d\" data-element_type=\"container\">\n\t\t\t\t<div class=\"elementor-element elementor-element-4ec1180 elementor-widget elementor-widget-text-editor\" data-id=\"4ec1180\" data-element_type=\"widget\" data-widget_type=\"text-editor.default\">\n\t\t\t\t\t\t\t\t\t<p><strong>*<\/strong><strong><em>Aide du Conseil D\u00e9partemental<\/em><\/strong><\/p><p><strong><em>\u00a0<\/em><\/strong><strong>SANS CONDITIONS DE RESSOURCES<\/strong><\/p><p><strong><em>Mesure coup de pouce BAFA<\/em><\/strong><\/p><ul><li><strong>Aide de 200 \u20ac pour les stages en internat<\/strong><\/li><li><strong>Demande \u00e0 r\u00e9aliser sur le site <\/strong><a href=\"http:\/\/www.jeunesdu62.fr\" target=\"_blank\" rel=\"noopener\"><strong>jeunesdu62.fr<\/strong><\/a><\/li><\/ul><div id=\"sconnect-is-installed\" style=\"display: none;\">2.15.1.0<\/div><div id=\"sconnect-is-installed\" style=\"display: none;\">2.15.1.0<\/div>\t\t\t\t\t\t\t\t<\/div>\n\t\t\t\t<div class=\"elementor-element elementor-element-7f70d17 elementor-widget elementor-widget-image\" data-id=\"7f70d17\" data-element_type=\"widget\" data-widget_type=\"image.default\">\n\t\t\t\t\t\t\t\t\t\t\t\t\t\t\t<img fetchpriority=\"high\" decoding=\"async\" width=\"1024\" height=\"208\" src=\"https:\/\/association-enjeu.org\/site\/wp-content\/uploads\/2025\/01\/logo-menu-new-1024x208.png\" class=\"attachment-large size-large wp-image-66\" alt=\"\" srcset=\"https:\/\/association-enjeu.org\/site\/wp-content\/uploads\/2025\/01\/logo-menu-new-1024x208.png 1024w, https:\/\/association-enjeu.org\/site\/wp-content\/uploads\/2025\/01\/logo-menu-new-300x61.png 300w, https:\/\/association-enjeu.org\/site\/wp-content\/uploads\/2025\/01\/logo-menu-new-768x156.png 768w, https:\/\/association-enjeu.org\/site\/wp-content\/uploads\/2025\/01\/logo-menu-new-1536x312.png 1536w, https:\/\/association-enjeu.org\/site\/wp-content\/uploads\/2025\/01\/logo-menu-new-2048x417.png 2048w\" sizes=\"(max-width: 1024px) 100vw, 1024px\" \/>\t\t\t\t\t\t\t\t\t\t\t\t\t\t\t<\/div>\n\t\t\t\t<\/div>\n\t\t<div class=\"elementor-element elementor-element-b99730f e-con-full e-flex e-con e-child\" data-id=\"b99730f\" data-element_type=\"container\">\n\t\t\t\t<div class=\"elementor-element elementor-element-54de03c elementor-widget elementor-widget-text-editor\" data-id=\"54de03c\" data-element_type=\"widget\" data-widget_type=\"text-editor.default\">\n\t\t\t\t\t\t\t\t\t<p><strong>**<\/strong><strong><em>Aides possibles de la CAF<\/em><\/strong><\/p><p><strong>SOUS CONDITIONS DE RESSOURCES<\/strong><\/p><ul><li><strong>200 \u20ac si le QF est inf\u00e9rieur ou \u00e9gal \u00e0 617 \u20ac<\/strong><\/li><li><strong>175 \u20ac si le QF est compris entre 618 \u20ac et 800 \u20ac<\/strong><\/li><li><strong>150 \u20ac si le QF est compris entre 801\u20ac et 1 000 \u20ac<\/strong><\/li><\/ul><div id=\"sconnect-is-installed\" style=\"display: none;\">2.15.1.0<\/div><div id=\"sconnect-is-installed\" style=\"display: none;\">2.15.1.0<\/div>\t\t\t\t\t\t\t\t<\/div>\n\t\t\t\t<div class=\"elementor-element elementor-element-ac1269b elementor-widget__width-initial elementor-widget elementor-widget-image\" data-id=\"ac1269b\" data-element_type=\"widget\" data-widget_type=\"image.default\">\n\t\t\t\t\t\t\t\t\t\t\t\t\t\t\t<img decoding=\"async\" width=\"172\" height=\"236\" src=\"https:\/\/association-enjeu.org\/site\/wp-content\/uploads\/2025\/01\/logo-caf62.jpg\" class=\"attachment-large size-large wp-image-67\" alt=\"\" \/>\t\t\t\t\t\t\t\t\t\t\t\t\t\t\t<\/div>\n\t\t\t\t<\/div>\n\t\t\t\t\t<\/div>\n\t\t\t\t<\/div>\n\t\t\t\t<\/div>\n\t\t","protected":false},"excerpt":{"rendered":"<p>Calendrier de formations Attention ces dates pourront \u00eatre modifi\u00e9es de quelques jours suivant les contraintes des structures d&rsquo;accueil. *Aide du Conseil D\u00e9partemental \u00a0SANS CONDITIONS DE RESSOURCES Mesure coup de pouce BAFA Aide de 200 \u20ac pour les stages en internat Demande \u00e0 r\u00e9aliser sur le site jeunesdu62.fr 2.15.1.02.15.1.0 **Aides possibles de la CAF SOUS CONDITIONS [&hellip;]<\/p>\n","protected":false},"author":2,"featured_media":0,"parent":24,"menu_order":0,"comment_status":"closed","ping_status":"closed","template":"","meta":{"footnotes":""},"class_list":["post-811","page","type-page","status-publish","hentry","entry"],"_links":{"self":[{"href":"https:\/\/association-enjeu.org\/site\/wp-json\/wp\/v2\/pages\/811","targetHints":{"allow":["GET"]}}],"collection":[{"href":"https:\/\/association-enjeu.org\/site\/wp-json\/wp\/v2\/pages"}],"about":[{"href":"https:\/\/association-enjeu.org\/site\/wp-json\/wp\/v2\/types\/page"}],"author":[{"embeddable":true,"href":"https:\/\/association-enjeu.org\/site\/wp-json\/wp\/v2\/users\/2"}],"replies":[{"embeddable":true,"href":"https:\/\/association-enjeu.org\/site\/wp-json\/wp\/v2\/comments?post=811"}],"version-history":[{"count":18,"href":"https:\/\/association-enjeu.org\/site\/wp-json\/wp\/v2\/pages\/811\/revisions"}],"predecessor-version":[{"id":873,"href":"https:\/\/association-enjeu.org\/site\/wp-json\/wp\/v2\/pages\/811\/revisions\/873"}],"up":[{"embeddable":true,"href":"https:\/\/association-enjeu.org\/site\/wp-json\/wp\/v2\/pages\/24"}],"wp:attachment":[{"href":"https:\/\/association-enjeu.org\/site\/wp-json\/wp\/v2\/media?parent=811"}],"curies":[{"name":"wp","href":"https:\/\/api.w.org\/{rel}","templated":true}]}}