{"id":807,"date":"2025-10-09T15:58:38","date_gmt":"2025-10-09T13:58:38","guid":{"rendered":"https:\/\/association-enjeu.org\/site\/?page_id=807"},"modified":"2025-12-05T11:36:50","modified_gmt":"2025-12-05T10:36:50","slug":"service-civique","status":"publish","type":"page","link":"https:\/\/association-enjeu.org\/site\/secteur-formations\/service-civique\/","title":{"rendered":"Service civique"},"content":{"rendered":"\t\t<div data-elementor-type=\"wp-page\" data-elementor-id=\"807\" class=\"elementor elementor-807\">\n\t\t\t\t<div class=\"elementor-element elementor-element-30dbcb6 e-flex e-con-boxed e-con e-parent\" data-id=\"30dbcb6\" data-element_type=\"container\" data-settings=\"{&quot;background_background&quot;:&quot;classic&quot;}\">\n\t\t\t\t\t<div class=\"e-con-inner\">\n\t\t\t\t<div class=\"elementor-element elementor-element-cc040a4 elementor-widget elementor-widget-heading\" data-id=\"cc040a4\" data-element_type=\"widget\" data-widget_type=\"heading.default\">\n\t\t\t\t\t<h1 class=\"elementor-heading-title elementor-size-default\">SERVICE CIVIQUE<\/h1>\t\t\t\t<\/div>\n\t\t\t\t<div class=\"elementor-element elementor-element-8ea4e32 elementor-widget elementor-widget-text-editor\" data-id=\"8ea4e32\" data-element_type=\"widget\" data-widget_type=\"text-editor.default\">\n\t\t\t\t\t\t\t\t\t<p>Les organismes agr\u00e9\u00e9s au titre de l\u2019engagement de Service Civique ont l\u2019obligation d\u2019assurer \u00e0 leurs volontaires une formation civique et citoyenne.<\/p>\n<p>La formation civique et citoyenne doit \u00eatre d\u00e9livr\u00e9e au moins pour moiti\u00e9 dans les trois premiers mois de mission du volontaire, depuis la promulgation de la loi \u00c9galit\u00e9 et Citoyennet\u00e9 du 29 janvier 2017.<\/p>\n<p><strong>Cette formation civique et citoyenne comprend obligatoirement deux volets :<\/strong> <br \/><strong>* un volet \u00ab th\u00e9orique \u00bb <\/strong>comprenant un ou plusieurs modules con\u00e7us et organis\u00e9s par l\u2019organisme agr\u00e9\u00e9, ayant pour objectif de sensibiliser les volontaires aux enjeux de la citoyennet\u00e9 et transmettre les valeurs citoyennes du Service Civique;<br \/><strong>* un volet \u00ab pratique\u00bb<\/strong> sous la forme d\u2019une formation aux premiers secours de niveau 1 (PSC1).<\/p>\t\t\t\t\t\t\t\t<\/div>\n\t\t\t\t\t<\/div>\n\t\t\t\t<\/div>\n\t\t<div class=\"elementor-element elementor-element-5686107 e-flex e-con-boxed e-con e-parent\" data-id=\"5686107\" data-element_type=\"container\">\n\t\t\t\t\t<div class=\"e-con-inner\">\n\t\t\t\t<div class=\"elementor-element elementor-element-9641266 elementor-widget elementor-widget-heading\" data-id=\"9641266\" data-element_type=\"widget\" data-widget_type=\"heading.default\">\n\t\t\t\t\t<h2 class=\"elementor-heading-title elementor-size-default\">CONTENUS DE NOTRE FORMATION POUR LE VOLET TH\u00c9ORIQUE<\/h2>\t\t\t\t<\/div>\n\t\t\t\t\t<\/div>\n\t\t\t\t<\/div>\n\t\t<div class=\"elementor-element elementor-element-97c3313 e-flex e-con-boxed e-con e-parent\" data-id=\"97c3313\" data-element_type=\"container\">\n\t\t\t\t\t<div class=\"e-con-inner\">\n\t\t<div class=\"elementor-element elementor-element-4143718 e-con-full e-flex e-con e-child\" data-id=\"4143718\" data-element_type=\"container\">\n\t\t\t\t<div class=\"elementor-element elementor-element-0edf038 elementor-widget elementor-widget-image\" data-id=\"0edf038\" data-element_type=\"widget\" data-widget_type=\"image.default\">\n\t\t\t\t\t\t\t\t\t\t\t\t\t\t\t<img fetchpriority=\"high\" decoding=\"async\" width=\"640\" height=\"427\" src=\"https:\/\/association-enjeu.org\/site\/wp-content\/uploads\/2025\/01\/am2c-15.jpg\" class=\"attachment-large size-large wp-image-113\" alt=\"\" srcset=\"https:\/\/association-enjeu.org\/site\/wp-content\/uploads\/2025\/01\/am2c-15.jpg 640w, https:\/\/association-enjeu.org\/site\/wp-content\/uploads\/2025\/01\/am2c-15-300x200.jpg 300w\" sizes=\"(max-width: 640px) 100vw, 640px\" \/>\t\t\t\t\t\t\t\t\t\t\t\t\t\t\t<\/div>\n\t\t\t\t<\/div>\n\t\t<div class=\"elementor-element elementor-element-8e8175c e-con-full e-flex e-con e-child\" data-id=\"8e8175c\" data-element_type=\"container\">\n\t\t\t\t<div class=\"elementor-element elementor-element-5a3fc3b elementor-widget elementor-widget-heading\" data-id=\"5a3fc3b\" data-element_type=\"widget\" data-widget_type=\"heading.default\">\n\t\t\t\t\t<h2 class=\"elementor-heading-title elementor-size-default\">\nJour 1 : LES VALEURS DE LA R\u00c9PUBLIQUE\n<\/h2>\t\t\t\t<\/div>\n\t\t\t\t<div class=\"elementor-element elementor-element-b0193de elementor-widget elementor-widget-text-editor\" data-id=\"b0193de\" data-element_type=\"widget\" data-widget_type=\"text-editor.default\">\n\t\t\t\t\t\t\t\t\t<p class=\"has-text-align-center has-ysabeau-office-font-family\"><strong>Un projet porteur favorisant le vivre ensemble, quelles sont ces valeurs ?<br \/>Les droits et devoirs du citoyen :<br \/>Savoir se situer en tant que citoyen, Comment fonctionnent les institutions locales ?<\/strong><br \/><strong> \u00c0 quoi servent nos \u00e9lus ?<\/strong><\/p><p class=\"has-text-align-center has-ysabeau-office-font-family\"><strong>S\u2019engager en mission de service civique :<br \/>Un projet comment faire ? Une m\u00e9thodologie de projet en 3 temps pour concevoir<br \/>un projet en coh\u00e9rence avec les th\u00e9matiques du service civique<\/strong><\/p>\t\t\t\t\t\t\t\t<\/div>\n\t\t\t\t<\/div>\n\t\t\t\t\t<\/div>\n\t\t\t\t<\/div>\n\t\t<div class=\"elementor-element elementor-element-010f36b e-flex e-con-boxed e-con e-parent\" data-id=\"010f36b\" data-element_type=\"container\">\n\t\t\t\t\t<div class=\"e-con-inner\">\n\t\t<div class=\"elementor-element elementor-element-24360ee e-con-full e-flex e-con e-child\" data-id=\"24360ee\" data-element_type=\"container\">\n\t\t\t\t<div class=\"elementor-element elementor-element-82b9131 elementor-widget elementor-widget-image\" data-id=\"82b9131\" data-element_type=\"widget\" data-widget_type=\"image.default\">\n\t\t\t\t\t\t\t\t\t\t\t\t\t\t\t<img decoding=\"async\" width=\"300\" height=\"240\" src=\"https:\/\/association-enjeu.org\/site\/wp-content\/uploads\/2025\/01\/logo-service-civique-1-300x240.jpg\" class=\"attachment-medium size-medium wp-image-124\" alt=\"\" srcset=\"https:\/\/association-enjeu.org\/site\/wp-content\/uploads\/2025\/01\/logo-service-civique-1-300x240.jpg 300w, https:\/\/association-enjeu.org\/site\/wp-content\/uploads\/2025\/01\/logo-service-civique-1-768x613.jpg 768w, https:\/\/association-enjeu.org\/site\/wp-content\/uploads\/2025\/01\/logo-service-civique-1.jpg 800w\" sizes=\"(max-width: 300px) 100vw, 300px\" \/>\t\t\t\t\t\t\t\t\t\t\t\t\t\t\t<\/div>\n\t\t\t\t<\/div>\n\t\t<div class=\"elementor-element elementor-element-ea9c03d e-con-full e-flex e-con e-child\" data-id=\"ea9c03d\" data-element_type=\"container\">\n\t\t\t\t<div class=\"elementor-element elementor-element-f0edaa4 elementor-widget elementor-widget-heading\" data-id=\"f0edaa4\" data-element_type=\"widget\" data-widget_type=\"heading.default\">\n\t\t\t\t\t<h2 class=\"elementor-heading-title elementor-size-default\">\nJour 2 : LE R\u00d4LE ET LES FONCTIONS D'UN TRIBUNAL<\/h2>\t\t\t\t<\/div>\n\t\t\t\t<div class=\"elementor-element elementor-element-fc8cc6d elementor-widget elementor-widget-text-editor\" data-id=\"fc8cc6d\" data-element_type=\"widget\" data-widget_type=\"text-editor.default\">\n\t\t\t\t\t\t\t\t\t<p><strong>Participation \u00e0 une audience au Tribunal de Grande Instance d\u2019Arras, <\/strong><br \/><strong>accompagn\u00e9 d\u2019une responsable p\u00e9dagogique au sein du Tribunal <\/strong><br \/><strong>qui expliquera les fonctions et missions du Tribunal.<\/strong><\/p>\t\t\t\t\t\t\t\t<\/div>\n\t\t\t\t<\/div>\n\t\t\t\t\t<\/div>\n\t\t\t\t<\/div>\n\t\t<div class=\"elementor-element elementor-element-5c2d575 e-flex e-con-boxed e-con e-parent\" data-id=\"5c2d575\" data-element_type=\"container\">\n\t\t\t\t\t<div class=\"e-con-inner\">\n\t\t<div class=\"elementor-element elementor-element-e4ee1b5 e-con-full e-flex e-con e-child\" data-id=\"e4ee1b5\" data-element_type=\"container\">\n\t\t\t\t<div class=\"elementor-element elementor-element-25587d6 elementor-widget elementor-widget-image\" data-id=\"25587d6\" data-element_type=\"widget\" data-widget_type=\"image.default\">\n\t\t\t\t\t\t\t\t\t\t\t\t\t\t\t<img decoding=\"async\" width=\"203\" height=\"159\" src=\"https:\/\/association-enjeu.org\/site\/wp-content\/uploads\/2025\/01\/logo-ddcs-1.png\" class=\"attachment-large size-large wp-image-327\" alt=\"\" \/>\t\t\t\t\t\t\t\t\t\t\t\t\t\t\t<\/div>\n\t\t\t\t<\/div>\n\t\t<div class=\"elementor-element elementor-element-d10136c e-con-full e-flex e-con e-child\" data-id=\"d10136c\" data-element_type=\"container\">\n\t\t\t\t<div class=\"elementor-element elementor-element-52b1db2 elementor-widget elementor-widget-heading\" data-id=\"52b1db2\" data-element_type=\"widget\" data-widget_type=\"heading.default\">\n\t\t\t\t\t<h2 class=\"elementor-heading-title elementor-size-default\">\nDATES DE NOS PROCHAINES FORMATIONS<\/h2>\t\t\t\t<\/div>\n\t\t\t\t<div class=\"elementor-element elementor-element-e700ccd elementor-widget elementor-widget-text-editor\" data-id=\"e700ccd\" data-element_type=\"widget\" data-widget_type=\"text-editor.default\">\n\t\t\t\t\t\t\t\t\t<p class=\"has-text-align-center has-contrast-color has-text-color has-link-color wp-elements-48afdc7dfb52fb3dba61d2f1585fb30c\"><strong>Ci-dessous les dates de nos prochaines formations civiques et citoyennes\u00a0<\/strong><\/p><table width=\"676\"><tbody><tr><td width=\"249\"><p><b>DATES<\/b><\/p><\/td><td width=\"202\"><p><b>LIEUX<\/b><\/p><\/td><td width=\"225\"><p><b>HORAIRES<\/b><\/p><\/td><\/tr><tr><td width=\"249\"><p><b>12 et 13 janvier 2026<\/b><\/p><\/td><td rowspan=\"6\" width=\"202\"><p>\u00a0<\/p><p>\u00a0<\/p><p>\u00a0<\/p><p>\u00a0<\/p><p>\u00a0<\/p><p>\u00a0<\/p><p><b>10 rue<\/b><b> de la Bastille <br \/>62210 AVION<\/b><\/p><\/td><td rowspan=\"6\" width=\"225\"><p>\u00a0<\/p><p>\u00a0<\/p><p>\u00a0<\/p><p>\u00a0<\/p><p>\u00a0<\/p><p>\u00a0<\/p><p><b>9H00 \u2013 12H00<\/b><\/p><p><b>14H00 \u2013 17H00<\/b><\/p><\/td><\/tr><tr><td width=\"249\"><p><b>09 et 10 <\/b><b>F\u00e9vrier<\/b><b> 2026<\/b><\/p><\/td><\/tr><tr><td width=\"249\"><p><b>16 et 17 <\/b><b>Mars<\/b><b> 2026<\/b><\/p><\/td><\/tr><tr><td width=\"249\"><p><b>27 et 28 <\/b><b>Avril<\/b><b> 2026<\/b><\/p><\/td><\/tr><tr><td width=\"249\"><p><b>18 et 19 <\/b><b>Mai<\/b><b> 2026<\/b><\/p><\/td><\/tr><tr><td width=\"249\"><p><b>15 et 16 <\/b><b>Juin<\/b><b> 2026<\/b><\/p><\/td><\/tr><\/tbody><\/table><div id=\"sconnect-is-installed\" style=\"display: none;\">2.15.1.0<\/div><div id=\"sconnect-is-installed\" style=\"display: none;\">2.15.1.0<\/div>\t\t\t\t\t\t\t\t<\/div>\n\t\t\t\t<\/div>\n\t\t\t\t\t<\/div>\n\t\t\t\t<\/div>\n\t\t<div class=\"elementor-element elementor-element-90017af e-flex e-con-boxed e-con e-parent\" data-id=\"90017af\" data-element_type=\"container\">\n\t\t\t\t\t<div class=\"e-con-inner\">\n\t\t<div class=\"elementor-element elementor-element-30915d0 e-con-full e-flex e-con e-child\" data-id=\"30915d0\" data-element_type=\"container\">\n\t\t\t\t<div class=\"elementor-element elementor-element-858b00a elementor-widget elementor-widget-image\" data-id=\"858b00a\" data-element_type=\"widget\" data-widget_type=\"image.default\">\n\t\t\t\t\t\t\t\t\t\t\t\t\t\t\t<img loading=\"lazy\" decoding=\"async\" width=\"597\" height=\"411\" src=\"https:\/\/association-enjeu.org\/site\/wp-content\/uploads\/2025\/10\/Capture-decran-2025-10-09-155805.png\" class=\"attachment-large size-large wp-image-816\" alt=\"\" srcset=\"https:\/\/association-enjeu.org\/site\/wp-content\/uploads\/2025\/10\/Capture-decran-2025-10-09-155805.png 597w, https:\/\/association-enjeu.org\/site\/wp-content\/uploads\/2025\/10\/Capture-decran-2025-10-09-155805-300x207.png 300w\" sizes=\"(max-width: 597px) 100vw, 597px\" \/>\t\t\t\t\t\t\t\t\t\t\t\t\t\t\t<\/div>\n\t\t\t\t<\/div>\n\t\t<div class=\"elementor-element elementor-element-875b920 e-con-full e-flex e-con e-child\" data-id=\"875b920\" data-element_type=\"container\">\n\t\t\t\t<div class=\"elementor-element elementor-element-4c5869d elementor-widget elementor-widget-heading\" data-id=\"4c5869d\" data-element_type=\"widget\" data-widget_type=\"heading.default\">\n\t\t\t\t\t<h2 class=\"elementor-heading-title elementor-size-default\">\nCO\u00dbT DE LA FORMATION<\/h2>\t\t\t\t<\/div>\n\t\t\t\t<div class=\"elementor-element elementor-element-c60c02c elementor-widget elementor-widget-text-editor\" data-id=\"c60c02c\" data-element_type=\"widget\" data-widget_type=\"text-editor.default\">\n\t\t\t\t\t\t\t\t\t<p><br \/><strong>Les 2 jours de formation : 100 \u20ac par volontaire <\/strong><br \/><strong>correspondant aux frais p\u00e9dagogiques<br \/>factur\u00e9s aux structures.<\/strong><\/p>\t\t\t\t\t\t\t\t<\/div>\n\t\t\t\t<div class=\"elementor-element elementor-element-9c8ccf6 elementor-align-center elementor-widget elementor-widget-button\" data-id=\"9c8ccf6\" data-element_type=\"widget\" data-widget_type=\"button.default\">\n\t\t\t\t\t\t\t\t\t\t<a class=\"elementor-button elementor-button-link elementor-size-sm\" href=\"https:\/\/association-enjeu.org\/site\/wp-content\/uploads\/2025\/01\/fiche-inscription-formation-service-civique.pdf\">\n\t\t\t\t\t\t<span class=\"elementor-button-content-wrapper\">\n\t\t\t\t\t\t\t\t\t<span class=\"elementor-button-text\">T\u00e9l\u00e9charger le document <\/span>\n\t\t\t\t\t<\/span>\n\t\t\t\t\t<\/a>\n\t\t\t\t\t\t\t\t<\/div>\n\t\t\t\t<\/div>\n\t\t\t\t\t<\/div>\n\t\t\t\t<\/div>\n\t\t\t\t<\/div>\n\t\t","protected":false},"excerpt":{"rendered":"<p>SERVICE CIVIQUE Les organismes agr\u00e9\u00e9s au titre de l\u2019engagement de Service Civique ont l\u2019obligation d\u2019assurer \u00e0 leurs volontaires une formation civique et citoyenne. La formation civique et citoyenne doit \u00eatre d\u00e9livr\u00e9e au moins pour moiti\u00e9 dans les trois premiers mois de mission du volontaire, depuis la promulgation de la loi \u00c9galit\u00e9 et Citoyennet\u00e9 du 29 [&hellip;]<\/p>\n","protected":false},"author":2,"featured_media":0,"parent":275,"menu_order":0,"comment_status":"closed","ping_status":"closed","template":"","meta":{"footnotes":""},"class_list":["post-807","page","type-page","status-publish","hentry","entry"],"_links":{"self":[{"href":"https:\/\/association-enjeu.org\/site\/wp-json\/wp\/v2\/pages\/807","targetHints":{"allow":["GET"]}}],"collection":[{"href":"https:\/\/association-enjeu.org\/site\/wp-json\/wp\/v2\/pages"}],"about":[{"href":"https:\/\/association-enjeu.org\/site\/wp-json\/wp\/v2\/types\/page"}],"author":[{"embeddable":true,"href":"https:\/\/association-enjeu.org\/site\/wp-json\/wp\/v2\/users\/2"}],"replies":[{"embeddable":true,"href":"https:\/\/association-enjeu.org\/site\/wp-json\/wp\/v2\/comments?post=807"}],"version-history":[{"count":30,"href":"https:\/\/association-enjeu.org\/site\/wp-json\/wp\/v2\/pages\/807\/revisions"}],"predecessor-version":[{"id":1200,"href":"https:\/\/association-enjeu.org\/site\/wp-json\/wp\/v2\/pages\/807\/revisions\/1200"}],"up":[{"embeddable":true,"href":"https:\/\/association-enjeu.org\/site\/wp-json\/wp\/v2\/pages\/275"}],"wp:attachment":[{"href":"https:\/\/association-enjeu.org\/site\/wp-json\/wp\/v2\/media?parent=807"}],"curies":[{"name":"wp","href":"https:\/\/api.w.org\/{rel}","templated":true}]}}