{"id":329,"date":"2025-01-30T10:35:36","date_gmt":"2025-01-30T09:35:36","guid":{"rendered":"https:\/\/association-enjeu.org\/site\/?page_id=329"},"modified":"2025-10-10T16:28:37","modified_gmt":"2025-10-10T14:28:37","slug":"devenir-benevole","status":"publish","type":"page","link":"https:\/\/association-enjeu.org\/site\/lassociation-2\/devenir-benevole\/","title":{"rendered":"Devenir B\u00e9n\u00e9vole"},"content":{"rendered":"\t\t<div data-elementor-type=\"wp-page\" data-elementor-id=\"329\" class=\"elementor elementor-329\">\n\t\t\t\t<div class=\"elementor-element elementor-element-5f9747fc e-flex e-con-boxed e-con e-parent\" data-id=\"5f9747fc\" data-element_type=\"container\">\n\t\t\t\t\t<div class=\"e-con-inner\">\n\t\t\t\t<div class=\"elementor-element elementor-element-72474293 elementor-widget elementor-widget-text-editor\" data-id=\"72474293\" data-element_type=\"widget\" data-widget_type=\"text-editor.default\">\n\t\t\t\t\t\t\t\t\t<div id=\"sconnect-is-installed\" style=\"display: none;\">\n<p>LE B\u00c9N\u00c9VOLAT EST ENRICHISSANT, IL VOUS PERMETTRA :<\/p>\n<p>de lutter contre les in\u00e9galit\u00e9s,<br \/>de participer \u00e0 l\u2019am\u00e9lioration de la soci\u00e9t\u00e9,<br \/>de vous sentir utile,<br \/>de cr\u00e9er des liens,<\/p>\n<p>D\u2019ACTUALISER VOS CONNAISSANCES DANS LE DOMAINE DE L&rsquo;ANIMATION&#8230;VOUS RECEVREZ BEAUCOUP PLUS QUE VOUS NE DONNEREZ, TOUS LES B\u00c9N\u00c9VOLES PEUVENT EN T\u00c9MOIGNER.<\/p>\n<p>Etre b\u00e9n\u00e9vole c&rsquo;est :<\/p>\n<p>Partager les valeurs de l\u2019association, son projet \u00e9ducatif<br \/>Donner de son temps,<br \/>S&rsquo;investir pour des causes justes<br \/>Transmettre des connaissances, des techniques&#8230;<br \/>Vous avez envie d&rsquo; :<\/p>\n<p>Organiser des activit\u00e9s, des projets \u00e0 court ou long termes visant \u00e0 r\u00e9unir des enfants autour d\u2019activit\u00e9s ludiques, sportives, culturelles\u2026<br \/>Accompagner les enfants lors de la r\u00e9alisation de projets.<br \/>Organiser des \u00e9v\u00e9nements et des op\u00e9rations destin\u00e9s \u00e0 soulever des fonds pour financer des projets de groupes.<\/p>\n<p>Contactez nous :<\/p>\n<p>Association Enjeu<br \/>34 rue Marcel DANDRE &#8211; 62210 AVION<br \/>Tel : 03\/21\/28\/30\/89.\u00a0 Mail : enjeu62@association-enjeu.org<\/p>\n<p>LE B\u00c9N\u00c9VOLAT EST ENRICHISSANT, IL VOUS PERMETTRA :<\/p>\n<p>de lutter contre les in\u00e9galit\u00e9s,<br \/>de participer \u00e0 l\u2019am\u00e9lioration de la soci\u00e9t\u00e9,<br \/>de vous sentir utile,<br \/>de cr\u00e9er des liens,<\/p>\n<p>D\u2019ACTUALISER VOS CONNAISSANCES DANS LE DOMAINE DE L&rsquo;ANIMATION&#8230;VOUS RECEVREZ BEAUCOUP PLUS QUE VOUS NE DONNEREZ, TOUS LES B\u00c9N\u00c9VOLES PEUVENT EN T\u00c9MOIGNER.<\/p>\n<p>Etre b\u00e9n\u00e9vole c&rsquo;est :<\/p>\n<p>Partager les valeurs de l\u2019association, son projet \u00e9ducatif<br \/>Donner de son temps,<br \/>S&rsquo;investir pour des causes justes<br \/>Transmettre des connaissances, des techniques&#8230;<br \/>Vous avez envie d&rsquo; :<\/p>\n<p>Organiser des activit\u00e9s, des projets \u00e0 court ou long termes visant \u00e0 r\u00e9unir des enfants autour d\u2019activit\u00e9s ludiques, sportives, culturelles\u2026<br \/>Accompagner les enfants lors de la r\u00e9alisation de projets.<br \/>Organiser des \u00e9v\u00e9nements et des op\u00e9rations destin\u00e9s \u00e0 soulever des fonds pour financer des projets de groupes.<\/p>\n<p>Contactez nous :<\/p>\n<p>Association Enjeu<br \/>34 rue Marcel DANDRE &#8211; 62210 AVION<br \/>Tel : 03\/21\/28\/30\/89.\u00a0 Mail : enjeu62@association-enjeu.org<\/p>\n2.15.1.0<\/div>\t\t\t\t\t\t\t\t<\/div>\n\t\t\t\t\t<\/div>\n\t\t\t\t<\/div>\n\t\t<div class=\"elementor-element elementor-element-416a200 e-flex e-con-boxed e-con e-parent\" data-id=\"416a200\" data-element_type=\"container\">\n\t\t\t\t\t<div class=\"e-con-inner\">\n\t\t\t\t<div class=\"elementor-element elementor-element-a97ab4b elementor-widget elementor-widget-heading\" data-id=\"a97ab4b\" data-element_type=\"widget\" data-widget_type=\"heading.default\">\n\t\t\t\t\t<h2 class=\"elementor-heading-title elementor-size-default\">\u00catre b\u00e9n\u00e9vole<\/h2>\t\t\t\t<\/div>\n\t\t\t\t\t<\/div>\n\t\t\t\t<\/div>\n\t\t<div class=\"elementor-element elementor-element-20c3e1a e-flex e-con-boxed e-con e-parent\" data-id=\"20c3e1a\" data-element_type=\"container\">\n\t\t\t\t\t<div class=\"e-con-inner\">\n\t\t<div class=\"elementor-element elementor-element-3bc8e5d e-con-full e-flex e-con e-child\" data-id=\"3bc8e5d\" data-element_type=\"container\">\n\t\t\t\t<div class=\"elementor-element elementor-element-5dd9aee elementor-view-stacked elementor-shape-circle elementor-widget elementor-widget-icon\" data-id=\"5dd9aee\" data-element_type=\"widget\" data-widget_type=\"icon.default\">\n\t\t\t\t\t\t\t<div class=\"elementor-icon-wrapper\">\n\t\t\t<div class=\"elementor-icon\">\n\t\t\t<svg aria-hidden=\"true\" class=\"e-font-icon-svg e-fas-star\" viewBox=\"0 0 576 512\" xmlns=\"http:\/\/www.w3.org\/2000\/svg\"><path d=\"M259.3 17.8L194 150.2 47.9 171.5c-26.2 3.8-36.7 36.1-17.7 54.6l105.7 103-25 145.5c-4.5 26.3 23.2 46 46.4 33.7L288 439.6l130.7 68.7c23.2 12.2 50.9-7.4 46.4-33.7l-25-145.5 105.7-103c19-18.5 8.5-50.8-17.7-54.6L382 150.2 316.7 17.8c-11.7-23.6-45.6-23.9-57.4 0z\"><\/path><\/svg>\t\t\t<\/div>\n\t\t<\/div>\n\t\t\t\t\t\t<\/div>\n\t\t\t\t<\/div>\n\t\t<div class=\"elementor-element elementor-element-4ff1129 e-con-full e-flex e-con e-child\" data-id=\"4ff1129\" data-element_type=\"container\">\n\t\t\t\t<div class=\"elementor-element elementor-element-8f393c7 elementor-view-stacked elementor-shape-circle elementor-widget elementor-widget-icon\" data-id=\"8f393c7\" data-element_type=\"widget\" data-widget_type=\"icon.default\">\n\t\t\t\t\t\t\t<div class=\"elementor-icon-wrapper\">\n\t\t\t<div class=\"elementor-icon\">\n\t\t\t<svg aria-hidden=\"true\" class=\"e-font-icon-svg e-fas-star\" viewBox=\"0 0 576 512\" xmlns=\"http:\/\/www.w3.org\/2000\/svg\"><path d=\"M259.3 17.8L194 150.2 47.9 171.5c-26.2 3.8-36.7 36.1-17.7 54.6l105.7 103-25 145.5c-4.5 26.3 23.2 46 46.4 33.7L288 439.6l130.7 68.7c23.2 12.2 50.9-7.4 46.4-33.7l-25-145.5 105.7-103c19-18.5 8.5-50.8-17.7-54.6L382 150.2 316.7 17.8c-11.7-23.6-45.6-23.9-57.4 0z\"><\/path><\/svg>\t\t\t<\/div>\n\t\t<\/div>\n\t\t\t\t\t\t<\/div>\n\t\t\t\t<\/div>\n\t\t\t\t\t<\/div>\n\t\t\t\t<\/div>\n\t\t<div class=\"elementor-element elementor-element-66ebb0f e-flex e-con-boxed e-con e-parent\" data-id=\"66ebb0f\" data-element_type=\"container\">\n\t\t\t\t\t<div class=\"e-con-inner\">\n\t\t<div class=\"elementor-element elementor-element-1e069a2 e-con-full e-flex e-con e-child\" data-id=\"1e069a2\" data-element_type=\"container\">\n\t\t\t\t<div class=\"elementor-element elementor-element-0e1912f elementor-widget elementor-widget-text-editor\" data-id=\"0e1912f\" data-element_type=\"widget\" data-widget_type=\"text-editor.default\">\n\t\t\t\t\t\t\t\t\t<p>le b\u00e9n\u00e9volat est enrichissant, il vous permettra :<\/p>\n<ul>\n<li>de lutter contre les in\u00e9galit\u00e9s,<\/li>\n<li>de participer \u00e0 l\u2019am\u00e9lioration de la soci\u00e9t\u00e9,<\/li>\n<li>de vous sentir utile,<br \/>de cr\u00e9er des liens,<\/li>\n<li>d&rsquo;actualiser vos connaissances dans le domaine de l&rsquo;animation<\/li>\n<\/ul>\n<p>\u00a0<\/p>\n<p>\u00catre b\u00e9n\u00e9vole c&rsquo;est :<\/p>\n<ul>\n<li>Partager les valeurs de l\u2019association, son projet \u00e9ducatif<\/li>\n<li>Donner de son temps,<br \/>S&rsquo;investir pour des causes justes<\/li>\n<li>Transmettre des connaissances, des techniques&#8230;<\/li>\n<\/ul>\n<p>\u00a0<\/p>\n<p>\u00a0<\/p>\n<div id=\"sconnect-is-installed\" style=\"display: none;\">2.15.1.0<\/div>\n<div id=\"sconnect-is-installed\" style=\"display: none;\">2.15.1.0<\/div>\n<div id=\"sconnect-is-installed\" style=\"display: none;\">2.15.1.0<\/div>\n<div id=\"sconnect-is-installed\" style=\"display: none;\">2.15.1.0<\/div>\n<div id=\"sconnect-is-installed\" style=\"display: none;\">2.15.1.0<\/div>\n<div id=\"sconnect-is-installed\" style=\"display: none;\">2.15.1.0<\/div>\n<div id=\"sconnect-is-installed\" style=\"display: none;\">2.15.1.0<\/div>\n<div id=\"sconnect-is-installed\" style=\"display: none;\">2.15.1.0<\/div>\n<div id=\"sconnect-is-installed\" style=\"display: none;\">2.15.1.0<\/div>\n<div id=\"sconnect-is-installed\" style=\"display: none;\">2.15.1.0<\/div>\n<div id=\"sconnect-is-installed\" style=\"display: none;\">2.15.1.0<\/div>\n<div id=\"sconnect-is-installed\" style=\"display: none;\">2.15.1.0<\/div>\t\t\t\t\t\t\t\t<\/div>\n\t\t\t\t<\/div>\n\t\t<div class=\"elementor-element elementor-element-8b9b319 e-con-full e-flex e-con e-child\" data-id=\"8b9b319\" data-element_type=\"container\">\n\t\t\t\t<div class=\"elementor-element elementor-element-cba7c46 elementor-widget elementor-widget-text-editor\" data-id=\"cba7c46\" data-element_type=\"widget\" data-widget_type=\"text-editor.default\">\n\t\t\t\t\t\t\t\t\t<p>Vous avez envie d&rsquo; :<\/p>\n<ul>\n<li>Organiser des activit\u00e9s, des projets \u00e0 court ou long termes visant \u00e0 r\u00e9unir des enfants autour d\u2019activit\u00e9s ludiques, sportives, culturelles\u2026<\/li>\n<li>Accompagner les enfants lors de la r\u00e9alisation de projets.<\/li>\n<li>Organiser des \u00e9v\u00e9nements et des op\u00e9rations destin\u00e9s \u00e0 soulever des fonds pour financer des projets de groupes.<\/li>\n<\/ul>\n<div id=\"sconnect-is-installed\" style=\"display: none;\">2.15.1.0<\/div>\n<div id=\"sconnect-is-installed\" style=\"display: none;\">2.15.1.0<\/div>\t\t\t\t\t\t\t\t<\/div>\n\t\t\t\t<\/div>\n\t\t\t\t\t<\/div>\n\t\t\t\t<\/div>\n\t\t<div class=\"elementor-element elementor-element-2f5b867 e-flex e-con-boxed e-con e-parent\" data-id=\"2f5b867\" data-element_type=\"container\">\n\t\t\t\t\t<div class=\"e-con-inner\">\n\t\t\t\t<div class=\"elementor-element elementor-element-052c21e elementor-widget elementor-widget-text-editor\" data-id=\"052c21e\" data-element_type=\"widget\" data-widget_type=\"text-editor.default\">\n\t\t\t\t\t\t\t\t\t<p><strong>VOUS RECEVREZ BEAUCOUP PLUS QUE VOUS NE DONNEREZ, TOUS LES B\u00c9N\u00c9VOLES PEUVENT EN T\u00c9MOIGNER.<\/strong><\/p>\n<p><strong>Vous souhaitez vous engager dans le b\u00e9n\u00e9volat:\u00a0<\/strong><\/p>\n<p><strong>Contactez-nous au : 03.21.28.30.89<\/strong><\/p>\n<div id=\"sconnect-is-installed\" style=\"display: none;\">2.15.1.0<\/div>\n<div id=\"sconnect-is-installed\" style=\"display: none;\">2.15.1.0<\/div>\t\t\t\t\t\t\t\t<\/div>\n\t\t\t\t\t<\/div>\n\t\t\t\t<\/div>\n\t\t\t\t<\/div>\n\t\t","protected":false},"excerpt":{"rendered":"<p>LE B\u00c9N\u00c9VOLAT EST ENRICHISSANT, IL VOUS PERMETTRA : de lutter contre les in\u00e9galit\u00e9s,de participer \u00e0 l\u2019am\u00e9lioration de la soci\u00e9t\u00e9,de vous sentir utile,de cr\u00e9er des liens, D\u2019ACTUALISER VOS CONNAISSANCES DANS LE DOMAINE DE L&rsquo;ANIMATION&#8230;VOUS RECEVREZ BEAUCOUP PLUS QUE VOUS NE DONNEREZ, TOUS LES B\u00c9N\u00c9VOLES PEUVENT EN T\u00c9MOIGNER. Etre b\u00e9n\u00e9vole c&rsquo;est : Partager les valeurs de l\u2019association, [&hellip;]<\/p>\n","protected":false},"author":2,"featured_media":0,"parent":851,"menu_order":0,"comment_status":"closed","ping_status":"closed","template":"","meta":{"footnotes":""},"class_list":["post-329","page","type-page","status-publish","hentry","entry"],"_links":{"self":[{"href":"https:\/\/association-enjeu.org\/site\/wp-json\/wp\/v2\/pages\/329","targetHints":{"allow":["GET"]}}],"collection":[{"href":"https:\/\/association-enjeu.org\/site\/wp-json\/wp\/v2\/pages"}],"about":[{"href":"https:\/\/association-enjeu.org\/site\/wp-json\/wp\/v2\/types\/page"}],"author":[{"embeddable":true,"href":"https:\/\/association-enjeu.org\/site\/wp-json\/wp\/v2\/users\/2"}],"replies":[{"embeddable":true,"href":"https:\/\/association-enjeu.org\/site\/wp-json\/wp\/v2\/comments?post=329"}],"version-history":[{"count":26,"href":"https:\/\/association-enjeu.org\/site\/wp-json\/wp\/v2\/pages\/329\/revisions"}],"predecessor-version":[{"id":1027,"href":"https:\/\/association-enjeu.org\/site\/wp-json\/wp\/v2\/pages\/329\/revisions\/1027"}],"up":[{"embeddable":true,"href":"https:\/\/association-enjeu.org\/site\/wp-json\/wp\/v2\/pages\/851"}],"wp:attachment":[{"href":"https:\/\/association-enjeu.org\/site\/wp-json\/wp\/v2\/media?parent=329"}],"curies":[{"name":"wp","href":"https:\/\/api.w.org\/{rel}","templated":true}]}}