{"id":287,"date":"2025-01-29T15:21:45","date_gmt":"2025-01-29T14:21:45","guid":{"rendered":"https:\/\/association-enjeu.org\/site\/?page_id=287"},"modified":"2025-10-10T16:53:33","modified_gmt":"2025-10-10T14:53:33","slug":"secteur-initiatives","status":"publish","type":"page","link":"https:\/\/association-enjeu.org\/site\/secteur-initiatives\/","title":{"rendered":"Secteur Initiatives"},"content":{"rendered":"\t\t<div data-elementor-type=\"wp-page\" data-elementor-id=\"287\" class=\"elementor elementor-287\">\n\t\t\t\t<div class=\"elementor-element elementor-element-eb34913 e-flex e-con-boxed e-con e-parent\" data-id=\"eb34913\" data-element_type=\"container\">\n\t\t\t\t\t<div class=\"e-con-inner\">\n\t\t\t\t<div class=\"elementor-element elementor-element-6f46063 elementor-widget elementor-widget-heading\" data-id=\"6f46063\" data-element_type=\"widget\" data-widget_type=\"heading.default\">\n\t\t\t\t\t<h2 class=\"elementor-heading-title elementor-size-default\">Des initiatives qui font sens...<\/h2>\t\t\t\t<\/div>\n\t\t\t\t\t<\/div>\n\t\t\t\t<\/div>\n\t\t<div class=\"elementor-element elementor-element-3860118e e-flex e-con-boxed e-con e-parent\" data-id=\"3860118e\" data-element_type=\"container\">\n\t\t\t\t\t<div class=\"e-con-inner\">\n\t\t\t\t<div class=\"elementor-element elementor-element-3305db4 elementor-widget elementor-widget-text-editor\" data-id=\"3305db4\" data-element_type=\"widget\" data-widget_type=\"text-editor.default\">\n\t\t\t\t\t\t\t\t\t<p>\u00a0<\/p>\n<p>Les initiatives d\u2019un mouvement d\u2019\u00e9ducation populaire comme le n\u00f4tre ont pour vocation de mettre en mouvement les militants, de les accompagner dans leur action avec les enfants, de leur donner toutes les clefs pour \u00eatre en capacit\u00e9 de transmettre aux enfants, de transformer avec eux leur r\u00e9alit\u00e9 dans une volont\u00e9 \u00e9mancipatrice pour toutes et tous.<\/p>\n<p>Nos activit\u00e9s au sein des <strong>groupes de quartier<\/strong>, mais \u00e9galement le <strong>Village Itin\u00e9rant des Droits de l&rsquo;enfant<\/strong>, <strong>la rue aux enfants<\/strong> sont de formidables moyens de mise en \u0153uvre de pratiques \u00e9ducatives neuves, bien en prise avec les r\u00e9alit\u00e9s de notre temps.<\/p>\n<p><strong>Le camping de la \u00ab\u00a0Glissoire\u00a0\u00bb<\/strong> a \u00e9t\u00e9 cr\u00e9\u00e9 afin de permettre aux accueils collectifs de mineurs de pourvoir faire d\u00e9couvrir les joies du camping aux enfants, de vivre des moments de partage et de vie collective (pr\u00e9paration des repas&#8230;) tout en profitant du potentiel du parc de la Glissoire d&rsquo;Avion et de ses activit\u00e9s (cano\u00e9-kayak, plage de la glissoire&#8230;) et des infrastructure avoisinantes (mus\u00e9e du Louvre-Lens, visite guid\u00e9e de la chaine des terrils&#8230;)<\/p>\n<p><strong>Les 10000 D\u00e9parts en vacances<\/strong>, un projet hors normes sur le territoire de l&rsquo;agglom\u00e9ration LENS-LIEVIN, regroupant les diff\u00e9rentes communes afin de permettre aux habitants de partir en vacances. une simple volont\u00e9 faire du droit aux vacances une r\u00e9alit\u00e9 pour tous!<\/p>\n<p>\u00a0<\/p>\n<div id=\"sconnect-is-installed\" style=\"display: none;\">2.15.1.0<\/div>\n<div id=\"sconnect-is-installed\" style=\"display: none;\">2.15.1.0<\/div>\n<div id=\"sconnect-is-installed\" style=\"display: none;\">2.15.1.0<\/div>\n<div id=\"sconnect-is-installed\" style=\"display: none;\">2.15.1.0<\/div>\n<div id=\"sconnect-is-installed\" style=\"display: none;\">2.15.1.0<\/div>\n<div id=\"sconnect-is-installed\" style=\"display: none;\">2.15.1.0<\/div>\t\t\t\t\t\t\t\t<\/div>\n\t\t<div class=\"elementor-element elementor-element-8cd5767 e-grid e-con-full e-con e-child\" data-id=\"8cd5767\" data-element_type=\"container\">\n\t\t\t\t<div class=\"elementor-element elementor-element-d4667f1 elementor-widget elementor-widget-image\" data-id=\"d4667f1\" data-element_type=\"widget\" data-widget_type=\"image.default\">\n\t\t\t\t\t\t\t\t\t\t\t\t\t\t\t<img fetchpriority=\"high\" decoding=\"async\" width=\"800\" height=\"597\" src=\"https:\/\/association-enjeu.org\/site\/wp-content\/uploads\/2025\/10\/img-0584-jpg.jpg\" class=\"attachment-large size-large wp-image-1088\" alt=\"\" srcset=\"https:\/\/association-enjeu.org\/site\/wp-content\/uploads\/2025\/10\/img-0584-jpg.jpg 800w, https:\/\/association-enjeu.org\/site\/wp-content\/uploads\/2025\/10\/img-0584-jpg-300x224.jpg 300w, https:\/\/association-enjeu.org\/site\/wp-content\/uploads\/2025\/10\/img-0584-jpg-768x573.jpg 768w\" sizes=\"(max-width: 800px) 100vw, 800px\" \/>\t\t\t\t\t\t\t\t\t\t\t\t\t\t\t<\/div>\n\t\t\t\t<div class=\"elementor-element elementor-element-a54af7d elementor-widget elementor-widget-image\" data-id=\"a54af7d\" data-element_type=\"widget\" data-widget_type=\"image.default\">\n\t\t\t\t\t\t\t\t\t\t\t\t\t\t\t<img decoding=\"async\" width=\"1024\" height=\"768\" src=\"https:\/\/association-enjeu.org\/site\/wp-content\/uploads\/2025\/01\/IMG_0029-1024x768.jpg\" class=\"attachment-large size-large wp-image-79\" alt=\"\" srcset=\"https:\/\/association-enjeu.org\/site\/wp-content\/uploads\/2025\/01\/IMG_0029-1024x768.jpg 1024w, https:\/\/association-enjeu.org\/site\/wp-content\/uploads\/2025\/01\/IMG_0029-300x225.jpg 300w, https:\/\/association-enjeu.org\/site\/wp-content\/uploads\/2025\/01\/IMG_0029-768x576.jpg 768w, https:\/\/association-enjeu.org\/site\/wp-content\/uploads\/2025\/01\/IMG_0029-1536x1152.jpg 1536w, https:\/\/association-enjeu.org\/site\/wp-content\/uploads\/2025\/01\/IMG_0029.jpg 1600w\" sizes=\"(max-width: 1024px) 100vw, 1024px\" \/>\t\t\t\t\t\t\t\t\t\t\t\t\t\t\t<\/div>\n\t\t\t\t<\/div>\n\t\t\t\t\t<\/div>\n\t\t\t\t<\/div>\n\t\t<div class=\"elementor-element elementor-element-b17859c e-flex e-con-boxed e-con e-parent\" data-id=\"b17859c\" data-element_type=\"container\">\n\t\t\t\t\t<div class=\"e-con-inner\">\n\t\t\t\t<div class=\"elementor-element elementor-element-92e5daa elementor-widget elementor-widget-image\" data-id=\"92e5daa\" data-element_type=\"widget\" data-widget_type=\"image.default\">\n\t\t\t\t\t\t\t\t\t\t\t\t\t\t\t<img decoding=\"async\" width=\"1024\" height=\"576\" src=\"https:\/\/association-enjeu.org\/site\/wp-content\/uploads\/2025\/03\/20685581-Copie-1024x576.jpeg\" class=\"attachment-large size-large wp-image-500\" alt=\"\" srcset=\"https:\/\/association-enjeu.org\/site\/wp-content\/uploads\/2025\/03\/20685581-Copie-1024x576.jpeg 1024w, https:\/\/association-enjeu.org\/site\/wp-content\/uploads\/2025\/03\/20685581-Copie-300x169.jpeg 300w, https:\/\/association-enjeu.org\/site\/wp-content\/uploads\/2025\/03\/20685581-Copie-768x432.jpeg 768w, https:\/\/association-enjeu.org\/site\/wp-content\/uploads\/2025\/03\/20685581-Copie.jpeg 1350w\" sizes=\"(max-width: 1024px) 100vw, 1024px\" \/>\t\t\t\t\t\t\t\t\t\t\t\t\t\t\t<\/div>\n\t\t\t\t\t<\/div>\n\t\t\t\t<\/div>\n\t\t\t\t<\/div>\n\t\t","protected":false},"excerpt":{"rendered":"<p>Des initiatives qui font sens&#8230; \u00a0 Les initiatives d\u2019un mouvement d\u2019\u00e9ducation populaire comme le n\u00f4tre ont pour vocation de mettre en mouvement les militants, de les accompagner dans leur action avec les enfants, de leur donner toutes les clefs pour \u00eatre en capacit\u00e9 de transmettre aux enfants, de transformer avec eux leur r\u00e9alit\u00e9 dans une [&hellip;]<\/p>\n","protected":false},"author":2,"featured_media":0,"parent":0,"menu_order":0,"comment_status":"closed","ping_status":"closed","template":"","meta":{"footnotes":""},"class_list":["post-287","page","type-page","status-publish","hentry","entry"],"_links":{"self":[{"href":"https:\/\/association-enjeu.org\/site\/wp-json\/wp\/v2\/pages\/287","targetHints":{"allow":["GET"]}}],"collection":[{"href":"https:\/\/association-enjeu.org\/site\/wp-json\/wp\/v2\/pages"}],"about":[{"href":"https:\/\/association-enjeu.org\/site\/wp-json\/wp\/v2\/types\/page"}],"author":[{"embeddable":true,"href":"https:\/\/association-enjeu.org\/site\/wp-json\/wp\/v2\/users\/2"}],"replies":[{"embeddable":true,"href":"https:\/\/association-enjeu.org\/site\/wp-json\/wp\/v2\/comments?post=287"}],"version-history":[{"count":13,"href":"https:\/\/association-enjeu.org\/site\/wp-json\/wp\/v2\/pages\/287\/revisions"}],"predecessor-version":[{"id":1162,"href":"https:\/\/association-enjeu.org\/site\/wp-json\/wp\/v2\/pages\/287\/revisions\/1162"}],"wp:attachment":[{"href":"https:\/\/association-enjeu.org\/site\/wp-json\/wp\/v2\/media?parent=287"}],"curies":[{"name":"wp","href":"https:\/\/api.w.org\/{rel}","templated":true}]}}