{"id":14,"date":"2025-01-23T17:34:11","date_gmt":"2025-01-23T16:34:11","guid":{"rendered":"https:\/\/association-enjeu.org\/site\/?page_id=14"},"modified":"2025-12-12T16:35:03","modified_gmt":"2025-12-12T15:35:03","slug":"14-2","status":"publish","type":"page","link":"https:\/\/association-enjeu.org\/site\/","title":{"rendered":"Accueil"},"content":{"rendered":"\t\t<div data-elementor-type=\"wp-page\" data-elementor-id=\"14\" class=\"elementor elementor-14\">\n\t\t\t\t<div class=\"elementor-element elementor-element-1b2defd e-flex e-con-boxed e-con e-parent\" data-id=\"1b2defd\" data-element_type=\"container\">\n\t\t\t\t\t<div class=\"e-con-inner\">\n\t\t<div class=\"elementor-element elementor-element-c371f81 e-con-full e-flex e-con e-child\" data-id=\"c371f81\" data-element_type=\"container\">\n\t\t\t\t<div class=\"elementor-element elementor-element-2fba067 elementor-widget elementor-widget-image\" data-id=\"2fba067\" data-element_type=\"widget\" data-widget_type=\"image.default\">\n\t\t\t\t\t\t\t\t\t\t\t\t\t\t\t<img fetchpriority=\"high\" decoding=\"async\" width=\"300\" height=\"281\" src=\"https:\/\/association-enjeu.org\/site\/wp-content\/uploads\/2025\/01\/LOGO_ENJEU_2024-1-300x281.png\" class=\"attachment-medium size-medium wp-image-642\" alt=\"\" srcset=\"https:\/\/association-enjeu.org\/site\/wp-content\/uploads\/2025\/01\/LOGO_ENJEU_2024-1-300x281.png 300w, https:\/\/association-enjeu.org\/site\/wp-content\/uploads\/2025\/01\/LOGO_ENJEU_2024-1.png 516w\" sizes=\"(max-width: 300px) 100vw, 300px\" \/>\t\t\t\t\t\t\t\t\t\t\t\t\t\t\t<\/div>\n\t\t\t\t<\/div>\n\t\t<div class=\"elementor-element elementor-element-887c533 e-con-full e-flex e-con e-child\" data-id=\"887c533\" data-element_type=\"container\">\n\t\t\t\t<div class=\"elementor-element elementor-element-177663b elementor-widget elementor-widget-heading\" data-id=\"177663b\" data-element_type=\"widget\" data-widget_type=\"heading.default\">\n\t\t\t\t\t<h2 class=\"elementor-heading-title elementor-size-default\">L\u2019Association ENJEU,\nc\u2019est quoi ?<\/h2>\t\t\t\t<\/div>\n\t\t\t\t<div class=\"elementor-element elementor-element-e8367d3 elementor-widget elementor-widget-text-editor\" data-id=\"e8367d3\" data-element_type=\"widget\" data-widget_type=\"text-editor.default\">\n\t\t\t\t\t\t\t\t\t<p>Affili\u00e9e au mouvement de <a href=\"https:\/\/lespionniers.org\/\" target=\"_blank\" rel=\"noopener\" data-type=\"link\" data-id=\"https:\/\/lespionniers.org\/\">l\u2019Union des F\u00e9d\u00e9rations des Pionniers de France <\/a><br \/>C\u2019est un mouvement national d\u2019enfants, d\u2019\u00e9ducation populaire, dont le but est d\u2019agir dans les quartiers pour am\u00e9liorer le quotidien des enfants, et contribuer \u00e0 am\u00e9liorer leur vie dans toute la soci\u00e9t\u00e9.<\/p><div id=\"sconnect-is-installed\" style=\"display: none;\">2.15.1.0<\/div><div id=\"sconnect-is-installed\" style=\"display: none;\">2.15.1.0<\/div><div id=\"sconnect-is-installed\" style=\"display: none;\">2.15.1.0<\/div>\t\t\t\t\t\t\t\t<\/div>\n\t\t\t\t<\/div>\n\t\t\t\t\t<\/div>\n\t\t\t\t<\/div>\n\t\t<div class=\"elementor-element elementor-element-03773c8 e-flex e-con-boxed e-con e-parent\" data-id=\"03773c8\" data-element_type=\"container\">\n\t\t\t\t\t<div class=\"e-con-inner\">\n\t\t<div class=\"elementor-element elementor-element-82b4978 e-con-full e-flex e-con e-child\" data-id=\"82b4978\" data-element_type=\"container\">\n\t\t\t\t<div class=\"elementor-element elementor-element-38bb9f8 elementor-widget elementor-widget-image\" data-id=\"38bb9f8\" data-element_type=\"widget\" data-widget_type=\"image.default\">\n\t\t\t\t\t\t\t\t\t\t\t\t\t\t\t<img decoding=\"async\" width=\"954\" height=\"715\" src=\"https:\/\/association-enjeu.org\/site\/wp-content\/uploads\/2025\/08\/equipe-edited.jpg\" class=\"attachment-large size-large wp-image-666\" alt=\"\" srcset=\"https:\/\/association-enjeu.org\/site\/wp-content\/uploads\/2025\/08\/equipe-edited.jpg 954w, https:\/\/association-enjeu.org\/site\/wp-content\/uploads\/2025\/08\/equipe-edited-300x225.jpg 300w, https:\/\/association-enjeu.org\/site\/wp-content\/uploads\/2025\/08\/equipe-edited-768x576.jpg 768w\" sizes=\"(max-width: 954px) 100vw, 954px\" \/>\t\t\t\t\t\t\t\t\t\t\t\t\t\t\t<\/div>\n\t\t\t\t<\/div>\n\t\t<div class=\"elementor-element elementor-element-7c017cd e-con-full e-flex e-con e-child\" data-id=\"7c017cd\" data-element_type=\"container\">\n\t\t\t\t<div class=\"elementor-element elementor-element-871f6d5 elementor-widget elementor-widget-heading\" data-id=\"871f6d5\" data-element_type=\"widget\" data-widget_type=\"heading.default\">\n\t\t\t\t\t<h2 class=\"elementor-heading-title elementor-size-default\">L\u2019Association Enjeu, Avec qui ?<\/h2>\t\t\t\t<\/div>\n\t\t\t\t<div class=\"elementor-element elementor-element-93a3065 elementor-widget elementor-widget-text-editor\" data-id=\"93a3065\" data-element_type=\"widget\" data-widget_type=\"text-editor.default\">\n\t\t\t\t\t\t\t\t\t<p>Avec toutes celles et tous ceux qui se sentent concern\u00e9s par ces questions, les enfants, les parents, les jeunes qui encadrent b\u00e9n\u00e9volement les activit\u00e9s, les associations, municipalit\u00e9s\u2026<\/p>\n<div id=\"sconnect-is-installed\" style=\"display: none;\">2.15.1.0<\/div>\n<div id=\"sconnect-is-installed\" style=\"display: none;\">2.15.1.0<\/div>\t\t\t\t\t\t\t\t<\/div>\n\t\t\t\t<\/div>\n\t\t\t\t\t<\/div>\n\t\t\t\t<\/div>\n\t\t<div class=\"elementor-element elementor-element-f7ecd98 e-flex e-con-boxed e-con e-parent\" data-id=\"f7ecd98\" data-element_type=\"container\">\n\t\t\t\t\t<div class=\"e-con-inner\">\n\t\t<div class=\"elementor-element elementor-element-e06f6ad e-con-full e-flex e-con e-child\" data-id=\"e06f6ad\" data-element_type=\"container\">\n\t\t\t\t<div class=\"elementor-element elementor-element-ab7289d elementor-widget elementor-widget-image\" data-id=\"ab7289d\" data-element_type=\"widget\" data-widget_type=\"image.default\">\n\t\t\t\t\t\t\t\t\t\t\t\t\t\t\t<img decoding=\"async\" width=\"800\" height=\"597\" src=\"https:\/\/association-enjeu.org\/site\/wp-content\/uploads\/2025\/10\/img-0584-jpg.jpg\" class=\"attachment-large size-large wp-image-1088\" alt=\"\" srcset=\"https:\/\/association-enjeu.org\/site\/wp-content\/uploads\/2025\/10\/img-0584-jpg.jpg 800w, https:\/\/association-enjeu.org\/site\/wp-content\/uploads\/2025\/10\/img-0584-jpg-300x224.jpg 300w, https:\/\/association-enjeu.org\/site\/wp-content\/uploads\/2025\/10\/img-0584-jpg-768x573.jpg 768w\" sizes=\"(max-width: 800px) 100vw, 800px\" \/>\t\t\t\t\t\t\t\t\t\t\t\t\t\t\t<\/div>\n\t\t\t\t<\/div>\n\t\t<div class=\"elementor-element elementor-element-b189cab e-con-full e-flex e-con e-child\" data-id=\"b189cab\" data-element_type=\"container\">\n\t\t\t\t<div class=\"elementor-element elementor-element-793c748 elementor-widget elementor-widget-heading\" data-id=\"793c748\" data-element_type=\"widget\" data-widget_type=\"heading.default\">\n\t\t\t\t\t<h2 class=\"elementor-heading-title elementor-size-default\">L\u2019Association Enjeu, Pour quoi faire ?<\/h2>\t\t\t\t<\/div>\n\t\t\t\t<div class=\"elementor-element elementor-element-28c422d elementor-widget elementor-widget-text-editor\" data-id=\"28c422d\" data-element_type=\"widget\" data-widget_type=\"text-editor.default\">\n\t\t\t\t\t\t\t\t\t<p>Pour organiser ensemble des activit\u00e9s de loisirs multiples et diversifi\u00e9es pour les enfants, construire des projets sur diff\u00e9rents th\u00e8mes, organiser des sorties, des tournois sportifs\u2026 Et aborder par le jeu les grands enjeux de notre soci\u00e9t\u00e9 : paix, \u00e9cologie, solidarit\u00e9\u2026<\/p>\n<div id=\"sconnect-is-installed\" style=\"display: none;\">2.15.1.0<\/div>\n<div id=\"sconnect-is-installed\" style=\"display: none;\">2.15.1.0<\/div>\n<div id=\"sconnect-is-installed\" style=\"display: none;\">2.15.1.0<\/div>\t\t\t\t\t\t\t\t<\/div>\n\t\t\t\t<\/div>\n\t\t\t\t\t<\/div>\n\t\t\t\t<\/div>\n\t\t<div class=\"elementor-element elementor-element-000c2ae e-flex e-con-boxed e-con e-parent\" data-id=\"000c2ae\" data-element_type=\"container\">\n\t\t\t\t\t<div class=\"e-con-inner\">\n\t\t\t\t<div class=\"elementor-element elementor-element-e967c95 elementor-widget elementor-widget-heading\" data-id=\"e967c95\" data-element_type=\"widget\" data-widget_type=\"heading.default\">\n\t\t\t\t\t<h2 class=\"elementor-heading-title elementor-size-default\">Ses activit\u00e9s :<\/h2>\t\t\t\t<\/div>\n\t\t\t\t\t<\/div>\n\t\t\t\t<\/div>\n\t\t<div class=\"elementor-element elementor-element-fc1b86d e-flex e-con-boxed e-con e-parent\" data-id=\"fc1b86d\" data-element_type=\"container\">\n\t\t\t\t\t<div class=\"e-con-inner\">\n\t\t<div class=\"elementor-element elementor-element-6f0ca99 e-con-full e-flex e-con e-child\" data-id=\"6f0ca99\" data-element_type=\"container\">\n\t\t\t\t<div class=\"elementor-element elementor-element-e1cf79b elementor-align-center elementor-widget elementor-widget-button\" data-id=\"e1cf79b\" data-element_type=\"widget\" data-widget_type=\"button.default\">\n\t\t\t\t\t\t\t\t\t\t<a class=\"elementor-button elementor-button-link elementor-size-sm\" href=\"https:\/\/association-enjeu.org\/site\/activites-de-quartier\/\">\n\t\t\t\t\t\t<span class=\"elementor-button-content-wrapper\">\n\t\t\t\t\t\t\t\t\t<span class=\"elementor-button-text\">Activit\u00e9s de quartiers<\/span>\n\t\t\t\t\t<\/span>\n\t\t\t\t\t<\/a>\n\t\t\t\t\t\t\t\t<\/div>\n\t\t\t\t<\/div>\n\t\t<div class=\"elementor-element elementor-element-e41f336 e-con-full e-flex e-con e-child\" data-id=\"e41f336\" data-element_type=\"container\">\n\t\t\t\t<div class=\"elementor-element elementor-element-f8d6e85 elementor-align-center elementor-widget elementor-widget-button\" data-id=\"f8d6e85\" data-element_type=\"widget\" data-widget_type=\"button.default\">\n\t\t\t\t\t\t\t\t\t\t<a class=\"elementor-button elementor-button-link elementor-size-sm\" href=\"https:\/\/association-enjeu.org\/site\/secteur-formations\/formations-bafa\/\">\n\t\t\t\t\t\t<span class=\"elementor-button-content-wrapper\">\n\t\t\t\t\t\t\t\t\t<span class=\"elementor-button-text\">Formation BAFA<\/span>\n\t\t\t\t\t<\/span>\n\t\t\t\t\t<\/a>\n\t\t\t\t\t\t\t\t<\/div>\n\t\t\t\t<\/div>\n\t\t<div class=\"elementor-element elementor-element-62e29c3 e-con-full e-flex e-con e-child\" data-id=\"62e29c3\" data-element_type=\"container\">\n\t\t\t\t<div class=\"elementor-element elementor-element-e3e5059 elementor-align-center elementor-widget elementor-widget-button\" data-id=\"e3e5059\" data-element_type=\"widget\" data-widget_type=\"button.default\">\n\t\t\t\t\t\t\t\t\t\t<a class=\"elementor-button elementor-button-link elementor-size-sm\" href=\"https:\/\/association-enjeu.org\/site\/secteur-initiatives\/la-rue-aux-enfants\/\">\n\t\t\t\t\t\t<span class=\"elementor-button-content-wrapper\">\n\t\t\t\t\t\t\t\t\t<span class=\"elementor-button-text\">Rue aux enfants<\/span>\n\t\t\t\t\t<\/span>\n\t\t\t\t\t<\/a>\n\t\t\t\t\t\t\t\t<\/div>\n\t\t\t\t<\/div>\n\t\t<div class=\"elementor-element elementor-element-95baeed e-con-full e-flex e-con e-child\" data-id=\"95baeed\" data-element_type=\"container\">\n\t\t\t\t<div class=\"elementor-element elementor-element-5992b1c elementor-align-center elementor-widget elementor-widget-button\" data-id=\"5992b1c\" data-element_type=\"widget\" data-widget_type=\"button.default\">\n\t\t\t\t\t\t\t\t\t\t<a class=\"elementor-button elementor-button-link elementor-size-sm\" href=\"https:\/\/association-enjeu.org\/site\/secteur-initiatives\/10-000-departs-en-vacances\/\">\n\t\t\t\t\t\t<span class=\"elementor-button-content-wrapper\">\n\t\t\t\t\t\t\t\t\t<span class=\"elementor-button-text\">10 000 D\u00e9parts en vacances<\/span>\n\t\t\t\t\t<\/span>\n\t\t\t\t\t<\/a>\n\t\t\t\t\t\t\t\t<\/div>\n\t\t\t\t<\/div>\n\t\t<div class=\"elementor-element elementor-element-53f7060 e-con-full e-flex e-con e-child\" data-id=\"53f7060\" data-element_type=\"container\">\n\t\t\t\t<div class=\"elementor-element elementor-element-39177a2 elementor-align-center elementor-widget elementor-widget-button\" data-id=\"39177a2\" data-element_type=\"widget\" data-widget_type=\"button.default\">\n\t\t\t\t\t\t\t\t\t\t<a class=\"elementor-button elementor-button-link elementor-size-sm\" href=\"https:\/\/association-enjeu.org\/site\/secteur-initiatives\/village-itinerant-des-droits-de-lenfant\/\">\n\t\t\t\t\t\t<span class=\"elementor-button-content-wrapper\">\n\t\t\t\t\t\t\t\t\t<span class=\"elementor-button-text\">Village Itin\u00e9rant des Droits de l'Enfant<\/span>\n\t\t\t\t\t<\/span>\n\t\t\t\t\t<\/a>\n\t\t\t\t\t\t\t\t<\/div>\n\t\t\t\t<\/div>\n\t\t<div class=\"elementor-element elementor-element-4f67e67 e-con-full e-flex e-con e-child\" data-id=\"4f67e67\" data-element_type=\"container\">\n\t\t\t\t<div class=\"elementor-element elementor-element-ac18797 elementor-align-center elementor-widget elementor-widget-button\" data-id=\"ac18797\" data-element_type=\"widget\" data-widget_type=\"button.default\">\n\t\t\t\t\t\t\t\t\t\t<a class=\"elementor-button elementor-button-link elementor-size-sm\" href=\"https:\/\/association-enjeu.org\/site\/secteur-formations\/service-civique\/\">\n\t\t\t\t\t\t<span class=\"elementor-button-content-wrapper\">\n\t\t\t\t\t\t\t\t\t<span class=\"elementor-button-text\">Formation Service Civique<\/span>\n\t\t\t\t\t<\/span>\n\t\t\t\t\t<\/a>\n\t\t\t\t\t\t\t\t<\/div>\n\t\t\t\t<\/div>\n\t\t<div class=\"elementor-element elementor-element-f4f3735 e-con-full e-flex e-con e-child\" data-id=\"f4f3735\" data-element_type=\"container\">\n\t\t\t\t<div class=\"elementor-element elementor-element-f4147d0 elementor-align-center elementor-widget elementor-widget-button\" data-id=\"f4147d0\" data-element_type=\"widget\" data-widget_type=\"button.default\">\n\t\t\t\t\t\t\t\t\t\t<a class=\"elementor-button elementor-button-link elementor-size-sm\" href=\"https:\/\/association-enjeu.org\/site\/secteur-initiatives\/le-camping-de-la-glissoire-2\/\">\n\t\t\t\t\t\t<span class=\"elementor-button-content-wrapper\">\n\t\t\t\t\t\t\t\t\t<span class=\"elementor-button-text\">Camping de la Glissoire<\/span>\n\t\t\t\t\t<\/span>\n\t\t\t\t\t<\/a>\n\t\t\t\t\t\t\t\t<\/div>\n\t\t\t\t<\/div>\n\t\t\t\t\t<\/div>\n\t\t\t\t<\/div>\n\t\t<div class=\"elementor-element elementor-element-2c1e71e e-flex e-con-boxed e-con e-parent\" data-id=\"2c1e71e\" data-element_type=\"container\">\n\t\t\t\t\t<div class=\"e-con-inner\">\n\t\t\t\t<div class=\"elementor-element elementor-element-98e8475 elementor-widget__width-inherit elementor-arrows-position-inside elementor-pagination-position-outside elementor-widget elementor-widget-image-carousel\" data-id=\"98e8475\" data-element_type=\"widget\" data-settings=\"{&quot;slides_to_show&quot;:&quot;10&quot;,&quot;slides_to_scroll&quot;:&quot;10&quot;,&quot;_animation&quot;:&quot;none&quot;,&quot;navigation&quot;:&quot;both&quot;,&quot;autoplay&quot;:&quot;yes&quot;,&quot;pause_on_hover&quot;:&quot;yes&quot;,&quot;pause_on_interaction&quot;:&quot;yes&quot;,&quot;autoplay_speed&quot;:5000,&quot;infinite&quot;:&quot;yes&quot;,&quot;speed&quot;:500}\" data-widget_type=\"image-carousel.default\">\n\t\t\t\t\t\t\t<div class=\"elementor-image-carousel-wrapper swiper\" role=\"region\" aria-roledescription=\"carousel\" aria-label=\"Carrousel d\u2019images\" dir=\"ltr\">\n\t\t\t<div class=\"elementor-image-carousel swiper-wrapper\" aria-live=\"off\">\n\t\t\t\t\t\t\t\t<div class=\"swiper-slide\" role=\"group\" aria-roledescription=\"slide\" aria-label=\"1 sur 23\"><figure class=\"swiper-slide-inner\"><img decoding=\"async\" class=\"swiper-slide-image\" src=\"https:\/\/association-enjeu.org\/site\/wp-content\/uploads\/2025\/10\/20250128_143839.jpg-Copie-1024x576-1-150x150.jpg\" alt=\"20250128_143839.jpg-Copie-1024x576\" \/><\/figure><\/div><div class=\"swiper-slide\" role=\"group\" aria-roledescription=\"slide\" aria-label=\"2 sur 23\"><figure class=\"swiper-slide-inner\"><img decoding=\"async\" class=\"swiper-slide-image\" src=\"https:\/\/association-enjeu.org\/site\/wp-content\/uploads\/2025\/10\/img-0584-jpg-150x150.jpg\" alt=\"img-0584-jpg\" \/><\/figure><\/div><div class=\"swiper-slide\" role=\"group\" aria-roledescription=\"slide\" aria-label=\"3 sur 23\"><figure class=\"swiper-slide-inner\"><img decoding=\"async\" class=\"swiper-slide-image\" src=\"https:\/\/association-enjeu.org\/site\/wp-content\/uploads\/2025\/10\/enjeu-0001-150x150.jpg\" alt=\"enjeu-0001\" \/><\/figure><\/div><div class=\"swiper-slide\" role=\"group\" aria-roledescription=\"slide\" aria-label=\"4 sur 23\"><figure class=\"swiper-slide-inner\"><img decoding=\"async\" class=\"swiper-slide-image\" src=\"https:\/\/association-enjeu.org\/site\/wp-content\/uploads\/2025\/10\/dsc07148-jpg-150x150.jpg\" alt=\"dsc07148-jpg\" \/><\/figure><\/div><div class=\"swiper-slide\" role=\"group\" aria-roledescription=\"slide\" aria-label=\"5 sur 23\"><figure class=\"swiper-slide-inner\"><img decoding=\"async\" class=\"swiper-slide-image\" src=\"https:\/\/association-enjeu.org\/site\/wp-content\/uploads\/2025\/03\/village-0004-2-3de04-150x150.jpg\" alt=\"village-0004-2-3de04\" \/><\/figure><\/div><div class=\"swiper-slide\" role=\"group\" aria-roledescription=\"slide\" aria-label=\"6 sur 23\"><figure class=\"swiper-slide-inner\"><img decoding=\"async\" class=\"swiper-slide-image\" src=\"https:\/\/association-enjeu.org\/site\/wp-content\/uploads\/2025\/03\/village-0008-2-a597a-150x150.jpg\" alt=\"village-0008-2-a597a\" \/><\/figure><\/div><div class=\"swiper-slide\" role=\"group\" aria-roledescription=\"slide\" aria-label=\"7 sur 23\"><figure class=\"swiper-slide-inner\"><img decoding=\"async\" class=\"swiper-slide-image\" src=\"https:\/\/association-enjeu.org\/site\/wp-content\/uploads\/2025\/03\/2014_11_19_17832_droit_enfant-150x150.jpg\" alt=\"2014_11_19_17832_droit_enfant\" \/><\/figure><\/div><div class=\"swiper-slide\" role=\"group\" aria-roledescription=\"slide\" aria-label=\"8 sur 23\"><figure class=\"swiper-slide-inner\"><img decoding=\"async\" class=\"swiper-slide-image\" src=\"https:\/\/association-enjeu.org\/site\/wp-content\/uploads\/2025\/03\/2014_11_20_18086_droit_enfant-150x150.jpg\" alt=\"2014_11_20_18086_droit_enfant\" \/><\/figure><\/div><div class=\"swiper-slide\" role=\"group\" aria-roledescription=\"slide\" aria-label=\"9 sur 23\"><figure class=\"swiper-slide-inner\"><img decoding=\"async\" class=\"swiper-slide-image\" src=\"https:\/\/association-enjeu.org\/site\/wp-content\/uploads\/2025\/03\/1018080225_B971416032Z.1_20131115165602_000_GFM1GTRJQ.3-0-150x150.jpg\" alt=\"1018080225_B971416032Z.1_20131115165602_000_GFM1GTRJQ.3-0\" \/><\/figure><\/div><div class=\"swiper-slide\" role=\"group\" aria-roledescription=\"slide\" aria-label=\"10 sur 23\"><figure class=\"swiper-slide-inner\"><img decoding=\"async\" class=\"swiper-slide-image\" src=\"https:\/\/association-enjeu.org\/site\/wp-content\/uploads\/2025\/03\/IMG_0418-150x150.jpeg\" alt=\"IMG_0418\" \/><\/figure><\/div><div class=\"swiper-slide\" role=\"group\" aria-roledescription=\"slide\" aria-label=\"11 sur 23\"><figure class=\"swiper-slide-inner\"><img decoding=\"async\" class=\"swiper-slide-image\" src=\"https:\/\/association-enjeu.org\/site\/wp-content\/uploads\/2025\/03\/IMG_0520-150x150.jpeg\" alt=\"IMG_0520\" \/><\/figure><\/div><div class=\"swiper-slide\" role=\"group\" aria-roledescription=\"slide\" aria-label=\"12 sur 23\"><figure class=\"swiper-slide-inner\"><img decoding=\"async\" class=\"swiper-slide-image\" src=\"https:\/\/association-enjeu.org\/site\/wp-content\/uploads\/2025\/03\/IMG_0330-150x150.jpeg\" alt=\"IMG_0330\" \/><\/figure><\/div><div class=\"swiper-slide\" role=\"group\" aria-roledescription=\"slide\" aria-label=\"13 sur 23\"><figure class=\"swiper-slide-inner\"><img decoding=\"async\" class=\"swiper-slide-image\" src=\"https:\/\/association-enjeu.org\/site\/wp-content\/uploads\/2025\/03\/IMG_0274-150x150.jpeg\" alt=\"IMG_0274\" \/><\/figure><\/div><div class=\"swiper-slide\" role=\"group\" aria-roledescription=\"slide\" aria-label=\"14 sur 23\"><figure class=\"swiper-slide-inner\"><img decoding=\"async\" class=\"swiper-slide-image\" src=\"https:\/\/association-enjeu.org\/site\/wp-content\/uploads\/2025\/03\/20685581-Copie-150x150.jpeg\" alt=\"20685581 - Copie\" \/><\/figure><\/div><div class=\"swiper-slide\" role=\"group\" aria-roledescription=\"slide\" aria-label=\"15 sur 23\"><figure class=\"swiper-slide-inner\"><img decoding=\"async\" class=\"swiper-slide-image\" src=\"https:\/\/association-enjeu.org\/site\/wp-content\/uploads\/2025\/03\/IMG_0260-150x150.jpeg\" alt=\"IMG_0260\" \/><\/figure><\/div><div class=\"swiper-slide\" role=\"group\" aria-roledescription=\"slide\" aria-label=\"16 sur 23\"><figure class=\"swiper-slide-inner\"><img decoding=\"async\" class=\"swiper-slide-image\" src=\"https:\/\/association-enjeu.org\/site\/wp-content\/uploads\/2025\/02\/IMG_3633-1-150x150.jpg\" alt=\"IMG_3633\" \/><\/figure><\/div><div class=\"swiper-slide\" role=\"group\" aria-roledescription=\"slide\" aria-label=\"17 sur 23\"><figure class=\"swiper-slide-inner\"><img decoding=\"async\" class=\"swiper-slide-image\" src=\"https:\/\/association-enjeu.org\/site\/wp-content\/uploads\/2025\/02\/IMG_3636-1-150x150.jpg\" alt=\"IMG_3636\" \/><\/figure><\/div><div class=\"swiper-slide\" role=\"group\" aria-roledescription=\"slide\" aria-label=\"18 sur 23\"><figure class=\"swiper-slide-inner\"><img decoding=\"async\" class=\"swiper-slide-image\" src=\"https:\/\/association-enjeu.org\/site\/wp-content\/uploads\/2025\/02\/IMG_3626-150x150.jpg\" alt=\"IMG_3626\" \/><\/figure><\/div><div class=\"swiper-slide\" role=\"group\" aria-roledescription=\"slide\" aria-label=\"19 sur 23\"><figure class=\"swiper-slide-inner\"><img decoding=\"async\" class=\"swiper-slide-image\" src=\"https:\/\/association-enjeu.org\/site\/wp-content\/uploads\/2025\/01\/equipeok-1-150x150.jpg\" alt=\"equipeok\" \/><\/figure><\/div><div class=\"swiper-slide\" role=\"group\" aria-roledescription=\"slide\" aria-label=\"20 sur 23\"><figure class=\"swiper-slide-inner\"><img decoding=\"async\" class=\"swiper-slide-image\" src=\"https:\/\/association-enjeu.org\/site\/wp-content\/uploads\/2025\/01\/droit-jpg-0003-1-150x150.jpg\" alt=\"droit-jpg-0003\" \/><\/figure><\/div><div class=\"swiper-slide\" role=\"group\" aria-roledescription=\"slide\" aria-label=\"21 sur 23\"><figure class=\"swiper-slide-inner\"><img decoding=\"async\" class=\"swiper-slide-image\" src=\"https:\/\/association-enjeu.org\/site\/wp-content\/uploads\/2025\/01\/31880834_216343312473355_7033488957039968256_n-150x150.jpg\" alt=\"31880834_216343312473355_7033488957039968256_n\" \/><\/figure><\/div><div class=\"swiper-slide\" role=\"group\" aria-roledescription=\"slide\" aria-label=\"22 sur 23\"><figure class=\"swiper-slide-inner\"><img decoding=\"async\" class=\"swiper-slide-image\" src=\"https:\/\/association-enjeu.org\/site\/wp-content\/uploads\/2025\/01\/faites-la-paix_-205-150x150.jpg\" alt=\"David Penez \u00a9 2018\" \/><\/figure><\/div><div class=\"swiper-slide\" role=\"group\" aria-roledescription=\"slide\" aria-label=\"23 sur 23\"><figure class=\"swiper-slide-inner\"><img decoding=\"async\" class=\"swiper-slide-image\" src=\"https:\/\/association-enjeu.org\/site\/wp-content\/uploads\/2025\/01\/IMG_1248-150x150.jpeg\" alt=\"IMG_1248\" \/><\/figure><\/div>\t\t\t<\/div>\n\t\t\t\t\t\t\t\t\t\t\t\t<div class=\"elementor-swiper-button elementor-swiper-button-prev\" role=\"button\" tabindex=\"0\">\n\t\t\t\t\t\t<svg aria-hidden=\"true\" class=\"e-font-icon-svg e-eicon-chevron-left\" viewBox=\"0 0 1000 1000\" xmlns=\"http:\/\/www.w3.org\/2000\/svg\"><path d=\"M646 125C629 125 613 133 604 142L308 442C296 454 292 471 292 487 292 504 296 521 308 533L604 854C617 867 629 875 646 875 663 875 679 871 692 858 704 846 713 829 713 812 713 796 708 779 692 767L438 487 692 225C700 217 708 204 708 187 708 171 704 154 692 142 675 129 663 125 646 125Z\"><\/path><\/svg>\t\t\t\t\t<\/div>\n\t\t\t\t\t<div class=\"elementor-swiper-button elementor-swiper-button-next\" role=\"button\" tabindex=\"0\">\n\t\t\t\t\t\t<svg aria-hidden=\"true\" class=\"e-font-icon-svg e-eicon-chevron-right\" viewBox=\"0 0 1000 1000\" xmlns=\"http:\/\/www.w3.org\/2000\/svg\"><path d=\"M696 533C708 521 713 504 713 487 713 471 708 454 696 446L400 146C388 133 375 125 354 125 338 125 325 129 313 142 300 154 292 171 292 187 292 204 296 221 308 233L563 492 304 771C292 783 288 800 288 817 288 833 296 850 308 863 321 871 338 875 354 875 371 875 388 867 400 854L696 533Z\"><\/path><\/svg>\t\t\t\t\t<\/div>\n\t\t\t\t\n\t\t\t\t\t\t\t\t\t<div class=\"swiper-pagination\"><\/div>\n\t\t\t\t\t\t\t\t\t<\/div>\n\t\t\t\t\t\t<\/div>\n\t\t\t\t\t<\/div>\n\t\t\t\t<\/div>\n\t\t\t\t<\/div>\n\t\t","protected":false},"excerpt":{"rendered":"<p>L\u2019Association ENJEU, c\u2019est quoi ? Affili\u00e9e au mouvement de l\u2019Union des F\u00e9d\u00e9rations des Pionniers de France C\u2019est un mouvement national d\u2019enfants, d\u2019\u00e9ducation populaire, dont le but est d\u2019agir dans les quartiers pour am\u00e9liorer le quotidien des enfants, et contribuer \u00e0 am\u00e9liorer leur vie dans toute la soci\u00e9t\u00e9. 2.15.1.02.15.1.02.15.1.0 L\u2019Association Enjeu, Avec qui ? Avec toutes [&hellip;]<\/p>\n","protected":false},"author":1,"featured_media":0,"parent":0,"menu_order":0,"comment_status":"closed","ping_status":"closed","template":"elementor_header_footer","meta":{"footnotes":""},"class_list":["post-14","page","type-page","status-publish","hentry","entry"],"_links":{"self":[{"href":"https:\/\/association-enjeu.org\/site\/wp-json\/wp\/v2\/pages\/14","targetHints":{"allow":["GET"]}}],"collection":[{"href":"https:\/\/association-enjeu.org\/site\/wp-json\/wp\/v2\/pages"}],"about":[{"href":"https:\/\/association-enjeu.org\/site\/wp-json\/wp\/v2\/types\/page"}],"author":[{"embeddable":true,"href":"https:\/\/association-enjeu.org\/site\/wp-json\/wp\/v2\/users\/1"}],"replies":[{"embeddable":true,"href":"https:\/\/association-enjeu.org\/site\/wp-json\/wp\/v2\/comments?post=14"}],"version-history":[{"count":68,"href":"https:\/\/association-enjeu.org\/site\/wp-json\/wp\/v2\/pages\/14\/revisions"}],"predecessor-version":[{"id":1234,"href":"https:\/\/association-enjeu.org\/site\/wp-json\/wp\/v2\/pages\/14\/revisions\/1234"}],"wp:attachment":[{"href":"https:\/\/association-enjeu.org\/site\/wp-json\/wp\/v2\/media?parent=14"}],"curies":[{"name":"wp","href":"https:\/\/api.w.org\/{rel}","templated":true}]}}