{"id":1140,"date":"2025-10-10T16:42:19","date_gmt":"2025-10-10T14:42:19","guid":{"rendered":"https:\/\/association-enjeu.org\/site\/?page_id=1140"},"modified":"2025-10-10T17:24:00","modified_gmt":"2025-10-10T15:24:00","slug":"10000-depart-en-vacances","status":"publish","type":"page","link":"https:\/\/association-enjeu.org\/site\/secteur-initiatives\/10000-depart-en-vacances\/","title":{"rendered":"10 000 D\u00e9part en vacances"},"content":{"rendered":"\t\t<div data-elementor-type=\"wp-post\" data-elementor-id=\"1140\" class=\"elementor elementor-1140\">\n\t\t\t\t<div class=\"elementor-element elementor-element-982e957 e-flex e-con-boxed e-con e-parent\" data-id=\"982e957\" data-element_type=\"container\" data-settings=\"{&quot;background_background&quot;:&quot;classic&quot;}\">\n\t\t\t\t\t<div class=\"e-con-inner\">\n\t\t\t\t<div class=\"elementor-element elementor-element-03aad5b elementor-widget elementor-widget-heading\" data-id=\"03aad5b\" data-element_type=\"widget\" data-widget_type=\"heading.default\">\n\t\t\t\t\t<h1 class=\"elementor-heading-title elementor-size-default\">10 000 D\u00e9parts en Vacances<\/h1>\t\t\t\t<\/div>\n\t\t\t\t<div class=\"elementor-element elementor-element-a9eb14a elementor-widget elementor-widget-text-editor\" data-id=\"a9eb14a\" data-element_type=\"widget\" data-widget_type=\"text-editor.default\">\n\t\t\t\t\t\t\t\t\t<p><strong>Une ambition de territoire : les 10000 d\u00e9parts, c\u2019est reparti !<\/strong><\/p>\t\t\t\t\t\t\t\t<\/div>\n\t\t\t\t\t<\/div>\n\t\t\t\t<\/div>\n\t\t<div class=\"elementor-element elementor-element-b6dbd4d e-flex e-con-boxed e-con e-parent\" data-id=\"b6dbd4d\" data-element_type=\"container\">\n\t\t\t\t\t<div class=\"e-con-inner\">\n\t\t\t\t<div class=\"elementor-element elementor-element-5a610f7 elementor-widget elementor-widget-image\" data-id=\"5a610f7\" data-element_type=\"widget\" data-widget_type=\"image.default\">\n\t\t\t\t\t\t\t\t\t\t\t\t\t\t\t<img fetchpriority=\"high\" decoding=\"async\" width=\"1024\" height=\"237\" src=\"https:\/\/association-enjeu.org\/site\/wp-content\/uploads\/2025\/03\/Bandeau-Partennaires-asso-2-1024x237.png\" class=\"attachment-large size-large wp-image-499\" alt=\"\" srcset=\"https:\/\/association-enjeu.org\/site\/wp-content\/uploads\/2025\/03\/Bandeau-Partennaires-asso-2-1024x237.png 1024w, https:\/\/association-enjeu.org\/site\/wp-content\/uploads\/2025\/03\/Bandeau-Partennaires-asso-2-300x70.png 300w, https:\/\/association-enjeu.org\/site\/wp-content\/uploads\/2025\/03\/Bandeau-Partennaires-asso-2-768x178.png 768w, https:\/\/association-enjeu.org\/site\/wp-content\/uploads\/2025\/03\/Bandeau-Partennaires-asso-2-1536x356.png 1536w, https:\/\/association-enjeu.org\/site\/wp-content\/uploads\/2025\/03\/Bandeau-Partennaires-asso-2-2048x475.png 2048w\" sizes=\"(max-width: 1024px) 100vw, 1024px\" \/>\t\t\t\t\t\t\t\t\t\t\t\t\t\t\t<\/div>\n\t\t\t\t\t<\/div>\n\t\t\t\t<\/div>\n\t\t<div class=\"elementor-element elementor-element-3e0c27c e-flex e-con-boxed e-con e-parent\" data-id=\"3e0c27c\" data-element_type=\"container\">\n\t\t\t\t\t<div class=\"e-con-inner\">\n\t\t\t\t<div class=\"elementor-element elementor-element-b33d2ab elementor-widget elementor-widget-image\" data-id=\"b33d2ab\" data-element_type=\"widget\" data-widget_type=\"image.default\">\n\t\t\t\t\t\t\t\t\t\t\t\t\t\t\t<img decoding=\"async\" width=\"1024\" height=\"107\" src=\"https:\/\/association-enjeu.org\/site\/wp-content\/uploads\/2025\/03\/Bandeau-Partenaires-institutionnels-1024x107.jpeg\" class=\"attachment-large size-large wp-image-491\" alt=\"\" srcset=\"https:\/\/association-enjeu.org\/site\/wp-content\/uploads\/2025\/03\/Bandeau-Partenaires-institutionnels-1024x107.jpeg 1024w, https:\/\/association-enjeu.org\/site\/wp-content\/uploads\/2025\/03\/Bandeau-Partenaires-institutionnels-300x31.jpeg 300w, https:\/\/association-enjeu.org\/site\/wp-content\/uploads\/2025\/03\/Bandeau-Partenaires-institutionnels-768x80.jpeg 768w, https:\/\/association-enjeu.org\/site\/wp-content\/uploads\/2025\/03\/Bandeau-Partenaires-institutionnels-1536x161.jpeg 1536w, https:\/\/association-enjeu.org\/site\/wp-content\/uploads\/2025\/03\/Bandeau-Partenaires-institutionnels.jpeg 1861w\" sizes=\"(max-width: 1024px) 100vw, 1024px\" \/>\t\t\t\t\t\t\t\t\t\t\t\t\t\t\t<\/div>\n\t\t\t\t\t<\/div>\n\t\t\t\t<\/div>\n\t\t<div class=\"elementor-element elementor-element-413e1dd e-flex e-con-boxed e-con e-parent\" data-id=\"413e1dd\" data-element_type=\"container\">\n\t\t\t\t\t<div class=\"e-con-inner\">\n\t\t\t\t\t<\/div>\n\t\t\t\t<\/div>\n\t\t<div class=\"elementor-element elementor-element-fe35b38 e-flex e-con-boxed e-con e-parent\" data-id=\"fe35b38\" data-element_type=\"container\">\n\t\t\t\t\t<div class=\"e-con-inner\">\n\t\t\t\t<div class=\"elementor-element elementor-element-2245b87 elementor-widget elementor-widget-text-editor\" data-id=\"2245b87\" data-element_type=\"widget\" data-widget_type=\"text-editor.default\">\n\t\t\t\t\t\t\t\t\t<p><strong>Mise en plance en 2024 : C\u2019est une initiative unique en France : 26 communes du bassin minier se mobilisent pour permettre au plus grand nombre de s\u2019offrir des vacances d\u00e8s cet \u00e9t\u00e9. L\u2019op\u00e9ration s\u2019appelle \u00ab 10.000 d\u00e9parts, ne r\u00eavez plus, partez \u00bb. Elle a pris racine dans la commune d\u2019Avion, qui avait d\u00e9j\u00e0 lanc\u00e9 cette initiative pour un millier de b\u00e9n\u00e9ficiaires. Il s\u2019agit cette fois d\u2019accompagner 10.000 personnes, allocataires du RSA, salari\u00e9s ou retrait\u00e9es, pour qu\u2019elles puissent souffler quelques jours et changer d\u2019air.<\/strong><\/p><p><strong>En 2025 : Plus de 80 personnes repr\u00e9sentant pr\u00e8s de 40 organisations \u00e9taient r\u00e9unies mardi 28 janvier dans la salle du conseil de la Communaut\u00e9 d\u2019agglom\u00e9ration Lens Li\u00e9vin pour le lancement de l\u2019\u00e9dition 2025 de l\u2019op\u00e9ration 10000 d\u00e9parts, ne r\u00eavez plus, partez !<\/strong><\/p>\t\t\t\t\t\t\t\t<\/div>\n\t\t\t\t\t<\/div>\n\t\t\t\t<\/div>\n\t\t<div class=\"elementor-element elementor-element-38d2955 e-flex e-con-boxed e-con e-parent\" data-id=\"38d2955\" data-element_type=\"container\">\n\t\t\t\t\t<div class=\"e-con-inner\">\n\t\t\t\t<div class=\"elementor-element elementor-element-1525dc0 elementor-widget elementor-widget-image\" data-id=\"1525dc0\" data-element_type=\"widget\" data-widget_type=\"image.default\">\n\t\t\t\t\t\t\t\t\t\t\t\t\t\t\t<img decoding=\"async\" width=\"1024\" height=\"576\" src=\"https:\/\/association-enjeu.org\/site\/wp-content\/uploads\/2025\/10\/20250128_143839.jpg-Copie-1024x576-1.jpg\" class=\"attachment-large size-large wp-image-1145\" alt=\"\" srcset=\"https:\/\/association-enjeu.org\/site\/wp-content\/uploads\/2025\/10\/20250128_143839.jpg-Copie-1024x576-1.jpg 1024w, https:\/\/association-enjeu.org\/site\/wp-content\/uploads\/2025\/10\/20250128_143839.jpg-Copie-1024x576-1-300x169.jpg 300w, https:\/\/association-enjeu.org\/site\/wp-content\/uploads\/2025\/10\/20250128_143839.jpg-Copie-1024x576-1-768x432.jpg 768w\" sizes=\"(max-width: 1024px) 100vw, 1024px\" \/>\t\t\t\t\t\t\t\t\t\t\t\t\t\t\t<\/div>\n\t\t\t\t\t<\/div>\n\t\t\t\t<\/div>\n\t\t<div class=\"elementor-element elementor-element-4d89672 e-flex e-con-boxed e-con e-parent\" data-id=\"4d89672\" data-element_type=\"container\">\n\t\t\t\t\t<div class=\"e-con-inner\">\n\t\t\t\t<div class=\"elementor-element elementor-element-5382af3 elementor-widget elementor-widget-text-editor\" data-id=\"5382af3\" data-element_type=\"widget\" data-widget_type=\"text-editor.default\">\n\t\t\t\t\t\t\t\t\t<p>\u00a0<\/p><p><strong>\u00c9lus et agents des communes du territoire, centres sociaux, h\u00e9bergeurs, partenaires associatifs, entreprises\u2026 tous ont manifest\u00e9 le plus grand enthousiasme \u00e0 la r\u00e9\u00e9dition de cette belle op\u00e9ration, qui a permis le d\u00e9part en vacances de 9300 personnes, habitant le Bassin minier du Pas-de-Calais, l\u2019ann\u00e9e derni\u00e8re.<\/strong><\/p><p><strong>La premi\u00e8re \u00e9dition de l\u2019op\u00e9ration a mobilis\u00e9 26 communes et pr\u00e8s de 30 partenaires et financeurs, publics, associatifs et priv\u00e9s. Si la quasi totalit\u00e9 de ces partenaires souhaite d\u2019ores et d\u00e9j\u00e0 reconduire son engagement, de nouveaux partenaires ont \u00e9galement manifest\u00e9 leur souhait de rejoindre l\u2019aventure des 10000, qu\u2019il s\u2019agisse de nouvelles communes du territoire, comme d\u2019entreprises locales.<\/strong><\/p><p><strong>Comme en 2024, Vacances Ouvertes pilotera l\u2019animation de l\u2019op\u00e9ration. 3 formats de d\u00e9parts seront propos\u00e9s aux participants : d\u00e9parts individuels, s\u00e9jours collectifs et offre d\u2019h\u00e9bergement par la Fondation Je pars, tu pars, il part, des sessions de formations \u00e0 l\u2019accompagnement au s\u00e9jour seront propos\u00e9es et un grand \u00e9v\u00e9nement sera organis\u00e9 au d\u00e9but de l\u2019\u00e9t\u00e9 ; le Louvre-Lens et le Stade Bollaert seront de nouveau partenaires.<\/strong><\/p><p><strong>Pour 2025, les nouveaut\u00e9s concernent principalement l\u2019organisation du dispositif avec notamment la mise en place de commissions de suivi et les modalit\u00e9s d\u2019engagement des communes. VO sera \u00e9galement soutenue par l\u2019engagement de Solidarit\u00e9 la\u00efque, du Secours populaire et de l\u2019association Enjeu. <\/strong><\/p>\t\t\t\t\t\t\t\t<\/div>\n\t\t\t\t\t<\/div>\n\t\t\t\t<\/div>\n\t\t<div class=\"elementor-element elementor-element-4ad52d4 e-flex e-con-boxed e-con e-parent\" data-id=\"4ad52d4\" data-element_type=\"container\">\n\t\t\t\t\t<div class=\"e-con-inner\">\n\t\t\t\t<div class=\"elementor-element elementor-element-715cf4b elementor-widget elementor-widget-gallery\" data-id=\"715cf4b\" data-element_type=\"widget\" data-widget_type=\"gallery.default\">\n\t\t\t\t<div class=\"elementor-widget-container\">\n\t\t\t\t\t \t\t\t\t<\/div>\n\t\t\t\t<\/div>\n\t\t\t\t\t<\/div>\n\t\t\t\t<\/div>\n\t\t\t\t<\/div>\n\t\t","protected":false},"excerpt":{"rendered":"<p>10 000 D\u00e9parts en Vacances Une ambition de territoire : les 10000 d\u00e9parts, c\u2019est reparti ! Mise en plance en 2024 : C\u2019est une initiative unique en France : 26 communes du bassin minier se mobilisent pour permettre au plus grand nombre de s\u2019offrir des vacances d\u00e8s cet \u00e9t\u00e9. L\u2019op\u00e9ration s\u2019appelle \u00ab 10.000 d\u00e9parts, ne [&hellip;]<\/p>\n","protected":false},"author":2,"featured_media":0,"parent":287,"menu_order":0,"comment_status":"closed","ping_status":"closed","template":"","meta":{"footnotes":""},"class_list":["post-1140","page","type-page","status-publish","hentry","entry"],"_links":{"self":[{"href":"https:\/\/association-enjeu.org\/site\/wp-json\/wp\/v2\/pages\/1140","targetHints":{"allow":["GET"]}}],"collection":[{"href":"https:\/\/association-enjeu.org\/site\/wp-json\/wp\/v2\/pages"}],"about":[{"href":"https:\/\/association-enjeu.org\/site\/wp-json\/wp\/v2\/types\/page"}],"author":[{"embeddable":true,"href":"https:\/\/association-enjeu.org\/site\/wp-json\/wp\/v2\/users\/2"}],"replies":[{"embeddable":true,"href":"https:\/\/association-enjeu.org\/site\/wp-json\/wp\/v2\/comments?post=1140"}],"version-history":[{"count":5,"href":"https:\/\/association-enjeu.org\/site\/wp-json\/wp\/v2\/pages\/1140\/revisions"}],"predecessor-version":[{"id":1154,"href":"https:\/\/association-enjeu.org\/site\/wp-json\/wp\/v2\/pages\/1140\/revisions\/1154"}],"up":[{"embeddable":true,"href":"https:\/\/association-enjeu.org\/site\/wp-json\/wp\/v2\/pages\/287"}],"wp:attachment":[{"href":"https:\/\/association-enjeu.org\/site\/wp-json\/wp\/v2\/media?parent=1140"}],"curies":[{"name":"wp","href":"https:\/\/api.w.org\/{rel}","templated":true}]}}