{"id":1108,"date":"2025-10-10T16:22:52","date_gmt":"2025-10-10T14:22:52","guid":{"rendered":"https:\/\/association-enjeu.org\/site\/?page_id=1108"},"modified":"2025-10-10T17:01:36","modified_gmt":"2025-10-10T15:01:36","slug":"formation-bafa","status":"publish","type":"page","link":"https:\/\/association-enjeu.org\/site\/secteur-formations\/formation-bafa\/","title":{"rendered":"FORMATION BAFA"},"content":{"rendered":"\t\t<div data-elementor-type=\"wp-post\" data-elementor-id=\"1108\" class=\"elementor elementor-1108\">\n\t\t\t\t<div class=\"elementor-element elementor-element-456320c e-flex e-con-boxed e-con e-parent\" data-id=\"456320c\" data-element_type=\"container\" data-settings=\"{&quot;background_background&quot;:&quot;classic&quot;}\">\n\t\t\t\t\t<div class=\"e-con-inner\">\n\t\t\t\t<div class=\"elementor-element elementor-element-9e70d74 elementor-widget elementor-widget-heading\" data-id=\"9e70d74\" data-element_type=\"widget\" data-widget_type=\"heading.default\">\n\t\t\t\t\t<h1 class=\"elementor-heading-title elementor-size-default\">Formation BAFA\n(Brevet d'Aptitude aux Fonctions d'Animateur)<\/h1>\t\t\t\t<\/div>\n\t\t\t\t\t<\/div>\n\t\t\t\t<\/div>\n\t\t<div class=\"elementor-element elementor-element-20b0a67 e-flex e-con-boxed e-con e-parent\" data-id=\"20b0a67\" data-element_type=\"container\">\n\t\t\t\t\t<div class=\"e-con-inner\">\n\t\t\t\t<div class=\"elementor-element elementor-element-915f9fe elementor-widget elementor-widget-text-editor\" data-id=\"915f9fe\" data-element_type=\"widget\" data-widget_type=\"text-editor.default\">\n\t\t\t\t\t\t\t\t\t<p><strong>Le Brevet d\u2019Aptitude aux Fonctions d\u2019Animateur permet d\u2019encadrer \u00e0 titre non professionnel, de fa\u00e7on occasionnelle, des enfants et des adolescents en accueils collectifs de mineurs (plus g\u00e9n\u00e9ralement appel\u00e9s colo\/centres de vacances et centres de loisirs). Ces accueils ont vocation \u00e0 offrir aux enfants et aux jeunes des activit\u00e9s \u00e9ducatives adapt\u00e9es \u00e0 leurs besoins, durant les temps de loisirs et de vacances Les organisateurs de ces accueils sont en majorit\u00e9 des associations, des mairies ou des comit\u00e9s d\u2019entreprise.<\/strong><\/p>\t\t\t\t\t\t\t\t<\/div>\n\t\t\t\t\t<\/div>\n\t\t\t\t<\/div>\n\t\t<div class=\"elementor-element elementor-element-29b16a5 e-flex e-con-boxed e-con e-parent\" data-id=\"29b16a5\" data-element_type=\"container\">\n\t\t\t\t\t<div class=\"e-con-inner\">\n\t\t<div class=\"elementor-element elementor-element-e4e07df e-con-full e-flex e-con e-child\" data-id=\"e4e07df\" data-element_type=\"container\">\n\t\t\t\t<div class=\"elementor-element elementor-element-5178d7c elementor-widget elementor-widget-image\" data-id=\"5178d7c\" data-element_type=\"widget\" data-widget_type=\"image.default\">\n\t\t\t\t\t\t\t\t\t\t\t\t\t\t\t<img decoding=\"async\" src=\"https:\/\/association-enjeu.org\/site\/wp-content\/uploads\/elementor\/thumbs\/IMG_3626-1-rcycy5dkyw82wgcedcql552a6tvmgtpsw009uknyc8.jpg\" title=\"IMG_3626\" alt=\"IMG_3626\" loading=\"lazy\" \/>\t\t\t\t\t\t\t\t\t\t\t\t\t\t\t<\/div>\n\t\t\t\t<\/div>\n\t\t<div class=\"elementor-element elementor-element-6eaf2bb e-con-full e-flex e-con e-child\" data-id=\"6eaf2bb\" data-element_type=\"container\">\n\t\t\t\t<div class=\"elementor-element elementor-element-1783ac7 elementor-widget elementor-widget-heading\" data-id=\"1783ac7\" data-element_type=\"widget\" data-widget_type=\"heading.default\">\n\t\t\t\t\t<h2 class=\"elementor-heading-title elementor-size-default\">La formation pr\u00e9parant \u00e0 l\u2019obtention de ce brevet a pour objectif de vous pr\u00e9parer \u00e0 exercer les fonctions suivantes :<\/h2>\t\t\t\t<\/div>\n\t\t\t\t<div class=\"elementor-element elementor-element-8750e2f elementor-widget elementor-widget-text-editor\" data-id=\"8750e2f\" data-element_type=\"widget\" data-widget_type=\"text-editor.default\">\n\t\t\t\t\t\t\t\t\t<ul><li><strong>Assurer la s\u00e9curit\u00e9 physique et morale des mineurs et en particulier les sensibiliser, dans le cadre de la mise en \u0153uvre d\u2019un projet p\u00e9dagogique, aux risques li\u00e9s, selon les circonstances aux conduites addictives ou aux comportements, notamment ceux li\u00e9s \u00e0 la sexualit\u00e9.<\/strong><\/li><li><strong>Participer \u00e0 l\u2019accueil, \u00e0 la communication et au d\u00e9veloppement des relations entre les diff\u00e9rents acteurs.<\/strong><\/li><li><strong>Encadrer et animer la vie quotidienne et les activit\u00e9s.<\/strong><\/li><li><strong>Accompagner les mineurs dans la r\u00e9alisation de leurs projets.<\/strong><\/li><li><strong>Participer, au sein d\u2019une \u00e9quipe, \u00e0 la mise en \u0153uvre d\u2019un projet p\u00e9dagogique en coh\u00e9rence avec le projet \u00e9ducatif dans le respect du cadre r\u00e9glementaire des accueils collectifs de mineurs.<\/strong><\/li><\/ul>\t\t\t\t\t\t\t\t<\/div>\n\t\t\t\t<\/div>\n\t\t\t\t\t<\/div>\n\t\t\t\t<\/div>\n\t\t<div class=\"elementor-element elementor-element-00bc059 e-flex e-con-boxed e-con e-parent\" data-id=\"00bc059\" data-element_type=\"container\">\n\t\t\t\t\t<div class=\"e-con-inner\">\n\t\t\t\t<div class=\"elementor-element elementor-element-fccc5e1 elementor-widget elementor-widget-heading\" data-id=\"fccc5e1\" data-element_type=\"widget\" data-widget_type=\"heading.default\">\n\t\t\t\t\t<h2 class=\"elementor-heading-title elementor-size-default\">Conditions d'inscription<\/h2>\t\t\t\t<\/div>\n\t\t\t\t<div class=\"elementor-element elementor-element-33a581f elementor-widget elementor-widget-text-editor\" data-id=\"33a581f\" data-element_type=\"widget\" data-widget_type=\"text-editor.default\">\n\t\t\t\t\t\t\t\t\t<p><strong>Vous devez imp\u00e9rativement avoir 16 ans r\u00e9volus au premier jour de la premi\u00e8re session de formation (formation g\u00e9n\u00e9rale), mais l\u2019inscription administrative sur le site internet du BAFA\/BAFD est autoris\u00e9e 3 mois avant.<\/strong><\/p>\t\t\t\t\t\t\t\t<\/div>\n\t\t\t\t\t<\/div>\n\t\t\t\t<\/div>\n\t\t<div class=\"elementor-element elementor-element-530725b e-flex e-con-boxed e-con e-parent\" data-id=\"530725b\" data-element_type=\"container\">\n\t\t\t\t\t<div class=\"e-con-inner\">\n\t\t\t\t<div class=\"elementor-element elementor-element-589933e elementor-widget elementor-widget-heading\" data-id=\"589933e\" data-element_type=\"widget\" data-widget_type=\"heading.default\">\n\t\t\t\t\t<h2 class=\"elementor-heading-title elementor-size-default\">Comment vous inscrire ?<\/h2>\t\t\t\t<\/div>\n\t\t\t\t<div class=\"elementor-element elementor-element-e69e2c0 elementor-widget elementor-widget-text-editor\" data-id=\"e69e2c0\" data-element_type=\"widget\" data-widget_type=\"text-editor.default\">\n\t\t\t\t\t\t\t\t\t<p><strong>La premi\u00e8re chose \u00e0 faire est de vous inscrire, via le site internet du <a href=\"https:\/\/www.jeunes.gouv.fr\/bafa-bafd\" target=\"_blank\" rel=\"noopener\">BAFA\/BAFD<\/a> , aupr\u00e8s Service D\u00e9partemental \u00e0 la Jeunesse, \u00e0 l\u2019Engagement et aux Sports de votre lieu de r\u00e9sidence (SDJES)<\/strong><br \/><strong>La seconde chose est de retirer un dossier d\u2019inscription dans nos locaux : 34 rue Marcel Dandre 62210 Avion.<\/strong><br \/><strong>Ou de le t\u00e9l\u00e9charger : <a href=\"https:\/\/association-enjeu.org\/site\/wp-content\/uploads\/2025\/01\/fiche-inscription-BAFA.pdf\">Fiche d\u2019inscription<\/a><\/strong><\/p><p><strong>Important : N\u2019oubliez pas de transmettre au Service D\u00e9partemental \u00e0 la Jeunesse, \u00e0 l\u2019Engagement et aux Sports de votre lieu de r\u00e9sidence (SDJES), en pi\u00e8ce jointe via votre espace personnel internet ou par courrier, une copie de votre pi\u00e8ce d\u2019identit\u00e9 recto\/verso (ex : carte d\u2019identit\u00e9, passeport\u2026). Dans le cas contraire, votre dossier ne pourra \u00eatre pr\u00e9sent\u00e9 au jury en fin de cursus.<\/strong><\/p>\t\t\t\t\t\t\t\t<\/div>\n\t\t\t\t\t<\/div>\n\t\t\t\t<\/div>\n\t\t<div class=\"elementor-element elementor-element-fe52f7a e-flex e-con-boxed e-con e-parent\" data-id=\"fe52f7a\" data-element_type=\"container\">\n\t\t\t\t\t<div class=\"e-con-inner\">\n\t\t\t\t<div class=\"elementor-element elementor-element-76fc73f elementor-widget elementor-widget-gallery\" data-id=\"76fc73f\" data-element_type=\"widget\" data-widget_type=\"gallery.default\">\n\t\t\t\t<div class=\"elementor-widget-container\">\n\t\t\t\t\t \t\t\t\t<\/div>\n\t\t\t\t<\/div>\n\t\t\t\t\t<\/div>\n\t\t\t\t<\/div>\n\t\t\t\t<\/div>\n\t\t","protected":false},"excerpt":{"rendered":"<p>Formation BAFA (Brevet d&rsquo;Aptitude aux Fonctions d&rsquo;Animateur) Le Brevet d\u2019Aptitude aux Fonctions d\u2019Animateur permet d\u2019encadrer \u00e0 titre non professionnel, de fa\u00e7on occasionnelle, des enfants et des adolescents en accueils collectifs de mineurs (plus g\u00e9n\u00e9ralement appel\u00e9s colo\/centres de vacances et centres de loisirs). Ces accueils ont vocation \u00e0 offrir aux enfants et aux jeunes des activit\u00e9s [&hellip;]<\/p>\n","protected":false},"author":2,"featured_media":0,"parent":275,"menu_order":0,"comment_status":"closed","ping_status":"closed","template":"","meta":{"footnotes":""},"class_list":["post-1108","page","type-page","status-publish","hentry","entry"],"_links":{"self":[{"href":"https:\/\/association-enjeu.org\/site\/wp-json\/wp\/v2\/pages\/1108","targetHints":{"allow":["GET"]}}],"collection":[{"href":"https:\/\/association-enjeu.org\/site\/wp-json\/wp\/v2\/pages"}],"about":[{"href":"https:\/\/association-enjeu.org\/site\/wp-json\/wp\/v2\/types\/page"}],"author":[{"embeddable":true,"href":"https:\/\/association-enjeu.org\/site\/wp-json\/wp\/v2\/users\/2"}],"replies":[{"embeddable":true,"href":"https:\/\/association-enjeu.org\/site\/wp-json\/wp\/v2\/comments?post=1108"}],"version-history":[{"count":16,"href":"https:\/\/association-enjeu.org\/site\/wp-json\/wp\/v2\/pages\/1108\/revisions"}],"predecessor-version":[{"id":1177,"href":"https:\/\/association-enjeu.org\/site\/wp-json\/wp\/v2\/pages\/1108\/revisions\/1177"}],"up":[{"embeddable":true,"href":"https:\/\/association-enjeu.org\/site\/wp-json\/wp\/v2\/pages\/275"}],"wp:attachment":[{"href":"https:\/\/association-enjeu.org\/site\/wp-json\/wp\/v2\/media?parent=1108"}],"curies":[{"name":"wp","href":"https:\/\/api.w.org\/{rel}","templated":true}]}}