{"id":1034,"date":"2025-10-10T14:55:06","date_gmt":"2025-10-10T12:55:06","guid":{"rendered":"https:\/\/association-enjeu.org\/site\/?page_id=1034"},"modified":"2025-10-10T16:50:48","modified_gmt":"2025-10-10T14:50:48","slug":"parcours-foramtion-bafa","status":"publish","type":"page","link":"https:\/\/association-enjeu.org\/site\/parcours-foramtion-bafa\/","title":{"rendered":"Parcours de formation BAFA"},"content":{"rendered":"\t\t<div data-elementor-type=\"wp-post\" data-elementor-id=\"1034\" class=\"elementor elementor-1034\">\n\t\t\t\t<div class=\"elementor-element elementor-element-ca959e6 e-flex e-con-boxed e-con e-parent\" data-id=\"ca959e6\" data-element_type=\"container\">\n\t\t\t\t\t<div class=\"e-con-inner\">\n\t\t\t\t<div class=\"elementor-element elementor-element-7997ed5 elementor-widget elementor-widget-heading\" data-id=\"7997ed5\" data-element_type=\"widget\" data-widget_type=\"heading.default\">\n\t\t\t\t\t<h2 class=\"elementor-heading-title elementor-size-default\">Parcours de formation BAFA<\/h2>\t\t\t\t<\/div>\n\t\t\t\t<div class=\"elementor-element elementor-element-c212b3a elementor-widget elementor-widget-image\" data-id=\"c212b3a\" data-element_type=\"widget\" data-widget_type=\"image.default\">\n\t\t\t\t\t\t\t\t\t\t\t\t\t\t\t<img fetchpriority=\"high\" decoding=\"async\" width=\"774\" height=\"215\" src=\"https:\/\/association-enjeu.org\/site\/wp-content\/uploads\/2025\/10\/schema-bafa-site.png\" class=\"attachment-large size-large wp-image-1082\" alt=\"\" srcset=\"https:\/\/association-enjeu.org\/site\/wp-content\/uploads\/2025\/10\/schema-bafa-site.png 774w, https:\/\/association-enjeu.org\/site\/wp-content\/uploads\/2025\/10\/schema-bafa-site-300x83.png 300w, https:\/\/association-enjeu.org\/site\/wp-content\/uploads\/2025\/10\/schema-bafa-site-768x213.png 768w\" sizes=\"(max-width: 774px) 100vw, 774px\" \/>\t\t\t\t\t\t\t\t\t\t\t\t\t\t\t<\/div>\n\t\t\t\t\t<\/div>\n\t\t\t\t<\/div>\n\t\t<div class=\"elementor-element elementor-element-36e0ed8 e-flex e-con-boxed e-con e-parent\" data-id=\"36e0ed8\" data-element_type=\"container\">\n\t\t\t\t\t<div class=\"e-con-inner\">\n\t\t\t\t<div class=\"elementor-element elementor-element-f28ec58 elementor-widget elementor-widget-text-editor\" data-id=\"f28ec58\" data-element_type=\"widget\" data-widget_type=\"text-editor.default\">\n\t\t\t\t\t\t\t\t\t<p><strong>Pour obtenir le BAFA, vous devez suivre deux sessions de formation th\u00e9orique et un stage pratique qui se d\u00e9roulent obligatoirement dans l\u2019ordre suivant\u00a0:<\/strong><\/p><div id=\"sconnect-is-installed\" style=\"display: none;\">2.15.1.0<\/div>\t\t\t\t\t\t\t\t<\/div>\n\t\t\t\t\t<\/div>\n\t\t\t\t<\/div>\n\t\t<div class=\"elementor-element elementor-element-efc508e e-flex e-con-boxed e-con e-parent\" data-id=\"efc508e\" data-element_type=\"container\">\n\t\t\t\t\t<div class=\"e-con-inner\">\n\t\t\t\t<div class=\"elementor-element elementor-element-953ca6d elementor-widget elementor-widget-text-editor\" data-id=\"953ca6d\" data-element_type=\"widget\" data-widget_type=\"text-editor.default\">\n\t\t\t\t\t\t\t\t\t<p>1. <span style=\"text-decoration: underline;\">Une session de formation g\u00e9n\u00e9rale<\/span>, qui vous permet d\u2019acqu\u00e9rir les notions de bases pour assurer les fonctions d\u2019animation (de 8 jours minimum)<br \/>Cette session se d\u00e9roule en continue<br \/>La validation de cette premi\u00e8re session vous permettra d\u2019obtenir la qualit\u00e9 d\u2019animateur stagiaire.<br \/>Il ne peut s\u2019\u00e9couler plus de 18 mois entre la fin de votre session de formation g\u00e9n\u00e9rale et le premier jour de votre stage pratique, sauf d\u00e9rogation accord\u00e9e, sur demande motiv\u00e9e effectu\u00e9e dans votre espace personnel internet.<\/p><div id=\"sconnect-is-installed\" style=\"display: none;\">2.15.1.0<\/div><div id=\"sconnect-is-installed\" style=\"display: none;\">2.15.1.0<\/div><div id=\"sconnect-is-installed\" style=\"display: none;\">2.15.1.0<\/div><div id=\"sconnect-is-installed\" style=\"display: none;\">2.15.1.0<\/div><div id=\"sconnect-is-installed\" style=\"display: none;\">2.15.1.0<\/div><div id=\"sconnect-is-installed\" style=\"display: none;\">2.15.1.0<\/div><div id=\"sconnect-is-installed\" style=\"display: none;\">2.15.1.0<\/div>\t\t\t\t\t\t\t\t<\/div>\n\t\t\t\t<div class=\"elementor-element elementor-element-c638e4e elementor-widget elementor-widget-text-editor\" data-id=\"c638e4e\" data-element_type=\"widget\" data-widget_type=\"text-editor.default\">\n\t\t\t\t\t\t\t\t\t<p>2. <span style=\"text-decoration: underline;\">Un stage pratique<\/span>, qui vous permet la mise en \u0153uvre des acquis et l\u2019exp\u00e9rimentation (14 jours effectifs minimum) : D\u2019une dur\u00e9e d\u2019au moins 14 jours effectifs, il se d\u00e9roule obligatoirement en s\u00e9jour de vacances, en accueil de loisirs, en accueil de jeunes ou en accueil de scoutisme r\u00e9guli\u00e8rement d\u00e9clar\u00e9. Il ne peut pas se d\u00e9rouler \u00e0 l\u2019\u00e9tranger. la dur\u00e9e du stage ne peut \u00eatre fractionn\u00e9e sur plus de deux s\u00e9jours.<\/p><div id=\"sconnect-is-installed\" style=\"display: none;\">2.15.1.0<\/div><div id=\"sconnect-is-installed\" style=\"display: none;\">2.15.1.0<\/div>\t\t\t\t\t\t\t\t<\/div>\n\t\t\t\t\t<\/div>\n\t\t\t\t<\/div>\n\t\t<div class=\"elementor-element elementor-element-5964406 e-flex e-con-boxed e-con e-parent\" data-id=\"5964406\" data-element_type=\"container\">\n\t\t\t\t\t<div class=\"e-con-inner\">\n\t\t\t\t<div class=\"elementor-element elementor-element-671246c elementor-widget elementor-widget-text-editor\" data-id=\"671246c\" data-element_type=\"widget\" data-widget_type=\"text-editor.default\">\n\t\t\t\t\t\t\t\t\t<p><em>La formation g\u00e9n\u00e9rale et le stage pratique doivent se d\u00e9rouler en France.<\/em><\/p><div id=\"sconnect-is-installed\" style=\"display: none;\">2.15.1.0<\/div><div id=\"sconnect-is-installed\" style=\"display: none;\">2.15.1.0<\/div>\t\t\t\t\t\t\t\t<\/div>\n\t\t\t\t\t<\/div>\n\t\t\t\t<\/div>\n\t\t<div class=\"elementor-element elementor-element-65a16c7 e-flex e-con-boxed e-con e-parent\" data-id=\"65a16c7\" data-element_type=\"container\">\n\t\t\t\t\t<div class=\"e-con-inner\">\n\t\t\t\t<div class=\"elementor-element elementor-element-0b834e8 elementor-widget elementor-widget-text-editor\" data-id=\"0b834e8\" data-element_type=\"widget\" data-widget_type=\"text-editor.default\">\n\t\t\t\t\t\t\t\t\t<p>3. <span style=\"text-decoration: underline;\">Une session d\u2019approfondissement<\/span> (de 6 jours mini\u00admum) ou de qualification (de 8 jours minimum) qui vous permet d\u2019approfondir, de compl\u00e9ter, d\u2019analyser vos acquis et besoins de formation.<\/p><p>Vous avez le choix entre deux types de sessions :<\/p><p>=&gt; une session d\u2019approfondissement, d\u2019une dur\u00e9e d\u2019au moins 6 jours, qui vous permet d\u2019approfondir vos aptitudes \u00e0 exercer les fonctions d\u2019animateur et qui se d\u00e9roule en continu ou en discontinu en deux parties au plus sur une p\u00e9riode n\u2019exc\u00e9dant pas deux mois.<\/p><p>Ou<br \/>=&gt; une session de qualification, d\u2019une dur\u00e9e d\u2019au moins 8 jours, qui vous permet d\u2019acqu\u00e9rir des comp\u00e9tences dans un domaine sp\u00e9cialis\u00e9 : voile, cano\u00eb-kayak, activit\u00e9s de loisirs motocycliste, surveillance de baignade.<br \/>Avec cette qualification l\u2019animateur dispose de pr\u00e9rogatives sp\u00e9cifiques pour encadrer l\u2019activit\u00e9 dans un accueil collectif de mineurs.<\/p><div id=\"sconnect-is-installed\" style=\"display: none;\">2.15.1.0<\/div><div id=\"sconnect-is-installed\" style=\"display: none;\">2.15.1.0<\/div><div id=\"sconnect-is-installed\" style=\"display: none;\">2.15.1.0<\/div><div id=\"sconnect-is-installed\" style=\"display: none;\">2.15.1.0<\/div>\t\t\t\t\t\t\t\t<\/div>\n\t\t\t\t\t<\/div>\n\t\t\t\t<\/div>\n\t\t<div class=\"elementor-element elementor-element-bb2352c e-flex e-con-boxed e-con e-parent\" data-id=\"bb2352c\" data-element_type=\"container\">\n\t\t\t\t\t<div class=\"e-con-inner\">\n\t\t\t\t<div class=\"elementor-element elementor-element-e76de76 elementor-widget elementor-widget-text-editor\" data-id=\"e76de76\" data-element_type=\"widget\" data-widget_type=\"text-editor.default\">\n\t\t\t\t\t\t\t\t\t<p><em>La dur\u00e9e totale de la formation ne peut exc\u00e9der 30 mois sous peine de perdre le b\u00e9n\u00e9fice des \u00e9l\u00e9ments d\u00e9j\u00e0 acquis.<\/em><\/p><p><em>Le directeur d\u00e9partemental Service D\u00e9partemental \u00e0 la Jeunesse, \u00e0 l\u2019Engagement et aux Sports de votre lieu de r\u00e9sidence (SDJES) de votre lieu de r\u00e9sidence peut toutefois vous accorder une prorogation de 12 mois maximum sur demande motiv\u00e9e de votre part effectu\u00e9e dans votre espace personnel internet.<\/em><\/p><div id=\"sconnect-is-installed\" style=\"display: none;\">2.15.1.0<\/div><div id=\"sconnect-is-installed\" style=\"display: none;\">2.15.1.0<\/div>\t\t\t\t\t\t\t\t<\/div>\n\t\t\t\t<div class=\"elementor-element elementor-element-4d46b4e elementor-widget elementor-widget-text-editor\" data-id=\"4d46b4e\" data-element_type=\"widget\" data-widget_type=\"text-editor.default\">\n\t\t\t\t\t\t\t\t\t<p><em>Vous ne pouvez pas effectuer votre stage pratique, si vous \u00eates sous le coup d\u2019une :<\/em><br \/><em>\u2022 incapacit\u00e9 p\u00e9nale d\u2019exercer aupr\u00e8s de mineurs list\u00e9e par l\u2019article L. 133-6 du code de l\u2019action sociale et des familles.<\/em><br \/><em>\u2022 mesure administrative d\u2019interdiction ou de suspension d\u2019exercer aupr\u00e8s des mineurs prononc\u00e9e par le pr\u00e9fet.<\/em><\/p><div id=\"sconnect-is-installed\" style=\"display: none;\">2.15.1.0<\/div><div id=\"sconnect-is-installed\" style=\"display: none;\">2.15.1.0<\/div><div id=\"sconnect-is-installed\" style=\"display: none;\">2.15.1.0<\/div><div id=\"sconnect-is-installed\" style=\"display: none;\">2.15.1.0<\/div>\t\t\t\t\t\t\t\t<\/div>\n\t\t\t\t\t<\/div>\n\t\t\t\t<\/div>\n\t\t<div class=\"elementor-element elementor-element-cc1dacb e-flex e-con-boxed e-con e-parent\" data-id=\"cc1dacb\" data-element_type=\"container\">\n\t\t\t\t\t<div class=\"e-con-inner\">\n\t\t\t\t\t<\/div>\n\t\t\t\t<\/div>\n\t\t<div class=\"elementor-element elementor-element-ce34ab5 e-flex e-con-boxed e-con e-parent\" data-id=\"ce34ab5\" data-element_type=\"container\">\n\t\t\t\t\t<div class=\"e-con-inner\">\n\t\t\t\t<div class=\"elementor-element elementor-element-5103f25 elementor-widget elementor-widget-image\" data-id=\"5103f25\" data-element_type=\"widget\" data-widget_type=\"image.default\">\n\t\t\t\t\t\t\t\t\t\t\t\t\t\t\t<img decoding=\"async\" width=\"203\" height=\"159\" src=\"https:\/\/association-enjeu.org\/site\/wp-content\/uploads\/2025\/01\/logo-ddcs-1.png\" class=\"attachment-large size-large wp-image-327\" alt=\"\" \/>\t\t\t\t\t\t\t\t\t\t\t\t\t\t\t<\/div>\n\t\t\t\t\t<\/div>\n\t\t\t\t<\/div>\n\t\t\t\t<\/div>\n\t\t","protected":false},"excerpt":{"rendered":"<p>Parcours de formation BAFA Pour obtenir le BAFA, vous devez suivre deux sessions de formation th\u00e9orique et un stage pratique qui se d\u00e9roulent obligatoirement dans l\u2019ordre suivant\u00a0: 2.15.1.0 1. Une session de formation g\u00e9n\u00e9rale, qui vous permet d\u2019acqu\u00e9rir les notions de bases pour assurer les fonctions d\u2019animation (de 8 jours minimum)Cette session se d\u00e9roule en [&hellip;]<\/p>\n","protected":false},"author":2,"featured_media":0,"parent":0,"menu_order":0,"comment_status":"closed","ping_status":"closed","template":"","meta":{"footnotes":""},"class_list":["post-1034","page","type-page","status-publish","hentry","entry"],"_links":{"self":[{"href":"https:\/\/association-enjeu.org\/site\/wp-json\/wp\/v2\/pages\/1034","targetHints":{"allow":["GET"]}}],"collection":[{"href":"https:\/\/association-enjeu.org\/site\/wp-json\/wp\/v2\/pages"}],"about":[{"href":"https:\/\/association-enjeu.org\/site\/wp-json\/wp\/v2\/types\/page"}],"author":[{"embeddable":true,"href":"https:\/\/association-enjeu.org\/site\/wp-json\/wp\/v2\/users\/2"}],"replies":[{"embeddable":true,"href":"https:\/\/association-enjeu.org\/site\/wp-json\/wp\/v2\/comments?post=1034"}],"version-history":[{"count":22,"href":"https:\/\/association-enjeu.org\/site\/wp-json\/wp\/v2\/pages\/1034\/revisions"}],"predecessor-version":[{"id":1095,"href":"https:\/\/association-enjeu.org\/site\/wp-json\/wp\/v2\/pages\/1034\/revisions\/1095"}],"wp:attachment":[{"href":"https:\/\/association-enjeu.org\/site\/wp-json\/wp\/v2\/media?parent=1034"}],"curies":[{"name":"wp","href":"https:\/\/api.w.org\/{rel}","templated":true}]}}